{"id":1552,"date":"2015-02-04T06:31:31","date_gmt":"2015-02-04T06:31:31","guid":{"rendered":"http:\/\/folegandros-villas.com\/?page_id=1552"},"modified":"2016-12-17T22:13:29","modified_gmt":"2016-12-17T22:13:29","slug":"sobre-la-propiedad","status":"publish","type":"page","link":"https:\/\/folegandros-villas.com\/fullscreen\/home\/es\/sobre-la-propiedad\/","title":{"rendered":"SOBRE LA PROPIEDAD"},"content":{"rendered":"<p>Las villas, construidas respetando el paisaje y la inmensidad del mar, est\u00e1n situadas en un lugar de los m\u00e1s estrat\u00e9gicos de la isla. Localizadas con respeto al medio ambiente y integrando la sencillez de la arquitectura cicl\u00e1dica, ofrecen todos los servicios de la calidad que un residente bioclim\u00e1tico y moderno puede ofrecer a sus visitantes.<\/p>\n<p>Las villas ofrecen a los turistas el calor y la hospitalidad que las islas de Ciclades generosamente ofrecen durante los siglos. Son construidas con materiales que fueron usados en las habitaciones tradicionales como piedra escultural y madera del casta\u00f1o, en combinaci\u00f3n con un hecho a mano cemento.<\/p>\n<p>A la tierra de la propiedad, que ha sido uno de los mejores vi\u00f1edos de la isla con su mismo microclima gracias al ese sitio especial, le hemos tratado con amor y durante la construcci\u00f3n de los habitaciones estuvimos muy cuidados para no perder las semillas y la composici\u00f3n especial de la tierra. Cada una piedra escultural de las terrazas precedentes de la propiedad fue recolectada respetando los constructores de los tiempos pasados y fue situada de nuevo en el lugar apropiado. Cada construcci\u00f3n y cada objeto en la propiedad est\u00e1 de acuerdo con la manera de vida de los maravillosos y generosos habitantes cicl\u00e1dicos del pasado.<\/p>\n","protected":false},"excerpt":{"rendered":"<p>Las villas, construidas respetando el paisaje y la inmensidad del mar, est\u00e1n situadas en un lugar de los m\u00e1s estrat\u00e9gicos de la isla. Localizadas con respeto al medio ambiente y integrando la sencillez de la arquitectura cicl\u00e1dica, ofrecen todos los servicios de la calidad que un residente bioclim\u00e1tico y moderno puede ofrecer a sus visitantes. Las villas ofrecen a los turistas el calor y la hospitalidad que las islas de Ciclades generosamente ofrecen durante los siglos. Son construidas con materiales [&hellip;]<\/p>\n","protected":false},"author":1,"featured_media":0,"parent":0,"menu_order":0,"comment_status":"open","ping_status":"open","template":"","meta":{"footnotes":""},"class_list":["post-1552","page","type-page","status-publish","hentry"],"yoast_head":"<!-- This site is optimized with the Yoast SEO plugin v27.4 - https:\/\/yoast.com\/product\/yoast-seo-wordpress\/ -->\n<title>SOBRE LA PROPIEDAD - Folegandros Villas - Cyclades Greece - Luxurious Beachfront Villas - Residences<\/title>\n<meta name=\"robots\" content=\"index, follow, max-snippet:-1, max-image-preview:large, max-video-preview:-1\" \/>\n<link rel=\"canonical\" href=\"https:\/\/folegandros-villas.com\/fullscreen\/home\/es\/sobre-la-propiedad\/\" \/>\n<meta property=\"og:locale\" content=\"en_US\" \/>\n<meta property=\"og:type\" content=\"article\" \/>\n<meta property=\"og:title\" content=\"SOBRE LA PROPIEDAD - Folegandros Villas - Cyclades Greece - Luxurious Beachfront Villas - Residences\" \/>\n<meta property=\"og:description\" content=\"Las villas, construidas respetando el paisaje y la inmensidad del mar, est\u00e1n situadas en un lugar de los m\u00e1s estrat\u00e9gicos de la isla. Localizadas con respeto al medio ambiente y integrando la sencillez de la arquitectura cicl\u00e1dica, ofrecen todos los servicios de la calidad que un residente bioclim\u00e1tico y moderno puede ofrecer a sus visitantes. Las villas ofrecen a los turistas el calor y la hospitalidad que las islas de Ciclades generosamente ofrecen durante los siglos. Son construidas con materiales [&hellip;]\" \/>\n<meta property=\"og:url\" content=\"https:\/\/folegandros-villas.com\/fullscreen\/home\/es\/sobre-la-propiedad\/\" \/>\n<meta property=\"og:site_name\" content=\"Folegandros Villas - Cyclades Greece - Luxurious Beachfront Villas - Residences\" \/>\n<meta property=\"article:modified_time\" content=\"2016-12-17T22:13:29+00:00\" \/>\n<meta name=\"twitter:label1\" content=\"Est. reading time\" \/>\n\t<meta name=\"twitter:data1\" content=\"1 minute\" \/>\n<script type=\"application\/ld+json\" class=\"yoast-schema-graph\">{\"@context\":\"https:\\\/\\\/schema.org\",\"@graph\":[{\"@type\":\"WebPage\",\"@id\":\"https:\\\/\\\/folegandros-villas.com\\\/fullscreen\\\/home\\\/es\\\/sobre-la-propiedad\\\/\",\"url\":\"https:\\\/\\\/folegandros-villas.com\\\/fullscreen\\\/home\\\/es\\\/sobre-la-propiedad\\\/\",\"name\":\"SOBRE LA PROPIEDAD - Folegandros Villas - Cyclades Greece - Luxurious Beachfront Villas - Residences\",\"isPartOf\":{\"@id\":\"https:\\\/\\\/folegandros-villas.com\\\/fullscreen\\\/home\\\/#website\"},\"datePublished\":\"2015-02-04T06:31:31+00:00\",\"dateModified\":\"2016-12-17T22:13:29+00:00\",\"breadcrumb\":{\"@id\":\"https:\\\/\\\/folegandros-villas.com\\\/fullscreen\\\/home\\\/es\\\/sobre-la-propiedad\\\/#breadcrumb\"},\"inLanguage\":\"en-US\",\"potentialAction\":[{\"@type\":\"ReadAction\",\"target\":[\"https:\\\/\\\/folegandros-villas.com\\\/fullscreen\\\/home\\\/es\\\/sobre-la-propiedad\\\/\"]}]},{\"@type\":\"BreadcrumbList\",\"@id\":\"https:\\\/\\\/folegandros-villas.com\\\/fullscreen\\\/home\\\/es\\\/sobre-la-propiedad\\\/#breadcrumb\",\"itemListElement\":[{\"@type\":\"ListItem\",\"position\":1,\"name\":\"Home\",\"item\":\"https:\\\/\\\/folegandros-villas.com\\\/fullscreen\\\/home\\\/el\\\/homepage\\\/\"},{\"@type\":\"ListItem\",\"position\":2,\"name\":\"SOBRE LA PROPIEDAD\"}]},{\"@type\":\"WebSite\",\"@id\":\"https:\\\/\\\/folegandros-villas.com\\\/fullscreen\\\/home\\\/#website\",\"url\":\"https:\\\/\\\/folegandros-villas.com\\\/fullscreen\\\/home\\\/\",\"name\":\"Folegandros Villas - Cyclades Greece - Luxurious Beachfront Villas - Residences\",\"description\":\"Folegandros Villas - Cyclades Greece - Luxurious Beachfront Villas - Residences\",\"potentialAction\":[{\"@type\":\"SearchAction\",\"target\":{\"@type\":\"EntryPoint\",\"urlTemplate\":\"https:\\\/\\\/folegandros-villas.com\\\/fullscreen\\\/home\\\/?s={search_term_string}\"},\"query-input\":{\"@type\":\"PropertyValueSpecification\",\"valueRequired\":true,\"valueName\":\"search_term_string\"}}],\"inLanguage\":\"en-US\"}]}<\/script>\n<!-- \/ Yoast SEO plugin. -->","yoast_head_json":{"title":"SOBRE LA PROPIEDAD - Folegandros Villas - Cyclades Greece - Luxurious Beachfront Villas - Residences","robots":{"index":"index","follow":"follow","max-snippet":"max-snippet:-1","max-image-preview":"max-image-preview:large","max-video-preview":"max-video-preview:-1"},"canonical":"https:\/\/folegandros-villas.com\/fullscreen\/home\/es\/sobre-la-propiedad\/","og_locale":"en_US","og_type":"article","og_title":"SOBRE LA PROPIEDAD - Folegandros Villas - Cyclades Greece - Luxurious Beachfront Villas - Residences","og_description":"Las villas, construidas respetando el paisaje y la inmensidad del mar, est\u00e1n situadas en un lugar de los m\u00e1s estrat\u00e9gicos de la isla. Localizadas con respeto al medio ambiente y integrando la sencillez de la arquitectura cicl\u00e1dica, ofrecen todos los servicios de la calidad que un residente bioclim\u00e1tico y moderno puede ofrecer a sus visitantes. Las villas ofrecen a los turistas el calor y la hospitalidad que las islas de Ciclades generosamente ofrecen durante los siglos. Son construidas con materiales [&hellip;]","og_url":"https:\/\/folegandros-villas.com\/fullscreen\/home\/es\/sobre-la-propiedad\/","og_site_name":"Folegandros Villas - Cyclades Greece - Luxurious Beachfront Villas - Residences","article_modified_time":"2016-12-17T22:13:29+00:00","twitter_misc":{"Est. reading time":"1 minute"},"schema":{"@context":"https:\/\/schema.org","@graph":[{"@type":"WebPage","@id":"https:\/\/folegandros-villas.com\/fullscreen\/home\/es\/sobre-la-propiedad\/","url":"https:\/\/folegandros-villas.com\/fullscreen\/home\/es\/sobre-la-propiedad\/","name":"SOBRE LA PROPIEDAD - Folegandros Villas - Cyclades Greece - Luxurious Beachfront Villas - Residences","isPartOf":{"@id":"https:\/\/folegandros-villas.com\/fullscreen\/home\/#website"},"datePublished":"2015-02-04T06:31:31+00:00","dateModified":"2016-12-17T22:13:29+00:00","breadcrumb":{"@id":"https:\/\/folegandros-villas.com\/fullscreen\/home\/es\/sobre-la-propiedad\/#breadcrumb"},"inLanguage":"en-US","potentialAction":[{"@type":"ReadAction","target":["https:\/\/folegandros-villas.com\/fullscreen\/home\/es\/sobre-la-propiedad\/"]}]},{"@type":"BreadcrumbList","@id":"https:\/\/folegandros-villas.com\/fullscreen\/home\/es\/sobre-la-propiedad\/#breadcrumb","itemListElement":[{"@type":"ListItem","position":1,"name":"Home","item":"https:\/\/folegandros-villas.com\/fullscreen\/home\/el\/homepage\/"},{"@type":"ListItem","position":2,"name":"SOBRE LA PROPIEDAD"}]},{"@type":"WebSite","@id":"https:\/\/folegandros-villas.com\/fullscreen\/home\/#website","url":"https:\/\/folegandros-villas.com\/fullscreen\/home\/","name":"Folegandros Villas - Cyclades Greece - Luxurious Beachfront Villas - Residences","description":"Folegandros Villas - Cyclades Greece - Luxurious Beachfront Villas - Residences","potentialAction":[{"@type":"SearchAction","target":{"@type":"EntryPoint","urlTemplate":"https:\/\/folegandros-villas.com\/fullscreen\/home\/?s={search_term_string}"},"query-input":{"@type":"PropertyValueSpecification","valueRequired":true,"valueName":"search_term_string"}}],"inLanguage":"en-US"}]}},"_links":{"self":[{"href":"https:\/\/folegandros-villas.com\/fullscreen\/home\/wp-json\/wp\/v2\/pages\/1552","targetHints":{"allow":["GET"]}}],"collection":[{"href":"https:\/\/folegandros-villas.com\/fullscreen\/home\/wp-json\/wp\/v2\/pages"}],"about":[{"href":"https:\/\/folegandros-villas.com\/fullscreen\/home\/wp-json\/wp\/v2\/types\/page"}],"author":[{"embeddable":true,"href":"https:\/\/folegandros-villas.com\/fullscreen\/home\/wp-json\/wp\/v2\/users\/1"}],"replies":[{"embeddable":true,"href":"https:\/\/folegandros-villas.com\/fullscreen\/home\/wp-json\/wp\/v2\/comments?post=1552"}],"version-history":[{"count":3,"href":"https:\/\/folegandros-villas.com\/fullscreen\/home\/wp-json\/wp\/v2\/pages\/1552\/revisions"}],"predecessor-version":[{"id":2829,"href":"https:\/\/folegandros-villas.com\/fullscreen\/home\/wp-json\/wp\/v2\/pages\/1552\/revisions\/2829"}],"wp:attachment":[{"href":"https:\/\/folegandros-villas.com\/fullscreen\/home\/wp-json\/wp\/v2\/media?parent=1552"}],"curies":[{"name":"wp","href":"https:\/\/api.w.org\/{rel}","templated":true}]}}