{"id":1668,"date":"2015-02-04T12:18:42","date_gmt":"2015-02-04T12:18:42","guid":{"rendered":"http:\/\/folegandros-villas.com\/?page_id=1668"},"modified":"2015-04-07T14:25:13","modified_gmt":"2015-04-07T14:25:13","slug":"submarinismo-y-uw-filming-fotografia","status":"publish","type":"page","link":"https:\/\/folegandros-villas.com\/fullscreen\/home\/es\/submarinismo-y-uw-filming-fotografia\/","title":{"rendered":"FREE DIVING &#038; U\/W  PHOTOGRAPHY"},"content":{"rendered":"<p>Una experiencia que combina exploraci\u00f3n, diversi\u00f3n y arte. D\u00e9jenos mostrarle el mundo submarino y de modo que las maravillosas im\u00e1genes que vean las puedan inmortalizar y las conserven incluso cuando vuelvan a casa. En colaboraci\u00f3n con la compa\u00f1\u00eda de submarinismo documental <strong>UNDERWATERXPERTS<\/strong> y con el diving centro <strong>SEA-U<\/strong> , visitaremos lugares maravillosos cerca de la playa. Con el equipo necesario ( m\u00e1scara, snorquel, traje isot\u00e9rmico y aletas) con una c\u00e1mara submarina, bucearemos por el fondo marino, admir\u00e1ndolo, film\u00e1ndolo y fotografi\u00e1ndolo, bajo la supervisi\u00f3n del PADI instructor.<\/p>\n<p>Requisitos indispensables: no experiencia previa. El programa es para todas las edades.<\/p>\n<p>Para informaciones y reservas, por favor llame +30 6942688311 o +30 22860 41598 o use nuestra ficha de contacto.<\/p>\n","protected":false},"excerpt":{"rendered":"<p>Una experiencia que combina exploraci\u00f3n, diversi\u00f3n y arte. D\u00e9jenos mostrarle el mundo submarino y de modo que las maravillosas im\u00e1genes que vean las puedan inmortalizar y las conserven incluso cuando vuelvan a casa. En colaboraci\u00f3n con la compa\u00f1\u00eda de submarinismo documental UNDERWATERXPERTS y con el diving centro SEA-U , visitaremos lugares maravillosos cerca de la playa. Con el equipo necesario ( m\u00e1scara, snorquel, traje isot\u00e9rmico y aletas) con una c\u00e1mara submarina, bucearemos por el fondo marino, admir\u00e1ndolo, film\u00e1ndolo y fotografi\u00e1ndolo, [&hellip;]<\/p>\n","protected":false},"author":1,"featured_media":0,"parent":0,"menu_order":0,"comment_status":"open","ping_status":"open","template":"","meta":{"footnotes":""},"class_list":["post-1668","page","type-page","status-publish","hentry"],"yoast_head":"<!-- This site is optimized with the Yoast SEO plugin v27.4 - https:\/\/yoast.com\/product\/yoast-seo-wordpress\/ -->\n<title>FREE DIVING &amp; U\/W PHOTOGRAPHY - Folegandros Villas - Cyclades Greece - Luxurious Beachfront Villas - Residences<\/title>\n<meta name=\"robots\" content=\"index, follow, max-snippet:-1, max-image-preview:large, max-video-preview:-1\" \/>\n<link rel=\"canonical\" href=\"https:\/\/folegandros-villas.com\/fullscreen\/home\/es\/submarinismo-y-uw-filming-fotografia\/\" \/>\n<meta property=\"og:locale\" content=\"en_US\" \/>\n<meta property=\"og:type\" content=\"article\" \/>\n<meta property=\"og:title\" content=\"FREE DIVING &amp; U\/W PHOTOGRAPHY - Folegandros Villas - Cyclades Greece - Luxurious Beachfront Villas - Residences\" \/>\n<meta property=\"og:description\" content=\"Una experiencia que combina exploraci\u00f3n, diversi\u00f3n y arte. D\u00e9jenos mostrarle el mundo submarino y de modo que las maravillosas im\u00e1genes que vean las puedan inmortalizar y las conserven incluso cuando vuelvan a casa. En colaboraci\u00f3n con la compa\u00f1\u00eda de submarinismo documental UNDERWATERXPERTS y con el diving centro SEA-U , visitaremos lugares maravillosos cerca de la playa. Con el equipo necesario ( m\u00e1scara, snorquel, traje isot\u00e9rmico y aletas) con una c\u00e1mara submarina, bucearemos por el fondo marino, admir\u00e1ndolo, film\u00e1ndolo y fotografi\u00e1ndolo, [&hellip;]\" \/>\n<meta property=\"og:url\" content=\"https:\/\/folegandros-villas.com\/fullscreen\/home\/es\/submarinismo-y-uw-filming-fotografia\/\" \/>\n<meta property=\"og:site_name\" content=\"Folegandros Villas - Cyclades Greece - Luxurious Beachfront Villas - Residences\" \/>\n<meta property=\"article:modified_time\" content=\"2015-04-07T14:25:13+00:00\" \/>\n<meta name=\"twitter:label1\" content=\"Est. reading time\" \/>\n\t<meta name=\"twitter:data1\" content=\"1 minute\" \/>\n<script type=\"application\/ld+json\" class=\"yoast-schema-graph\">{\"@context\":\"https:\\\/\\\/schema.org\",\"@graph\":[{\"@type\":\"WebPage\",\"@id\":\"https:\\\/\\\/folegandros-villas.com\\\/fullscreen\\\/home\\\/es\\\/submarinismo-y-uw-filming-fotografia\\\/\",\"url\":\"https:\\\/\\\/folegandros-villas.com\\\/fullscreen\\\/home\\\/es\\\/submarinismo-y-uw-filming-fotografia\\\/\",\"name\":\"FREE DIVING & U\\\/W PHOTOGRAPHY - Folegandros Villas - Cyclades Greece - Luxurious Beachfront Villas - Residences\",\"isPartOf\":{\"@id\":\"https:\\\/\\\/folegandros-villas.com\\\/fullscreen\\\/home\\\/#website\"},\"datePublished\":\"2015-02-04T12:18:42+00:00\",\"dateModified\":\"2015-04-07T14:25:13+00:00\",\"breadcrumb\":{\"@id\":\"https:\\\/\\\/folegandros-villas.com\\\/fullscreen\\\/home\\\/es\\\/submarinismo-y-uw-filming-fotografia\\\/#breadcrumb\"},\"inLanguage\":\"en-US\",\"potentialAction\":[{\"@type\":\"ReadAction\",\"target\":[\"https:\\\/\\\/folegandros-villas.com\\\/fullscreen\\\/home\\\/es\\\/submarinismo-y-uw-filming-fotografia\\\/\"]}]},{\"@type\":\"BreadcrumbList\",\"@id\":\"https:\\\/\\\/folegandros-villas.com\\\/fullscreen\\\/home\\\/es\\\/submarinismo-y-uw-filming-fotografia\\\/#breadcrumb\",\"itemListElement\":[{\"@type\":\"ListItem\",\"position\":1,\"name\":\"Home\",\"item\":\"https:\\\/\\\/folegandros-villas.com\\\/fullscreen\\\/home\\\/el\\\/homepage\\\/\"},{\"@type\":\"ListItem\",\"position\":2,\"name\":\"FREE DIVING &#038; U\\\/W PHOTOGRAPHY\"}]},{\"@type\":\"WebSite\",\"@id\":\"https:\\\/\\\/folegandros-villas.com\\\/fullscreen\\\/home\\\/#website\",\"url\":\"https:\\\/\\\/folegandros-villas.com\\\/fullscreen\\\/home\\\/\",\"name\":\"Folegandros Villas - Cyclades Greece - Luxurious Beachfront Villas - Residences\",\"description\":\"Folegandros Villas - Cyclades Greece - Luxurious Beachfront Villas - Residences\",\"potentialAction\":[{\"@type\":\"SearchAction\",\"target\":{\"@type\":\"EntryPoint\",\"urlTemplate\":\"https:\\\/\\\/folegandros-villas.com\\\/fullscreen\\\/home\\\/?s={search_term_string}\"},\"query-input\":{\"@type\":\"PropertyValueSpecification\",\"valueRequired\":true,\"valueName\":\"search_term_string\"}}],\"inLanguage\":\"en-US\"}]}<\/script>\n<!-- \/ Yoast SEO plugin. -->","yoast_head_json":{"title":"FREE DIVING & U\/W PHOTOGRAPHY - Folegandros Villas - Cyclades Greece - Luxurious Beachfront Villas - Residences","robots":{"index":"index","follow":"follow","max-snippet":"max-snippet:-1","max-image-preview":"max-image-preview:large","max-video-preview":"max-video-preview:-1"},"canonical":"https:\/\/folegandros-villas.com\/fullscreen\/home\/es\/submarinismo-y-uw-filming-fotografia\/","og_locale":"en_US","og_type":"article","og_title":"FREE DIVING & U\/W PHOTOGRAPHY - Folegandros Villas - Cyclades Greece - Luxurious Beachfront Villas - Residences","og_description":"Una experiencia que combina exploraci\u00f3n, diversi\u00f3n y arte. D\u00e9jenos mostrarle el mundo submarino y de modo que las maravillosas im\u00e1genes que vean las puedan inmortalizar y las conserven incluso cuando vuelvan a casa. En colaboraci\u00f3n con la compa\u00f1\u00eda de submarinismo documental UNDERWATERXPERTS y con el diving centro SEA-U , visitaremos lugares maravillosos cerca de la playa. Con el equipo necesario ( m\u00e1scara, snorquel, traje isot\u00e9rmico y aletas) con una c\u00e1mara submarina, bucearemos por el fondo marino, admir\u00e1ndolo, film\u00e1ndolo y fotografi\u00e1ndolo, [&hellip;]","og_url":"https:\/\/folegandros-villas.com\/fullscreen\/home\/es\/submarinismo-y-uw-filming-fotografia\/","og_site_name":"Folegandros Villas - Cyclades Greece - Luxurious Beachfront Villas - Residences","article_modified_time":"2015-04-07T14:25:13+00:00","twitter_misc":{"Est. reading time":"1 minute"},"schema":{"@context":"https:\/\/schema.org","@graph":[{"@type":"WebPage","@id":"https:\/\/folegandros-villas.com\/fullscreen\/home\/es\/submarinismo-y-uw-filming-fotografia\/","url":"https:\/\/folegandros-villas.com\/fullscreen\/home\/es\/submarinismo-y-uw-filming-fotografia\/","name":"FREE DIVING & U\/W PHOTOGRAPHY - Folegandros Villas - Cyclades Greece - Luxurious Beachfront Villas - Residences","isPartOf":{"@id":"https:\/\/folegandros-villas.com\/fullscreen\/home\/#website"},"datePublished":"2015-02-04T12:18:42+00:00","dateModified":"2015-04-07T14:25:13+00:00","breadcrumb":{"@id":"https:\/\/folegandros-villas.com\/fullscreen\/home\/es\/submarinismo-y-uw-filming-fotografia\/#breadcrumb"},"inLanguage":"en-US","potentialAction":[{"@type":"ReadAction","target":["https:\/\/folegandros-villas.com\/fullscreen\/home\/es\/submarinismo-y-uw-filming-fotografia\/"]}]},{"@type":"BreadcrumbList","@id":"https:\/\/folegandros-villas.com\/fullscreen\/home\/es\/submarinismo-y-uw-filming-fotografia\/#breadcrumb","itemListElement":[{"@type":"ListItem","position":1,"name":"Home","item":"https:\/\/folegandros-villas.com\/fullscreen\/home\/el\/homepage\/"},{"@type":"ListItem","position":2,"name":"FREE DIVING &#038; U\/W PHOTOGRAPHY"}]},{"@type":"WebSite","@id":"https:\/\/folegandros-villas.com\/fullscreen\/home\/#website","url":"https:\/\/folegandros-villas.com\/fullscreen\/home\/","name":"Folegandros Villas - Cyclades Greece - Luxurious Beachfront Villas - Residences","description":"Folegandros Villas - Cyclades Greece - Luxurious Beachfront Villas - Residences","potentialAction":[{"@type":"SearchAction","target":{"@type":"EntryPoint","urlTemplate":"https:\/\/folegandros-villas.com\/fullscreen\/home\/?s={search_term_string}"},"query-input":{"@type":"PropertyValueSpecification","valueRequired":true,"valueName":"search_term_string"}}],"inLanguage":"en-US"}]}},"_links":{"self":[{"href":"https:\/\/folegandros-villas.com\/fullscreen\/home\/wp-json\/wp\/v2\/pages\/1668","targetHints":{"allow":["GET"]}}],"collection":[{"href":"https:\/\/folegandros-villas.com\/fullscreen\/home\/wp-json\/wp\/v2\/pages"}],"about":[{"href":"https:\/\/folegandros-villas.com\/fullscreen\/home\/wp-json\/wp\/v2\/types\/page"}],"author":[{"embeddable":true,"href":"https:\/\/folegandros-villas.com\/fullscreen\/home\/wp-json\/wp\/v2\/users\/1"}],"replies":[{"embeddable":true,"href":"https:\/\/folegandros-villas.com\/fullscreen\/home\/wp-json\/wp\/v2\/comments?post=1668"}],"version-history":[{"count":4,"href":"https:\/\/folegandros-villas.com\/fullscreen\/home\/wp-json\/wp\/v2\/pages\/1668\/revisions"}],"predecessor-version":[{"id":1741,"href":"https:\/\/folegandros-villas.com\/fullscreen\/home\/wp-json\/wp\/v2\/pages\/1668\/revisions\/1741"}],"wp:attachment":[{"href":"https:\/\/folegandros-villas.com\/fullscreen\/home\/wp-json\/wp\/v2\/media?parent=1668"}],"curies":[{"name":"wp","href":"https:\/\/api.w.org\/{rel}","templated":true}]}}