{"id":1677,"date":"2015-02-04T12:28:29","date_gmt":"2015-02-04T12:28:29","guid":{"rendered":"http:\/\/folegandros-villas.com\/?page_id=1677"},"modified":"2015-02-04T12:28:47","modified_gmt":"2015-02-04T12:28:47","slug":"blue-water-reef-spearfishing-sp","status":"publish","type":"page","link":"https:\/\/folegandros-villas.com\/fullscreen\/home\/es\/blue-water-reef-spearfishing-sp\/","title":{"rendered":"BLUE WATER &#038; REEF SPEARFISHING"},"content":{"rendered":"<p>Una experiencia que combina exploraci\u00f3n, diversi\u00f3n y pesca submarina. Conf\u00ede en nosotros para llevarlos al mundo submarino de Folegandros y de las islas de los alrededores pero tambi\u00e9n por el azul del Egeo. Con la colaboraci\u00f3n de la compa\u00f1\u00eda de documentales submarinos UNDERWATERXPERTS y con el centro diving SEA-U, podemos visitar pasajes secretos del mar y maravillosos arrefices submarinos.<\/p>\n<p>Requisitas indispensables: no experiencia previa. El programa es para todas las edades.<\/p>\n<p>Para informaciones y reservas, por favor llame +30 6942688311 o +30 22860 41598 o use nuestra ficha de contacto.<\/p>\n","protected":false},"excerpt":{"rendered":"<p>Una experiencia que combina exploraci\u00f3n, diversi\u00f3n y pesca submarina. Conf\u00ede en nosotros para llevarlos al mundo submarino de Folegandros y de las islas de los alrededores pero tambi\u00e9n por el azul del Egeo. Con la colaboraci\u00f3n de la compa\u00f1\u00eda de documentales submarinos UNDERWATERXPERTS y con el centro diving SEA-U, podemos visitar pasajes secretos del mar y maravillosos arrefices submarinos. Requisitas indispensables: no experiencia previa. El programa es para todas las edades. Para informaciones y reservas, por favor llame +30 6942688311 [&hellip;]<\/p>\n","protected":false},"author":1,"featured_media":0,"parent":0,"menu_order":0,"comment_status":"open","ping_status":"open","template":"","meta":{"footnotes":""},"class_list":["post-1677","page","type-page","status-publish","hentry"],"yoast_head":"<!-- This site is optimized with the Yoast SEO plugin v27.4 - https:\/\/yoast.com\/product\/yoast-seo-wordpress\/ -->\n<title>BLUE WATER &amp; REEF SPEARFISHING - Folegandros Villas - Cyclades Greece - Luxurious Beachfront Villas - Residences<\/title>\n<meta name=\"robots\" content=\"index, follow, max-snippet:-1, max-image-preview:large, max-video-preview:-1\" \/>\n<link rel=\"canonical\" href=\"https:\/\/folegandros-villas.com\/fullscreen\/home\/es\/blue-water-reef-spearfishing-sp\/\" \/>\n<meta property=\"og:locale\" content=\"en_US\" \/>\n<meta property=\"og:type\" content=\"article\" \/>\n<meta property=\"og:title\" content=\"BLUE WATER &amp; REEF SPEARFISHING - Folegandros Villas - Cyclades Greece - Luxurious Beachfront Villas - Residences\" \/>\n<meta property=\"og:description\" content=\"Una experiencia que combina exploraci\u00f3n, diversi\u00f3n y pesca submarina. Conf\u00ede en nosotros para llevarlos al mundo submarino de Folegandros y de las islas de los alrededores pero tambi\u00e9n por el azul del Egeo. Con la colaboraci\u00f3n de la compa\u00f1\u00eda de documentales submarinos UNDERWATERXPERTS y con el centro diving SEA-U, podemos visitar pasajes secretos del mar y maravillosos arrefices submarinos. Requisitas indispensables: no experiencia previa. El programa es para todas las edades. Para informaciones y reservas, por favor llame +30 6942688311 [&hellip;]\" \/>\n<meta property=\"og:url\" content=\"https:\/\/folegandros-villas.com\/fullscreen\/home\/es\/blue-water-reef-spearfishing-sp\/\" \/>\n<meta property=\"og:site_name\" content=\"Folegandros Villas - Cyclades Greece - Luxurious Beachfront Villas - Residences\" \/>\n<meta property=\"article:modified_time\" content=\"2015-02-04T12:28:47+00:00\" \/>\n<script type=\"application\/ld+json\" class=\"yoast-schema-graph\">{\"@context\":\"https:\\\/\\\/schema.org\",\"@graph\":[{\"@type\":\"WebPage\",\"@id\":\"https:\\\/\\\/folegandros-villas.com\\\/fullscreen\\\/home\\\/es\\\/blue-water-reef-spearfishing-sp\\\/\",\"url\":\"https:\\\/\\\/folegandros-villas.com\\\/fullscreen\\\/home\\\/es\\\/blue-water-reef-spearfishing-sp\\\/\",\"name\":\"BLUE WATER & REEF SPEARFISHING - Folegandros Villas - Cyclades Greece - Luxurious Beachfront Villas - Residences\",\"isPartOf\":{\"@id\":\"https:\\\/\\\/folegandros-villas.com\\\/fullscreen\\\/home\\\/#website\"},\"datePublished\":\"2015-02-04T12:28:29+00:00\",\"dateModified\":\"2015-02-04T12:28:47+00:00\",\"breadcrumb\":{\"@id\":\"https:\\\/\\\/folegandros-villas.com\\\/fullscreen\\\/home\\\/es\\\/blue-water-reef-spearfishing-sp\\\/#breadcrumb\"},\"inLanguage\":\"en-US\",\"potentialAction\":[{\"@type\":\"ReadAction\",\"target\":[\"https:\\\/\\\/folegandros-villas.com\\\/fullscreen\\\/home\\\/es\\\/blue-water-reef-spearfishing-sp\\\/\"]}]},{\"@type\":\"BreadcrumbList\",\"@id\":\"https:\\\/\\\/folegandros-villas.com\\\/fullscreen\\\/home\\\/es\\\/blue-water-reef-spearfishing-sp\\\/#breadcrumb\",\"itemListElement\":[{\"@type\":\"ListItem\",\"position\":1,\"name\":\"Home\",\"item\":\"https:\\\/\\\/folegandros-villas.com\\\/fullscreen\\\/home\\\/el\\\/homepage\\\/\"},{\"@type\":\"ListItem\",\"position\":2,\"name\":\"BLUE WATER &#038; REEF SPEARFISHING\"}]},{\"@type\":\"WebSite\",\"@id\":\"https:\\\/\\\/folegandros-villas.com\\\/fullscreen\\\/home\\\/#website\",\"url\":\"https:\\\/\\\/folegandros-villas.com\\\/fullscreen\\\/home\\\/\",\"name\":\"Folegandros Villas - Cyclades Greece - Luxurious Beachfront Villas - Residences\",\"description\":\"Folegandros Villas - Cyclades Greece - Luxurious Beachfront Villas - Residences\",\"potentialAction\":[{\"@type\":\"SearchAction\",\"target\":{\"@type\":\"EntryPoint\",\"urlTemplate\":\"https:\\\/\\\/folegandros-villas.com\\\/fullscreen\\\/home\\\/?s={search_term_string}\"},\"query-input\":{\"@type\":\"PropertyValueSpecification\",\"valueRequired\":true,\"valueName\":\"search_term_string\"}}],\"inLanguage\":\"en-US\"}]}<\/script>\n<!-- \/ Yoast SEO plugin. -->","yoast_head_json":{"title":"BLUE WATER & REEF SPEARFISHING - Folegandros Villas - Cyclades Greece - Luxurious Beachfront Villas - Residences","robots":{"index":"index","follow":"follow","max-snippet":"max-snippet:-1","max-image-preview":"max-image-preview:large","max-video-preview":"max-video-preview:-1"},"canonical":"https:\/\/folegandros-villas.com\/fullscreen\/home\/es\/blue-water-reef-spearfishing-sp\/","og_locale":"en_US","og_type":"article","og_title":"BLUE WATER & REEF SPEARFISHING - Folegandros Villas - Cyclades Greece - Luxurious Beachfront Villas - Residences","og_description":"Una experiencia que combina exploraci\u00f3n, diversi\u00f3n y pesca submarina. Conf\u00ede en nosotros para llevarlos al mundo submarino de Folegandros y de las islas de los alrededores pero tambi\u00e9n por el azul del Egeo. Con la colaboraci\u00f3n de la compa\u00f1\u00eda de documentales submarinos UNDERWATERXPERTS y con el centro diving SEA-U, podemos visitar pasajes secretos del mar y maravillosos arrefices submarinos. Requisitas indispensables: no experiencia previa. El programa es para todas las edades. Para informaciones y reservas, por favor llame +30 6942688311 [&hellip;]","og_url":"https:\/\/folegandros-villas.com\/fullscreen\/home\/es\/blue-water-reef-spearfishing-sp\/","og_site_name":"Folegandros Villas - Cyclades Greece - Luxurious Beachfront Villas - Residences","article_modified_time":"2015-02-04T12:28:47+00:00","schema":{"@context":"https:\/\/schema.org","@graph":[{"@type":"WebPage","@id":"https:\/\/folegandros-villas.com\/fullscreen\/home\/es\/blue-water-reef-spearfishing-sp\/","url":"https:\/\/folegandros-villas.com\/fullscreen\/home\/es\/blue-water-reef-spearfishing-sp\/","name":"BLUE WATER & REEF SPEARFISHING - Folegandros Villas - Cyclades Greece - Luxurious Beachfront Villas - Residences","isPartOf":{"@id":"https:\/\/folegandros-villas.com\/fullscreen\/home\/#website"},"datePublished":"2015-02-04T12:28:29+00:00","dateModified":"2015-02-04T12:28:47+00:00","breadcrumb":{"@id":"https:\/\/folegandros-villas.com\/fullscreen\/home\/es\/blue-water-reef-spearfishing-sp\/#breadcrumb"},"inLanguage":"en-US","potentialAction":[{"@type":"ReadAction","target":["https:\/\/folegandros-villas.com\/fullscreen\/home\/es\/blue-water-reef-spearfishing-sp\/"]}]},{"@type":"BreadcrumbList","@id":"https:\/\/folegandros-villas.com\/fullscreen\/home\/es\/blue-water-reef-spearfishing-sp\/#breadcrumb","itemListElement":[{"@type":"ListItem","position":1,"name":"Home","item":"https:\/\/folegandros-villas.com\/fullscreen\/home\/el\/homepage\/"},{"@type":"ListItem","position":2,"name":"BLUE WATER &#038; REEF SPEARFISHING"}]},{"@type":"WebSite","@id":"https:\/\/folegandros-villas.com\/fullscreen\/home\/#website","url":"https:\/\/folegandros-villas.com\/fullscreen\/home\/","name":"Folegandros Villas - Cyclades Greece - Luxurious Beachfront Villas - Residences","description":"Folegandros Villas - Cyclades Greece - Luxurious Beachfront Villas - Residences","potentialAction":[{"@type":"SearchAction","target":{"@type":"EntryPoint","urlTemplate":"https:\/\/folegandros-villas.com\/fullscreen\/home\/?s={search_term_string}"},"query-input":{"@type":"PropertyValueSpecification","valueRequired":true,"valueName":"search_term_string"}}],"inLanguage":"en-US"}]}},"_links":{"self":[{"href":"https:\/\/folegandros-villas.com\/fullscreen\/home\/wp-json\/wp\/v2\/pages\/1677","targetHints":{"allow":["GET"]}}],"collection":[{"href":"https:\/\/folegandros-villas.com\/fullscreen\/home\/wp-json\/wp\/v2\/pages"}],"about":[{"href":"https:\/\/folegandros-villas.com\/fullscreen\/home\/wp-json\/wp\/v2\/types\/page"}],"author":[{"embeddable":true,"href":"https:\/\/folegandros-villas.com\/fullscreen\/home\/wp-json\/wp\/v2\/users\/1"}],"replies":[{"embeddable":true,"href":"https:\/\/folegandros-villas.com\/fullscreen\/home\/wp-json\/wp\/v2\/comments?post=1677"}],"version-history":[{"count":3,"href":"https:\/\/folegandros-villas.com\/fullscreen\/home\/wp-json\/wp\/v2\/pages\/1677\/revisions"}],"predecessor-version":[{"id":1757,"href":"https:\/\/folegandros-villas.com\/fullscreen\/home\/wp-json\/wp\/v2\/pages\/1677\/revisions\/1757"}],"wp:attachment":[{"href":"https:\/\/folegandros-villas.com\/fullscreen\/home\/wp-json\/wp\/v2\/media?parent=1677"}],"curies":[{"name":"wp","href":"https:\/\/api.w.org\/{rel}","templated":true}]}}