{"id":1682,"date":"2015-02-04T12:32:10","date_gmt":"2015-02-04T12:32:10","guid":{"rendered":"http:\/\/folegandros-villas.com\/?page_id=1682"},"modified":"2015-02-04T12:32:29","modified_gmt":"2015-02-04T12:32:29","slug":"scuba-diving-sp","status":"publish","type":"page","link":"https:\/\/folegandros-villas.com\/fullscreen\/home\/es\/scuba-diving-sp\/","title":{"rendered":"SCUBA DIVING"},"content":{"rendered":"<p>Una isla \u00fanica y de las m\u00e1s pintorescas del Egeo en el sur de las Ciclades, puede ser un destino ideal para el mar y ocio. La l\u00ednea de la costa de la isla tiene maravillosas im\u00e1genes submarinas. Les invitamos a embarcarse en nuestra lancha motora para hacer submarinismo privado por el litoral, en las playas maravillosas y cuevas. El barco tiene todo el equipo necesario y el PADI instructor est\u00e1 titulado en primeros auxilios y socorrismo.<\/p>\n<p>Para informaciones y reservas, por favor llame +30 6942688311 o +30 22860 41598 o usa nuestra ficha de contacto.<\/p>\n","protected":false},"excerpt":{"rendered":"<p>Una isla \u00fanica y de las m\u00e1s pintorescas del Egeo en el sur de las Ciclades, puede ser un destino ideal para el mar y ocio. La l\u00ednea de la costa de la isla tiene maravillosas im\u00e1genes submarinas. Les invitamos a embarcarse en nuestra lancha motora para hacer submarinismo privado por el litoral, en las playas maravillosas y cuevas. El barco tiene todo el equipo necesario y el PADI instructor est\u00e1 titulado en primeros auxilios y socorrismo. Para informaciones y [&hellip;]<\/p>\n","protected":false},"author":1,"featured_media":0,"parent":0,"menu_order":0,"comment_status":"open","ping_status":"open","template":"","meta":{"footnotes":""},"class_list":["post-1682","page","type-page","status-publish","hentry"],"yoast_head":"<!-- This site is optimized with the Yoast SEO plugin v27.4 - https:\/\/yoast.com\/product\/yoast-seo-wordpress\/ -->\n<title>SCUBA DIVING - Folegandros Villas - Cyclades Greece - Luxurious Beachfront Villas - Residences<\/title>\n<meta name=\"robots\" content=\"index, follow, max-snippet:-1, max-image-preview:large, max-video-preview:-1\" \/>\n<link rel=\"canonical\" href=\"https:\/\/folegandros-villas.com\/fullscreen\/home\/es\/scuba-diving-sp\/\" \/>\n<meta property=\"og:locale\" content=\"en_US\" \/>\n<meta property=\"og:type\" content=\"article\" \/>\n<meta property=\"og:title\" content=\"SCUBA DIVING - Folegandros Villas - Cyclades Greece - Luxurious Beachfront Villas - Residences\" \/>\n<meta property=\"og:description\" content=\"Una isla \u00fanica y de las m\u00e1s pintorescas del Egeo en el sur de las Ciclades, puede ser un destino ideal para el mar y ocio. La l\u00ednea de la costa de la isla tiene maravillosas im\u00e1genes submarinas. Les invitamos a embarcarse en nuestra lancha motora para hacer submarinismo privado por el litoral, en las playas maravillosas y cuevas. El barco tiene todo el equipo necesario y el PADI instructor est\u00e1 titulado en primeros auxilios y socorrismo. Para informaciones y [&hellip;]\" \/>\n<meta property=\"og:url\" content=\"https:\/\/folegandros-villas.com\/fullscreen\/home\/es\/scuba-diving-sp\/\" \/>\n<meta property=\"og:site_name\" content=\"Folegandros Villas - Cyclades Greece - Luxurious Beachfront Villas - Residences\" \/>\n<meta property=\"article:modified_time\" content=\"2015-02-04T12:32:29+00:00\" \/>\n<script type=\"application\/ld+json\" class=\"yoast-schema-graph\">{\"@context\":\"https:\\\/\\\/schema.org\",\"@graph\":[{\"@type\":\"WebPage\",\"@id\":\"https:\\\/\\\/folegandros-villas.com\\\/fullscreen\\\/home\\\/es\\\/scuba-diving-sp\\\/\",\"url\":\"https:\\\/\\\/folegandros-villas.com\\\/fullscreen\\\/home\\\/es\\\/scuba-diving-sp\\\/\",\"name\":\"SCUBA DIVING - Folegandros Villas - Cyclades Greece - Luxurious Beachfront Villas - Residences\",\"isPartOf\":{\"@id\":\"https:\\\/\\\/folegandros-villas.com\\\/fullscreen\\\/home\\\/#website\"},\"datePublished\":\"2015-02-04T12:32:10+00:00\",\"dateModified\":\"2015-02-04T12:32:29+00:00\",\"breadcrumb\":{\"@id\":\"https:\\\/\\\/folegandros-villas.com\\\/fullscreen\\\/home\\\/es\\\/scuba-diving-sp\\\/#breadcrumb\"},\"inLanguage\":\"en-US\",\"potentialAction\":[{\"@type\":\"ReadAction\",\"target\":[\"https:\\\/\\\/folegandros-villas.com\\\/fullscreen\\\/home\\\/es\\\/scuba-diving-sp\\\/\"]}]},{\"@type\":\"BreadcrumbList\",\"@id\":\"https:\\\/\\\/folegandros-villas.com\\\/fullscreen\\\/home\\\/es\\\/scuba-diving-sp\\\/#breadcrumb\",\"itemListElement\":[{\"@type\":\"ListItem\",\"position\":1,\"name\":\"Home\",\"item\":\"https:\\\/\\\/folegandros-villas.com\\\/fullscreen\\\/home\\\/el\\\/homepage\\\/\"},{\"@type\":\"ListItem\",\"position\":2,\"name\":\"SCUBA DIVING\"}]},{\"@type\":\"WebSite\",\"@id\":\"https:\\\/\\\/folegandros-villas.com\\\/fullscreen\\\/home\\\/#website\",\"url\":\"https:\\\/\\\/folegandros-villas.com\\\/fullscreen\\\/home\\\/\",\"name\":\"Folegandros Villas - Cyclades Greece - Luxurious Beachfront Villas - Residences\",\"description\":\"Folegandros Villas - Cyclades Greece - Luxurious Beachfront Villas - Residences\",\"potentialAction\":[{\"@type\":\"SearchAction\",\"target\":{\"@type\":\"EntryPoint\",\"urlTemplate\":\"https:\\\/\\\/folegandros-villas.com\\\/fullscreen\\\/home\\\/?s={search_term_string}\"},\"query-input\":{\"@type\":\"PropertyValueSpecification\",\"valueRequired\":true,\"valueName\":\"search_term_string\"}}],\"inLanguage\":\"en-US\"}]}<\/script>\n<!-- \/ Yoast SEO plugin. -->","yoast_head_json":{"title":"SCUBA DIVING - Folegandros Villas - Cyclades Greece - Luxurious Beachfront Villas - Residences","robots":{"index":"index","follow":"follow","max-snippet":"max-snippet:-1","max-image-preview":"max-image-preview:large","max-video-preview":"max-video-preview:-1"},"canonical":"https:\/\/folegandros-villas.com\/fullscreen\/home\/es\/scuba-diving-sp\/","og_locale":"en_US","og_type":"article","og_title":"SCUBA DIVING - Folegandros Villas - Cyclades Greece - Luxurious Beachfront Villas - Residences","og_description":"Una isla \u00fanica y de las m\u00e1s pintorescas del Egeo en el sur de las Ciclades, puede ser un destino ideal para el mar y ocio. La l\u00ednea de la costa de la isla tiene maravillosas im\u00e1genes submarinas. Les invitamos a embarcarse en nuestra lancha motora para hacer submarinismo privado por el litoral, en las playas maravillosas y cuevas. El barco tiene todo el equipo necesario y el PADI instructor est\u00e1 titulado en primeros auxilios y socorrismo. Para informaciones y [&hellip;]","og_url":"https:\/\/folegandros-villas.com\/fullscreen\/home\/es\/scuba-diving-sp\/","og_site_name":"Folegandros Villas - Cyclades Greece - Luxurious Beachfront Villas - Residences","article_modified_time":"2015-02-04T12:32:29+00:00","schema":{"@context":"https:\/\/schema.org","@graph":[{"@type":"WebPage","@id":"https:\/\/folegandros-villas.com\/fullscreen\/home\/es\/scuba-diving-sp\/","url":"https:\/\/folegandros-villas.com\/fullscreen\/home\/es\/scuba-diving-sp\/","name":"SCUBA DIVING - Folegandros Villas - Cyclades Greece - Luxurious Beachfront Villas - Residences","isPartOf":{"@id":"https:\/\/folegandros-villas.com\/fullscreen\/home\/#website"},"datePublished":"2015-02-04T12:32:10+00:00","dateModified":"2015-02-04T12:32:29+00:00","breadcrumb":{"@id":"https:\/\/folegandros-villas.com\/fullscreen\/home\/es\/scuba-diving-sp\/#breadcrumb"},"inLanguage":"en-US","potentialAction":[{"@type":"ReadAction","target":["https:\/\/folegandros-villas.com\/fullscreen\/home\/es\/scuba-diving-sp\/"]}]},{"@type":"BreadcrumbList","@id":"https:\/\/folegandros-villas.com\/fullscreen\/home\/es\/scuba-diving-sp\/#breadcrumb","itemListElement":[{"@type":"ListItem","position":1,"name":"Home","item":"https:\/\/folegandros-villas.com\/fullscreen\/home\/el\/homepage\/"},{"@type":"ListItem","position":2,"name":"SCUBA DIVING"}]},{"@type":"WebSite","@id":"https:\/\/folegandros-villas.com\/fullscreen\/home\/#website","url":"https:\/\/folegandros-villas.com\/fullscreen\/home\/","name":"Folegandros Villas - Cyclades Greece - Luxurious Beachfront Villas - Residences","description":"Folegandros Villas - Cyclades Greece - Luxurious Beachfront Villas - Residences","potentialAction":[{"@type":"SearchAction","target":{"@type":"EntryPoint","urlTemplate":"https:\/\/folegandros-villas.com\/fullscreen\/home\/?s={search_term_string}"},"query-input":{"@type":"PropertyValueSpecification","valueRequired":true,"valueName":"search_term_string"}}],"inLanguage":"en-US"}]}},"_links":{"self":[{"href":"https:\/\/folegandros-villas.com\/fullscreen\/home\/wp-json\/wp\/v2\/pages\/1682","targetHints":{"allow":["GET"]}}],"collection":[{"href":"https:\/\/folegandros-villas.com\/fullscreen\/home\/wp-json\/wp\/v2\/pages"}],"about":[{"href":"https:\/\/folegandros-villas.com\/fullscreen\/home\/wp-json\/wp\/v2\/types\/page"}],"author":[{"embeddable":true,"href":"https:\/\/folegandros-villas.com\/fullscreen\/home\/wp-json\/wp\/v2\/users\/1"}],"replies":[{"embeddable":true,"href":"https:\/\/folegandros-villas.com\/fullscreen\/home\/wp-json\/wp\/v2\/comments?post=1682"}],"version-history":[{"count":2,"href":"https:\/\/folegandros-villas.com\/fullscreen\/home\/wp-json\/wp\/v2\/pages\/1682\/revisions"}],"predecessor-version":[{"id":1686,"href":"https:\/\/folegandros-villas.com\/fullscreen\/home\/wp-json\/wp\/v2\/pages\/1682\/revisions\/1686"}],"wp:attachment":[{"href":"https:\/\/folegandros-villas.com\/fullscreen\/home\/wp-json\/wp\/v2\/media?parent=1682"}],"curies":[{"name":"wp","href":"https:\/\/api.w.org\/{rel}","templated":true}]}}