{"id":1697,"date":"2015-02-04T12:51:00","date_gmt":"2015-02-04T12:51:00","guid":{"rendered":"http:\/\/folegandros-villas.com\/?page_id=1697"},"modified":"2015-02-04T12:51:22","modified_gmt":"2015-02-04T12:51:22","slug":"hiking-experiences-sp","status":"publish","type":"page","link":"https:\/\/folegandros-villas.com\/fullscreen\/home\/es\/hiking-experiences-sp\/","title":{"rendered":"HIKING EXPERIENCES"},"content":{"rendered":"<p>Folegandros con su aire impresionante y su personalidad especial, impone a sus visitantes un modo \u00fanico para sentir su encanto. En una isla tan maravillosa, para disfrutar sus virtudes deber\u00eda dedicar tiempo a caminar en algunos lugares \u00fanicos.<\/p>\n<p>Durante cada uno de sus caminos puede contemplar el mar y la vista infinita. El paisaje virgen le ofrecer\u00e1 tranquilidad llena de aromas como de tomillo y de salvia que intrigar\u00e1n sus sensaciones.<\/p>\n<p><strong>Faros Aspropounta (sur-suroeste)<\/strong><\/p>\n<p>Va a tener la misma sensaci\u00f3n que los guardias del faro ten\u00edan desde su construcci\u00f3n en el 1919 hasta el 1986 quando entregaron su funcionamiento al sol. El faro totalmente blanco, que est\u00e1 en un sitio bien visible, da al mar de Creta y al estrecho entre Folegandros y Milos dando todav\u00eda informaciones valiosas a los viajeros.<\/p>\n<p><strong>Playa Livadaki (sur-suroeste)<\/strong><\/p>\n<p>La playa est\u00e1 en el mismo camino del faro. Empieza al final del pueblo Ano Meria y est\u00e1 exactamente a unos metros bajo del faro. La belleza de Livadaki es indescriptible. S\u00f3lo est\u00e9 all\u00ed a la puesta del sol.<\/p>\n<p><strong>Playa Ambeli (oest-suroeste)<\/strong><\/p>\n<p>Camine el camino tradicional que lleva a la iglesia de Agios Panteleimonas y continue hasta la playa. Turistas que quieren ir a la fiesta de Ag. Panteleimonas (San. Panteleimonas) en el 27 de Julio siguen el mismo camino como hacen visitantes y peregrinos desde hace muchos a\u00f1os. Descanse a la iglesia y siente su encanto. Es un camino impresionante especialmente al atardecer.<\/p>\n<p><strong>Playa Katergo (sur)<\/strong><\/p>\n<p>Camine hasta el sur extremo de la isla. El horizonte infinito con el Cretan Mar en su fondo le quedar\u00e1 impresionado. Se trata de un camino que va por el poblado agricola medieval de Livadi con almazaras antiguos y un bosque de tomillo.<\/p>\n<p><strong>Playa Vorina (norte)<\/strong><\/p>\n<p>Las piedras que fueron usadas para la construcci\u00f3n de las callejas tradicionales del Chora provienen de esta playa. Los campesinos de los tiempos pasados transportaron con sus burros pocas piedras cada vez. El color verde obscuro de ese material presta su belleza tanto a las callejas del Chora como a la agua del Vorina convertiendo su color en verde esmeralda. El camino para la playa pasa unos pocos metros bajo de los molinos de viento antiguos del Chora.<\/p>\n<p><strong>Playa Fira (sur)<\/strong><\/p>\n<p>Sigue el camino antiguo que llega hasta Fira. All\u00ed le espera una peque\u00f1a oasis con agua no profunda. Fira y Ambeli son las \u00fanicas playas de la isla que tienen sol hasta la puesta del sol.<\/p>\n<p><strong>Playa Agios Nikolaos (sur)<\/strong><\/p>\n<p>Un camino maravilloso empieza de la playa cosmopolita Agali , sigue al lado del mar y llega hasta la playa de Ag. Nikolaos. Una playa con agua esmeralda y la vista incre\u00edble de bah\u00eda Vathy. Emociones tan variados. Sin prestaci\u00f3n de electricidad, sin calle. \u00a1La playa es un encanto!<\/p>\n","protected":false},"excerpt":{"rendered":"<p>Folegandros con su aire impresionante y su personalidad especial, impone a sus visitantes un modo \u00fanico para sentir su encanto. En una isla tan maravillosa, para disfrutar sus virtudes deber\u00eda dedicar tiempo a caminar en algunos lugares \u00fanicos. Durante cada uno de sus caminos puede contemplar el mar y la vista infinita. El paisaje virgen le ofrecer\u00e1 tranquilidad llena de aromas como de tomillo y de salvia que intrigar\u00e1n sus sensaciones. Faros Aspropounta (sur-suroeste) Va a tener la misma sensaci\u00f3n [&hellip;]<\/p>\n","protected":false},"author":1,"featured_media":0,"parent":0,"menu_order":0,"comment_status":"open","ping_status":"open","template":"","meta":{"footnotes":""},"class_list":["post-1697","page","type-page","status-publish","hentry"],"yoast_head":"<!-- This site is optimized with the Yoast SEO plugin v27.4 - https:\/\/yoast.com\/product\/yoast-seo-wordpress\/ -->\n<title>HIKING EXPERIENCES - Folegandros Villas - Cyclades Greece - Luxurious Beachfront Villas - Residences<\/title>\n<meta name=\"robots\" content=\"index, follow, max-snippet:-1, max-image-preview:large, max-video-preview:-1\" \/>\n<link rel=\"canonical\" href=\"https:\/\/folegandros-villas.com\/fullscreen\/home\/es\/hiking-experiences-sp\/\" \/>\n<meta property=\"og:locale\" content=\"en_US\" \/>\n<meta property=\"og:type\" content=\"article\" \/>\n<meta property=\"og:title\" content=\"HIKING EXPERIENCES - Folegandros Villas - Cyclades Greece - Luxurious Beachfront Villas - Residences\" \/>\n<meta property=\"og:description\" content=\"Folegandros con su aire impresionante y su personalidad especial, impone a sus visitantes un modo \u00fanico para sentir su encanto. En una isla tan maravillosa, para disfrutar sus virtudes deber\u00eda dedicar tiempo a caminar en algunos lugares \u00fanicos. Durante cada uno de sus caminos puede contemplar el mar y la vista infinita. El paisaje virgen le ofrecer\u00e1 tranquilidad llena de aromas como de tomillo y de salvia que intrigar\u00e1n sus sensaciones. Faros Aspropounta (sur-suroeste) Va a tener la misma sensaci\u00f3n [&hellip;]\" \/>\n<meta property=\"og:url\" content=\"https:\/\/folegandros-villas.com\/fullscreen\/home\/es\/hiking-experiences-sp\/\" \/>\n<meta property=\"og:site_name\" content=\"Folegandros Villas - Cyclades Greece - Luxurious Beachfront Villas - Residences\" \/>\n<meta property=\"article:modified_time\" content=\"2015-02-04T12:51:22+00:00\" \/>\n<meta name=\"twitter:label1\" content=\"Est. reading time\" \/>\n\t<meta name=\"twitter:data1\" content=\"2 minutes\" \/>\n<script type=\"application\/ld+json\" class=\"yoast-schema-graph\">{\"@context\":\"https:\\\/\\\/schema.org\",\"@graph\":[{\"@type\":\"WebPage\",\"@id\":\"https:\\\/\\\/folegandros-villas.com\\\/fullscreen\\\/home\\\/es\\\/hiking-experiences-sp\\\/\",\"url\":\"https:\\\/\\\/folegandros-villas.com\\\/fullscreen\\\/home\\\/es\\\/hiking-experiences-sp\\\/\",\"name\":\"HIKING EXPERIENCES - Folegandros Villas - Cyclades Greece - Luxurious Beachfront Villas - Residences\",\"isPartOf\":{\"@id\":\"https:\\\/\\\/folegandros-villas.com\\\/fullscreen\\\/home\\\/#website\"},\"datePublished\":\"2015-02-04T12:51:00+00:00\",\"dateModified\":\"2015-02-04T12:51:22+00:00\",\"breadcrumb\":{\"@id\":\"https:\\\/\\\/folegandros-villas.com\\\/fullscreen\\\/home\\\/es\\\/hiking-experiences-sp\\\/#breadcrumb\"},\"inLanguage\":\"en-US\",\"potentialAction\":[{\"@type\":\"ReadAction\",\"target\":[\"https:\\\/\\\/folegandros-villas.com\\\/fullscreen\\\/home\\\/es\\\/hiking-experiences-sp\\\/\"]}]},{\"@type\":\"BreadcrumbList\",\"@id\":\"https:\\\/\\\/folegandros-villas.com\\\/fullscreen\\\/home\\\/es\\\/hiking-experiences-sp\\\/#breadcrumb\",\"itemListElement\":[{\"@type\":\"ListItem\",\"position\":1,\"name\":\"Home\",\"item\":\"https:\\\/\\\/folegandros-villas.com\\\/fullscreen\\\/home\\\/el\\\/homepage\\\/\"},{\"@type\":\"ListItem\",\"position\":2,\"name\":\"HIKING EXPERIENCES\"}]},{\"@type\":\"WebSite\",\"@id\":\"https:\\\/\\\/folegandros-villas.com\\\/fullscreen\\\/home\\\/#website\",\"url\":\"https:\\\/\\\/folegandros-villas.com\\\/fullscreen\\\/home\\\/\",\"name\":\"Folegandros Villas - Cyclades Greece - Luxurious Beachfront Villas - Residences\",\"description\":\"Folegandros Villas - Cyclades Greece - Luxurious Beachfront Villas - Residences\",\"potentialAction\":[{\"@type\":\"SearchAction\",\"target\":{\"@type\":\"EntryPoint\",\"urlTemplate\":\"https:\\\/\\\/folegandros-villas.com\\\/fullscreen\\\/home\\\/?s={search_term_string}\"},\"query-input\":{\"@type\":\"PropertyValueSpecification\",\"valueRequired\":true,\"valueName\":\"search_term_string\"}}],\"inLanguage\":\"en-US\"}]}<\/script>\n<!-- \/ Yoast SEO plugin. -->","yoast_head_json":{"title":"HIKING EXPERIENCES - Folegandros Villas - Cyclades Greece - Luxurious Beachfront Villas - Residences","robots":{"index":"index","follow":"follow","max-snippet":"max-snippet:-1","max-image-preview":"max-image-preview:large","max-video-preview":"max-video-preview:-1"},"canonical":"https:\/\/folegandros-villas.com\/fullscreen\/home\/es\/hiking-experiences-sp\/","og_locale":"en_US","og_type":"article","og_title":"HIKING EXPERIENCES - Folegandros Villas - Cyclades Greece - Luxurious Beachfront Villas - Residences","og_description":"Folegandros con su aire impresionante y su personalidad especial, impone a sus visitantes un modo \u00fanico para sentir su encanto. En una isla tan maravillosa, para disfrutar sus virtudes deber\u00eda dedicar tiempo a caminar en algunos lugares \u00fanicos. Durante cada uno de sus caminos puede contemplar el mar y la vista infinita. El paisaje virgen le ofrecer\u00e1 tranquilidad llena de aromas como de tomillo y de salvia que intrigar\u00e1n sus sensaciones. Faros Aspropounta (sur-suroeste) Va a tener la misma sensaci\u00f3n [&hellip;]","og_url":"https:\/\/folegandros-villas.com\/fullscreen\/home\/es\/hiking-experiences-sp\/","og_site_name":"Folegandros Villas - Cyclades Greece - Luxurious Beachfront Villas - Residences","article_modified_time":"2015-02-04T12:51:22+00:00","twitter_misc":{"Est. reading time":"2 minutes"},"schema":{"@context":"https:\/\/schema.org","@graph":[{"@type":"WebPage","@id":"https:\/\/folegandros-villas.com\/fullscreen\/home\/es\/hiking-experiences-sp\/","url":"https:\/\/folegandros-villas.com\/fullscreen\/home\/es\/hiking-experiences-sp\/","name":"HIKING EXPERIENCES - Folegandros Villas - Cyclades Greece - Luxurious Beachfront Villas - Residences","isPartOf":{"@id":"https:\/\/folegandros-villas.com\/fullscreen\/home\/#website"},"datePublished":"2015-02-04T12:51:00+00:00","dateModified":"2015-02-04T12:51:22+00:00","breadcrumb":{"@id":"https:\/\/folegandros-villas.com\/fullscreen\/home\/es\/hiking-experiences-sp\/#breadcrumb"},"inLanguage":"en-US","potentialAction":[{"@type":"ReadAction","target":["https:\/\/folegandros-villas.com\/fullscreen\/home\/es\/hiking-experiences-sp\/"]}]},{"@type":"BreadcrumbList","@id":"https:\/\/folegandros-villas.com\/fullscreen\/home\/es\/hiking-experiences-sp\/#breadcrumb","itemListElement":[{"@type":"ListItem","position":1,"name":"Home","item":"https:\/\/folegandros-villas.com\/fullscreen\/home\/el\/homepage\/"},{"@type":"ListItem","position":2,"name":"HIKING EXPERIENCES"}]},{"@type":"WebSite","@id":"https:\/\/folegandros-villas.com\/fullscreen\/home\/#website","url":"https:\/\/folegandros-villas.com\/fullscreen\/home\/","name":"Folegandros Villas - Cyclades Greece - Luxurious Beachfront Villas - Residences","description":"Folegandros Villas - Cyclades Greece - Luxurious Beachfront Villas - Residences","potentialAction":[{"@type":"SearchAction","target":{"@type":"EntryPoint","urlTemplate":"https:\/\/folegandros-villas.com\/fullscreen\/home\/?s={search_term_string}"},"query-input":{"@type":"PropertyValueSpecification","valueRequired":true,"valueName":"search_term_string"}}],"inLanguage":"en-US"}]}},"_links":{"self":[{"href":"https:\/\/folegandros-villas.com\/fullscreen\/home\/wp-json\/wp\/v2\/pages\/1697","targetHints":{"allow":["GET"]}}],"collection":[{"href":"https:\/\/folegandros-villas.com\/fullscreen\/home\/wp-json\/wp\/v2\/pages"}],"about":[{"href":"https:\/\/folegandros-villas.com\/fullscreen\/home\/wp-json\/wp\/v2\/types\/page"}],"author":[{"embeddable":true,"href":"https:\/\/folegandros-villas.com\/fullscreen\/home\/wp-json\/wp\/v2\/users\/1"}],"replies":[{"embeddable":true,"href":"https:\/\/folegandros-villas.com\/fullscreen\/home\/wp-json\/wp\/v2\/comments?post=1697"}],"version-history":[{"count":2,"href":"https:\/\/folegandros-villas.com\/fullscreen\/home\/wp-json\/wp\/v2\/pages\/1697\/revisions"}],"predecessor-version":[{"id":1700,"href":"https:\/\/folegandros-villas.com\/fullscreen\/home\/wp-json\/wp\/v2\/pages\/1697\/revisions\/1700"}],"wp:attachment":[{"href":"https:\/\/folegandros-villas.com\/fullscreen\/home\/wp-json\/wp\/v2\/media?parent=1697"}],"curies":[{"name":"wp","href":"https:\/\/api.w.org\/{rel}","templated":true}]}}