{"id":1713,"date":"2015-02-04T13:04:36","date_gmt":"2015-02-04T13:04:36","guid":{"rendered":"http:\/\/folegandros-villas.com\/?page_id=1713"},"modified":"2015-02-04T13:05:20","modified_gmt":"2015-02-04T13:05:20","slug":"stargazing-sea-observation-sp","status":"publish","type":"page","link":"https:\/\/folegandros-villas.com\/fullscreen\/home\/es\/stargazing-sea-observation-sp\/","title":{"rendered":"STARGAZING &#038; SEA OBSERVATION"},"content":{"rendered":"<p>En noches llenas de estrellas, acerqu\u00e9nse a nuestro amable personal de recepci\u00f3n para usar un telescopio de gran potencia y observar las estrellas. Adem\u00e1s, durante el d\u00eda puede usarlo tambi\u00e9n para observar las actividades de los pescadores profesionales. Observar los barcos de vela, o las islas de los alrededor y las playas.<\/p>\n","protected":false},"excerpt":{"rendered":"<p>En noches llenas de estrellas, acerqu\u00e9nse a nuestro amable personal de recepci\u00f3n para usar un telescopio de gran potencia y observar las estrellas. Adem\u00e1s, durante el d\u00eda puede usarlo tambi\u00e9n para observar las actividades de los pescadores profesionales. Observar los barcos de vela, o las islas de los alrededor y las playas.<\/p>\n","protected":false},"author":1,"featured_media":0,"parent":0,"menu_order":0,"comment_status":"open","ping_status":"open","template":"","meta":{"footnotes":""},"class_list":["post-1713","page","type-page","status-publish","hentry"],"yoast_head":"<!-- This site is optimized with the Yoast SEO plugin v27.4 - https:\/\/yoast.com\/product\/yoast-seo-wordpress\/ -->\n<title>STARGAZING &amp; SEA OBSERVATION - Folegandros Villas - Cyclades Greece - Luxurious Beachfront Villas - Residences<\/title>\n<meta name=\"robots\" content=\"index, follow, max-snippet:-1, max-image-preview:large, max-video-preview:-1\" \/>\n<link rel=\"canonical\" href=\"https:\/\/folegandros-villas.com\/fullscreen\/home\/es\/stargazing-sea-observation-sp\/\" \/>\n<meta property=\"og:locale\" content=\"en_US\" \/>\n<meta property=\"og:type\" content=\"article\" \/>\n<meta property=\"og:title\" content=\"STARGAZING &amp; SEA OBSERVATION - Folegandros Villas - Cyclades Greece - Luxurious Beachfront Villas - Residences\" \/>\n<meta property=\"og:description\" content=\"En noches llenas de estrellas, acerqu\u00e9nse a nuestro amable personal de recepci\u00f3n para usar un telescopio de gran potencia y observar las estrellas. Adem\u00e1s, durante el d\u00eda puede usarlo tambi\u00e9n para observar las actividades de los pescadores profesionales. Observar los barcos de vela, o las islas de los alrededor y las playas.\" \/>\n<meta property=\"og:url\" content=\"https:\/\/folegandros-villas.com\/fullscreen\/home\/es\/stargazing-sea-observation-sp\/\" \/>\n<meta property=\"og:site_name\" content=\"Folegandros Villas - Cyclades Greece - Luxurious Beachfront Villas - Residences\" \/>\n<meta property=\"article:modified_time\" content=\"2015-02-04T13:05:20+00:00\" \/>\n<script type=\"application\/ld+json\" class=\"yoast-schema-graph\">{\"@context\":\"https:\\\/\\\/schema.org\",\"@graph\":[{\"@type\":\"WebPage\",\"@id\":\"https:\\\/\\\/folegandros-villas.com\\\/fullscreen\\\/home\\\/es\\\/stargazing-sea-observation-sp\\\/\",\"url\":\"https:\\\/\\\/folegandros-villas.com\\\/fullscreen\\\/home\\\/es\\\/stargazing-sea-observation-sp\\\/\",\"name\":\"STARGAZING & SEA OBSERVATION - Folegandros Villas - Cyclades Greece - Luxurious Beachfront Villas - Residences\",\"isPartOf\":{\"@id\":\"https:\\\/\\\/folegandros-villas.com\\\/fullscreen\\\/home\\\/#website\"},\"datePublished\":\"2015-02-04T13:04:36+00:00\",\"dateModified\":\"2015-02-04T13:05:20+00:00\",\"breadcrumb\":{\"@id\":\"https:\\\/\\\/folegandros-villas.com\\\/fullscreen\\\/home\\\/es\\\/stargazing-sea-observation-sp\\\/#breadcrumb\"},\"inLanguage\":\"en-US\",\"potentialAction\":[{\"@type\":\"ReadAction\",\"target\":[\"https:\\\/\\\/folegandros-villas.com\\\/fullscreen\\\/home\\\/es\\\/stargazing-sea-observation-sp\\\/\"]}]},{\"@type\":\"BreadcrumbList\",\"@id\":\"https:\\\/\\\/folegandros-villas.com\\\/fullscreen\\\/home\\\/es\\\/stargazing-sea-observation-sp\\\/#breadcrumb\",\"itemListElement\":[{\"@type\":\"ListItem\",\"position\":1,\"name\":\"Home\",\"item\":\"https:\\\/\\\/folegandros-villas.com\\\/fullscreen\\\/home\\\/el\\\/homepage\\\/\"},{\"@type\":\"ListItem\",\"position\":2,\"name\":\"STARGAZING &#038; SEA OBSERVATION\"}]},{\"@type\":\"WebSite\",\"@id\":\"https:\\\/\\\/folegandros-villas.com\\\/fullscreen\\\/home\\\/#website\",\"url\":\"https:\\\/\\\/folegandros-villas.com\\\/fullscreen\\\/home\\\/\",\"name\":\"Folegandros Villas - Cyclades Greece - Luxurious Beachfront Villas - Residences\",\"description\":\"Folegandros Villas - Cyclades Greece - Luxurious Beachfront Villas - Residences\",\"potentialAction\":[{\"@type\":\"SearchAction\",\"target\":{\"@type\":\"EntryPoint\",\"urlTemplate\":\"https:\\\/\\\/folegandros-villas.com\\\/fullscreen\\\/home\\\/?s={search_term_string}\"},\"query-input\":{\"@type\":\"PropertyValueSpecification\",\"valueRequired\":true,\"valueName\":\"search_term_string\"}}],\"inLanguage\":\"en-US\"}]}<\/script>\n<!-- \/ Yoast SEO plugin. -->","yoast_head_json":{"title":"STARGAZING & SEA OBSERVATION - Folegandros Villas - Cyclades Greece - Luxurious Beachfront Villas - Residences","robots":{"index":"index","follow":"follow","max-snippet":"max-snippet:-1","max-image-preview":"max-image-preview:large","max-video-preview":"max-video-preview:-1"},"canonical":"https:\/\/folegandros-villas.com\/fullscreen\/home\/es\/stargazing-sea-observation-sp\/","og_locale":"en_US","og_type":"article","og_title":"STARGAZING & SEA OBSERVATION - Folegandros Villas - Cyclades Greece - Luxurious Beachfront Villas - Residences","og_description":"En noches llenas de estrellas, acerqu\u00e9nse a nuestro amable personal de recepci\u00f3n para usar un telescopio de gran potencia y observar las estrellas. Adem\u00e1s, durante el d\u00eda puede usarlo tambi\u00e9n para observar las actividades de los pescadores profesionales. Observar los barcos de vela, o las islas de los alrededor y las playas.","og_url":"https:\/\/folegandros-villas.com\/fullscreen\/home\/es\/stargazing-sea-observation-sp\/","og_site_name":"Folegandros Villas - Cyclades Greece - Luxurious Beachfront Villas - Residences","article_modified_time":"2015-02-04T13:05:20+00:00","schema":{"@context":"https:\/\/schema.org","@graph":[{"@type":"WebPage","@id":"https:\/\/folegandros-villas.com\/fullscreen\/home\/es\/stargazing-sea-observation-sp\/","url":"https:\/\/folegandros-villas.com\/fullscreen\/home\/es\/stargazing-sea-observation-sp\/","name":"STARGAZING & SEA OBSERVATION - Folegandros Villas - Cyclades Greece - Luxurious Beachfront Villas - Residences","isPartOf":{"@id":"https:\/\/folegandros-villas.com\/fullscreen\/home\/#website"},"datePublished":"2015-02-04T13:04:36+00:00","dateModified":"2015-02-04T13:05:20+00:00","breadcrumb":{"@id":"https:\/\/folegandros-villas.com\/fullscreen\/home\/es\/stargazing-sea-observation-sp\/#breadcrumb"},"inLanguage":"en-US","potentialAction":[{"@type":"ReadAction","target":["https:\/\/folegandros-villas.com\/fullscreen\/home\/es\/stargazing-sea-observation-sp\/"]}]},{"@type":"BreadcrumbList","@id":"https:\/\/folegandros-villas.com\/fullscreen\/home\/es\/stargazing-sea-observation-sp\/#breadcrumb","itemListElement":[{"@type":"ListItem","position":1,"name":"Home","item":"https:\/\/folegandros-villas.com\/fullscreen\/home\/el\/homepage\/"},{"@type":"ListItem","position":2,"name":"STARGAZING &#038; SEA OBSERVATION"}]},{"@type":"WebSite","@id":"https:\/\/folegandros-villas.com\/fullscreen\/home\/#website","url":"https:\/\/folegandros-villas.com\/fullscreen\/home\/","name":"Folegandros Villas - Cyclades Greece - Luxurious Beachfront Villas - Residences","description":"Folegandros Villas - Cyclades Greece - Luxurious Beachfront Villas - Residences","potentialAction":[{"@type":"SearchAction","target":{"@type":"EntryPoint","urlTemplate":"https:\/\/folegandros-villas.com\/fullscreen\/home\/?s={search_term_string}"},"query-input":{"@type":"PropertyValueSpecification","valueRequired":true,"valueName":"search_term_string"}}],"inLanguage":"en-US"}]}},"_links":{"self":[{"href":"https:\/\/folegandros-villas.com\/fullscreen\/home\/wp-json\/wp\/v2\/pages\/1713","targetHints":{"allow":["GET"]}}],"collection":[{"href":"https:\/\/folegandros-villas.com\/fullscreen\/home\/wp-json\/wp\/v2\/pages"}],"about":[{"href":"https:\/\/folegandros-villas.com\/fullscreen\/home\/wp-json\/wp\/v2\/types\/page"}],"author":[{"embeddable":true,"href":"https:\/\/folegandros-villas.com\/fullscreen\/home\/wp-json\/wp\/v2\/users\/1"}],"replies":[{"embeddable":true,"href":"https:\/\/folegandros-villas.com\/fullscreen\/home\/wp-json\/wp\/v2\/comments?post=1713"}],"version-history":[{"count":2,"href":"https:\/\/folegandros-villas.com\/fullscreen\/home\/wp-json\/wp\/v2\/pages\/1713\/revisions"}],"predecessor-version":[{"id":1717,"href":"https:\/\/folegandros-villas.com\/fullscreen\/home\/wp-json\/wp\/v2\/pages\/1713\/revisions\/1717"}],"wp:attachment":[{"href":"https:\/\/folegandros-villas.com\/fullscreen\/home\/wp-json\/wp\/v2\/media?parent=1713"}],"curies":[{"name":"wp","href":"https:\/\/api.w.org\/{rel}","templated":true}]}}