{"id":2737,"date":"2016-12-16T22:49:22","date_gmt":"2016-12-16T22:49:22","guid":{"rendered":"http:\/\/folegandros-villas.com\/?page_id=2737"},"modified":"2017-01-20T10:16:57","modified_gmt":"2017-01-20T10:16:57","slug":"fiestas-privadas","status":"publish","type":"page","link":"https:\/\/folegandros-villas.com\/fullscreen\/home\/es\/fiestas-privadas\/","title":{"rendered":"FIESTAS PRIVADAS"},"content":{"rendered":"<div class=\"lightbox-shortcode lightbox-shortcode-center\" style=\"margin:0 auto; text-align:center;\"><a data-lightbox=\"magnific-image\" title=\"PRIVATE PARTY\" href=\"https:\/\/folegandros-villas.com\/wp-content\/uploads\/2016\/12\/100-EVENTS-PRIVATE-PARTY-IMG_5716D.jpg\"><span class=\"shortcode-lightbox-indicate\"><i class=\"fa fa-plus\"><\/i><\/span><img decoding=\"async\" src=\"https:\/\/folegandros-villas.com\/wp-content\/uploads\/2016\/12\/100-EVENTS-PRIVATE-PARTY-IMG_5716D.jpg\" class=\"is-lightbox \" alt=\"thumbnail\" \/><\/a><\/div>\n<p>&nbsp;<\/p>\n<p><strong>Fiestas privadas<\/strong><\/p>\n<p>S\u00f3lo v\u00e1lido en el caso de alquiler privado de todo el complejo tur\u00edstico.<\/p>\n<p>Organice una fiesta privada de cumplea\u00f1os y divi\u00e9rtase con sus amigos en nuestro lugar.<\/p>\n<p>Comparta los buenos momentos de su aniversario con sus seres queridos mientras goza de nuestra ubicaci\u00f3n m\u00e1gica as\u00ed como del servicio excelente de nuestro personal.<\/p>\n<p>&nbsp;<\/p>\n<div class=\"lightbox-shortcode lightbox-shortcode-center\" style=\"margin:0 auto; text-align:center;\"><a data-lightbox=\"magnific-image\" title=\"PRIVATE PARTY\" href=\"https:\/\/folegandros-villas.com\/wp-content\/uploads\/2016\/12\/101-EVENTS-PRIVATE-PARTY-IMG_0320D-LOW-RES.jpg\"><span class=\"shortcode-lightbox-indicate\"><i class=\"fa fa-plus\"><\/i><\/span><img decoding=\"async\" src=\"https:\/\/folegandros-villas.com\/wp-content\/uploads\/2016\/12\/101-EVENTS-PRIVATE-PARTY-IMG_0320D-LOW-RES.jpg\" class=\"is-lightbox \" alt=\"thumbnail\" \/><\/a><\/div>\n<p>&nbsp;<\/p>\n<div class=\"lightbox-shortcode lightbox-shortcode-center\" style=\"margin:0 auto; text-align:center;\"><a data-lightbox=\"magnific-image\" title=\"PRIVATE PARTY\" href=\"https:\/\/folegandros-villas.com\/wp-content\/uploads\/2016\/12\/102-EVENTS-PRIVATE-PARTY-IMG_0326D-LOW-RES.jpg\"><span class=\"shortcode-lightbox-indicate\"><i class=\"fa fa-plus\"><\/i><\/span><img decoding=\"async\" src=\"https:\/\/folegandros-villas.com\/wp-content\/uploads\/2016\/12\/102-EVENTS-PRIVATE-PARTY-IMG_0326D-LOW-RES.jpg\" class=\"is-lightbox \" alt=\"thumbnail\" \/><\/a><\/div>\n<p>&nbsp;<\/p>\n<div class=\"lightbox-shortcode lightbox-shortcode-center\" style=\"margin:0 auto; text-align:center;\"><a data-lightbox=\"magnific-image\" title=\"PRIVATE PARTY\" href=\"https:\/\/folegandros-villas.com\/wp-content\/uploads\/2016\/12\/103-EVENTS-PRIVATE-PARTY-IMG_0329E-LOW-RES.jpg\"><span class=\"shortcode-lightbox-indicate\"><i class=\"fa fa-plus\"><\/i><\/span><img decoding=\"async\" src=\"https:\/\/folegandros-villas.com\/wp-content\/uploads\/2016\/12\/103-EVENTS-PRIVATE-PARTY-IMG_0329E-LOW-RES.jpg\" class=\"is-lightbox \" alt=\"thumbnail\" \/><\/a><\/div>\n<p>&nbsp;<\/p>\n<div class=\"lightbox-shortcode lightbox-shortcode-center\" style=\"margin:0 auto; text-align:center;\"><a data-lightbox=\"magnific-image\" title=\"PRIVATE PARTY\" href=\"https:\/\/folegandros-villas.com\/wp-content\/uploads\/2016\/12\/104-EVENTS-PRIVATE-PARTY-IMG_5998D-LOW-RES.jpg\"><span class=\"shortcode-lightbox-indicate\"><i class=\"fa fa-plus\"><\/i><\/span><img decoding=\"async\" src=\"https:\/\/folegandros-villas.com\/wp-content\/uploads\/2016\/12\/104-EVENTS-PRIVATE-PARTY-IMG_5998D-LOW-RES.jpg\" class=\"is-lightbox \" alt=\"thumbnail\" \/><\/a><\/div>\n<p>&nbsp;<\/p>\n<div class=\"lightbox-shortcode lightbox-shortcode-center\" style=\"margin:0 auto; text-align:center;\"><a data-lightbox=\"magnific-image\" title=\"YOGA SESSION\" href=\"https:\/\/folegandros-villas.com\/wp-content\/uploads\/2016\/12\/IMAG0392G.jpg\"><span class=\"shortcode-lightbox-indicate\"><i class=\"fa fa-plus\"><\/i><\/span><img decoding=\"async\" src=\"https:\/\/folegandros-villas.com\/wp-content\/uploads\/2016\/12\/IMAG0392G.jpg\" class=\"is-lightbox \" alt=\"thumbnail\" \/><\/a><\/div>\n","protected":false},"excerpt":{"rendered":"<p>&nbsp; Fiestas privadas S\u00f3lo v\u00e1lido en el caso de alquiler privado de todo el complejo tur\u00edstico. Organice una fiesta privada de cumplea\u00f1os y divi\u00e9rtase con sus amigos en nuestro lugar. Comparta los buenos momentos de su aniversario con sus seres queridos mientras goza de nuestra ubicaci\u00f3n m\u00e1gica as\u00ed como del servicio excelente de nuestro personal. &nbsp; &nbsp; &nbsp; &nbsp; &nbsp;<\/p>\n","protected":false},"author":3,"featured_media":2733,"parent":0,"menu_order":0,"comment_status":"closed","ping_status":"closed","template":"","meta":{"footnotes":""},"class_list":["post-2737","page","type-page","status-publish","has-post-thumbnail","hentry"],"yoast_head":"<!-- This site is optimized with the Yoast SEO plugin v27.4 - https:\/\/yoast.com\/product\/yoast-seo-wordpress\/ -->\n<title>FIESTAS PRIVADAS - Folegandros Villas - Cyclades Greece - Luxurious Beachfront Villas - Residences<\/title>\n<meta name=\"robots\" content=\"index, follow, max-snippet:-1, max-image-preview:large, max-video-preview:-1\" \/>\n<link rel=\"canonical\" href=\"https:\/\/folegandros-villas.com\/fullscreen\/home\/es\/fiestas-privadas\/\" \/>\n<meta property=\"og:locale\" content=\"en_US\" \/>\n<meta property=\"og:type\" content=\"article\" \/>\n<meta property=\"og:title\" content=\"FIESTAS PRIVADAS - Folegandros Villas - Cyclades Greece - Luxurious Beachfront Villas - Residences\" \/>\n<meta property=\"og:description\" content=\"&nbsp; Fiestas privadas S\u00f3lo v\u00e1lido en el caso de alquiler privado de todo el complejo tur\u00edstico. Organice una fiesta privada de cumplea\u00f1os y divi\u00e9rtase con sus amigos en nuestro lugar. Comparta los buenos momentos de su aniversario con sus seres queridos mientras goza de nuestra ubicaci\u00f3n m\u00e1gica as\u00ed como del servicio excelente de nuestro personal. &nbsp; &nbsp; &nbsp; &nbsp; &nbsp;\" \/>\n<meta property=\"og:url\" content=\"https:\/\/folegandros-villas.com\/fullscreen\/home\/es\/fiestas-privadas\/\" \/>\n<meta property=\"og:site_name\" content=\"Folegandros Villas - Cyclades Greece - Luxurious Beachfront Villas - Residences\" \/>\n<meta property=\"article:modified_time\" content=\"2017-01-20T10:16:57+00:00\" \/>\n<meta property=\"og:image\" content=\"https:\/\/folegandros-villas.com\/wp-content\/uploads\/2016\/12\/0-EVENTS-PRIVATE-PARTY-IMG_2876E.jpg\" \/>\n\t<meta property=\"og:image:width\" content=\"1920\" \/>\n\t<meta property=\"og:image:height\" content=\"1080\" \/>\n\t<meta property=\"og:image:type\" content=\"image\/jpeg\" \/>\n<meta name=\"twitter:label1\" content=\"Est. reading time\" \/>\n\t<meta name=\"twitter:data1\" content=\"1 minute\" \/>\n<script type=\"application\/ld+json\" class=\"yoast-schema-graph\">{\"@context\":\"https:\\\/\\\/schema.org\",\"@graph\":[{\"@type\":\"WebPage\",\"@id\":\"https:\\\/\\\/folegandros-villas.com\\\/fullscreen\\\/home\\\/es\\\/fiestas-privadas\\\/\",\"url\":\"https:\\\/\\\/folegandros-villas.com\\\/fullscreen\\\/home\\\/es\\\/fiestas-privadas\\\/\",\"name\":\"FIESTAS PRIVADAS - Folegandros Villas - Cyclades Greece - Luxurious Beachfront Villas - Residences\",\"isPartOf\":{\"@id\":\"https:\\\/\\\/folegandros-villas.com\\\/fullscreen\\\/home\\\/#website\"},\"primaryImageOfPage\":{\"@id\":\"https:\\\/\\\/folegandros-villas.com\\\/fullscreen\\\/home\\\/es\\\/fiestas-privadas\\\/#primaryimage\"},\"image\":{\"@id\":\"https:\\\/\\\/folegandros-villas.com\\\/fullscreen\\\/home\\\/es\\\/fiestas-privadas\\\/#primaryimage\"},\"thumbnailUrl\":\"https:\\\/\\\/folegandros-villas.com\\\/wp-content\\\/uploads\\\/2016\\\/12\\\/0-EVENTS-PRIVATE-PARTY-IMG_2876E.jpg\",\"datePublished\":\"2016-12-16T22:49:22+00:00\",\"dateModified\":\"2017-01-20T10:16:57+00:00\",\"breadcrumb\":{\"@id\":\"https:\\\/\\\/folegandros-villas.com\\\/fullscreen\\\/home\\\/es\\\/fiestas-privadas\\\/#breadcrumb\"},\"inLanguage\":\"en-US\",\"potentialAction\":[{\"@type\":\"ReadAction\",\"target\":[\"https:\\\/\\\/folegandros-villas.com\\\/fullscreen\\\/home\\\/es\\\/fiestas-privadas\\\/\"]}]},{\"@type\":\"ImageObject\",\"inLanguage\":\"en-US\",\"@id\":\"https:\\\/\\\/folegandros-villas.com\\\/fullscreen\\\/home\\\/es\\\/fiestas-privadas\\\/#primaryimage\",\"url\":\"https:\\\/\\\/folegandros-villas.com\\\/wp-content\\\/uploads\\\/2016\\\/12\\\/0-EVENTS-PRIVATE-PARTY-IMG_2876E.jpg\",\"contentUrl\":\"https:\\\/\\\/folegandros-villas.com\\\/wp-content\\\/uploads\\\/2016\\\/12\\\/0-EVENTS-PRIVATE-PARTY-IMG_2876E.jpg\",\"width\":1920,\"height\":1080},{\"@type\":\"BreadcrumbList\",\"@id\":\"https:\\\/\\\/folegandros-villas.com\\\/fullscreen\\\/home\\\/es\\\/fiestas-privadas\\\/#breadcrumb\",\"itemListElement\":[{\"@type\":\"ListItem\",\"position\":1,\"name\":\"Home\",\"item\":\"https:\\\/\\\/folegandros-villas.com\\\/fullscreen\\\/home\\\/el\\\/homepage\\\/\"},{\"@type\":\"ListItem\",\"position\":2,\"name\":\"FIESTAS PRIVADAS\"}]},{\"@type\":\"WebSite\",\"@id\":\"https:\\\/\\\/folegandros-villas.com\\\/fullscreen\\\/home\\\/#website\",\"url\":\"https:\\\/\\\/folegandros-villas.com\\\/fullscreen\\\/home\\\/\",\"name\":\"Folegandros Villas - Cyclades Greece - Luxurious Beachfront Villas - Residences\",\"description\":\"Folegandros Villas - Cyclades Greece - Luxurious Beachfront Villas - Residences\",\"potentialAction\":[{\"@type\":\"SearchAction\",\"target\":{\"@type\":\"EntryPoint\",\"urlTemplate\":\"https:\\\/\\\/folegandros-villas.com\\\/fullscreen\\\/home\\\/?s={search_term_string}\"},\"query-input\":{\"@type\":\"PropertyValueSpecification\",\"valueRequired\":true,\"valueName\":\"search_term_string\"}}],\"inLanguage\":\"en-US\"}]}<\/script>\n<!-- \/ Yoast SEO plugin. -->","yoast_head_json":{"title":"FIESTAS PRIVADAS - Folegandros Villas - Cyclades Greece - Luxurious Beachfront Villas - Residences","robots":{"index":"index","follow":"follow","max-snippet":"max-snippet:-1","max-image-preview":"max-image-preview:large","max-video-preview":"max-video-preview:-1"},"canonical":"https:\/\/folegandros-villas.com\/fullscreen\/home\/es\/fiestas-privadas\/","og_locale":"en_US","og_type":"article","og_title":"FIESTAS PRIVADAS - Folegandros Villas - Cyclades Greece - Luxurious Beachfront Villas - Residences","og_description":"&nbsp; Fiestas privadas S\u00f3lo v\u00e1lido en el caso de alquiler privado de todo el complejo tur\u00edstico. Organice una fiesta privada de cumplea\u00f1os y divi\u00e9rtase con sus amigos en nuestro lugar. Comparta los buenos momentos de su aniversario con sus seres queridos mientras goza de nuestra ubicaci\u00f3n m\u00e1gica as\u00ed como del servicio excelente de nuestro personal. &nbsp; &nbsp; &nbsp; &nbsp; &nbsp;","og_url":"https:\/\/folegandros-villas.com\/fullscreen\/home\/es\/fiestas-privadas\/","og_site_name":"Folegandros Villas - Cyclades Greece - Luxurious Beachfront Villas - Residences","article_modified_time":"2017-01-20T10:16:57+00:00","og_image":[{"width":1920,"height":1080,"url":"https:\/\/folegandros-villas.com\/wp-content\/uploads\/2016\/12\/0-EVENTS-PRIVATE-PARTY-IMG_2876E.jpg","type":"image\/jpeg"}],"twitter_misc":{"Est. reading time":"1 minute"},"schema":{"@context":"https:\/\/schema.org","@graph":[{"@type":"WebPage","@id":"https:\/\/folegandros-villas.com\/fullscreen\/home\/es\/fiestas-privadas\/","url":"https:\/\/folegandros-villas.com\/fullscreen\/home\/es\/fiestas-privadas\/","name":"FIESTAS PRIVADAS - Folegandros Villas - Cyclades Greece - Luxurious Beachfront Villas - Residences","isPartOf":{"@id":"https:\/\/folegandros-villas.com\/fullscreen\/home\/#website"},"primaryImageOfPage":{"@id":"https:\/\/folegandros-villas.com\/fullscreen\/home\/es\/fiestas-privadas\/#primaryimage"},"image":{"@id":"https:\/\/folegandros-villas.com\/fullscreen\/home\/es\/fiestas-privadas\/#primaryimage"},"thumbnailUrl":"https:\/\/folegandros-villas.com\/wp-content\/uploads\/2016\/12\/0-EVENTS-PRIVATE-PARTY-IMG_2876E.jpg","datePublished":"2016-12-16T22:49:22+00:00","dateModified":"2017-01-20T10:16:57+00:00","breadcrumb":{"@id":"https:\/\/folegandros-villas.com\/fullscreen\/home\/es\/fiestas-privadas\/#breadcrumb"},"inLanguage":"en-US","potentialAction":[{"@type":"ReadAction","target":["https:\/\/folegandros-villas.com\/fullscreen\/home\/es\/fiestas-privadas\/"]}]},{"@type":"ImageObject","inLanguage":"en-US","@id":"https:\/\/folegandros-villas.com\/fullscreen\/home\/es\/fiestas-privadas\/#primaryimage","url":"https:\/\/folegandros-villas.com\/wp-content\/uploads\/2016\/12\/0-EVENTS-PRIVATE-PARTY-IMG_2876E.jpg","contentUrl":"https:\/\/folegandros-villas.com\/wp-content\/uploads\/2016\/12\/0-EVENTS-PRIVATE-PARTY-IMG_2876E.jpg","width":1920,"height":1080},{"@type":"BreadcrumbList","@id":"https:\/\/folegandros-villas.com\/fullscreen\/home\/es\/fiestas-privadas\/#breadcrumb","itemListElement":[{"@type":"ListItem","position":1,"name":"Home","item":"https:\/\/folegandros-villas.com\/fullscreen\/home\/el\/homepage\/"},{"@type":"ListItem","position":2,"name":"FIESTAS PRIVADAS"}]},{"@type":"WebSite","@id":"https:\/\/folegandros-villas.com\/fullscreen\/home\/#website","url":"https:\/\/folegandros-villas.com\/fullscreen\/home\/","name":"Folegandros Villas - Cyclades Greece - Luxurious Beachfront Villas - Residences","description":"Folegandros Villas - Cyclades Greece - Luxurious Beachfront Villas - Residences","potentialAction":[{"@type":"SearchAction","target":{"@type":"EntryPoint","urlTemplate":"https:\/\/folegandros-villas.com\/fullscreen\/home\/?s={search_term_string}"},"query-input":{"@type":"PropertyValueSpecification","valueRequired":true,"valueName":"search_term_string"}}],"inLanguage":"en-US"}]}},"_links":{"self":[{"href":"https:\/\/folegandros-villas.com\/fullscreen\/home\/wp-json\/wp\/v2\/pages\/2737","targetHints":{"allow":["GET"]}}],"collection":[{"href":"https:\/\/folegandros-villas.com\/fullscreen\/home\/wp-json\/wp\/v2\/pages"}],"about":[{"href":"https:\/\/folegandros-villas.com\/fullscreen\/home\/wp-json\/wp\/v2\/types\/page"}],"author":[{"embeddable":true,"href":"https:\/\/folegandros-villas.com\/fullscreen\/home\/wp-json\/wp\/v2\/users\/3"}],"replies":[{"embeddable":true,"href":"https:\/\/folegandros-villas.com\/fullscreen\/home\/wp-json\/wp\/v2\/comments?post=2737"}],"version-history":[{"count":10,"href":"https:\/\/folegandros-villas.com\/fullscreen\/home\/wp-json\/wp\/v2\/pages\/2737\/revisions"}],"predecessor-version":[{"id":2964,"href":"https:\/\/folegandros-villas.com\/fullscreen\/home\/wp-json\/wp\/v2\/pages\/2737\/revisions\/2964"}],"wp:featuredmedia":[{"embeddable":true,"href":"https:\/\/folegandros-villas.com\/fullscreen\/home\/wp-json\/wp\/v2\/media\/2733"}],"wp:attachment":[{"href":"https:\/\/folegandros-villas.com\/fullscreen\/home\/wp-json\/wp\/v2\/media?parent=2737"}],"curies":[{"name":"wp","href":"https:\/\/api.w.org\/{rel}","templated":true}]}}