{"id":3220,"date":"2018-06-23T16:18:16","date_gmt":"2018-06-23T16:18:16","guid":{"rendered":"http:\/\/folegandros-villas.com\/fullscreen\/home\/?page_id=3220"},"modified":"2018-06-23T16:22:52","modified_gmt":"2018-06-23T16:22:52","slug":"sur-la-propriete","status":"publish","type":"page","link":"https:\/\/folegandros-villas.com\/fullscreen\/home\/fr\/sur-la-propriete\/","title":{"rendered":"SUR LA PROPRI\u00c9T\u00c9"},"content":{"rendered":"<p style=\"text-align: justify;\">Con\u00e7ues avec du respect pour le paysage et l&#8217;immensit\u00e9 de la mer, les villas dominent un des points les plus strat\u00e9giques de l&#8217;\u00eele. Situ\u00e9es respectueusement dans le milieu naturel, fond\u00e9es sur un vieux proverbe de l&#8217;\u00eele pr\u00f4nant la terre, elles sont am\u00e9nag\u00e9es de mani\u00e8re \u00e0 procurer les services de qualit\u00e9 d&#8217;une r\u00e9sidence bioclimatique contemporaine qui respecte l&#8217;environnement et le visiteur, tout en entretenant une harmonie parfaite avec la sobri\u00e9t\u00e9 unique de l&#8217;architecture du paysage cycladique.<\/p>\n<p style=\"text-align: justify;\">Construites avec des mat\u00e9riaux typiques des habitations cycladiques, -la pierre sculpt\u00e9e et le bois du chata\u00eegnier par excellence, combin\u00e9s aux techniques de ciment faites \u00e0 la main-, les villas offrent g\u00e9n\u00e9reusement au visiteur l&#8217;ambiance chaleureuse qu&#8217;on a toujours retrouv\u00e9e dans les Cyclades au fil des si\u00e8cles.<\/p>\n<p style=\"text-align: justify;\">Comme, autrefois, la propri\u00e9t\u00e9 disposait d&#8217;un des meilleurs vignobles de l&#8217;\u00eele, \u00e0 son propre microclimat du fait de son emplacement, pendant la construction des r\u00e9sidences on a pris garde \u00e0 ce qu&#8217;on ne perde pas les graines ou l&#8217;humus du sol et on a agi par amour \u00e0 la terre de sorte que les villas s&#8217;int\u00e8grent au paysage le plus naturellement possible. Chaque pierre sculpt\u00e9e faisant partie des anciennes terrasses \u00e0 gradins inclin\u00e9s du domaine, a \u00e9t\u00e9 ramass\u00e9e une \u00e0 une par \u00e9gard pour les anciens artisans de la pierre et a \u00e9t\u00e9 replac\u00e9e \u00e0 un endroit appropri\u00e9. Toute construction et tout objet ajout\u00e9s au site sont en accord avec le mode de vie d&#8217;autrefois men\u00e9e par les habitants magnifiques et g\u00e9n\u00e9reux des Cyclades.<\/p>\n","protected":false},"excerpt":{"rendered":"<p>Con\u00e7ues avec du respect pour le paysage et l&#8217;immensit\u00e9 de la mer, les villas dominent un des points les plus strat\u00e9giques de l&#8217;\u00eele. Situ\u00e9es respectueusement dans le milieu naturel, fond\u00e9es sur un vieux proverbe de l&#8217;\u00eele pr\u00f4nant la terre, elles sont am\u00e9nag\u00e9es de mani\u00e8re \u00e0 procurer les services de qualit\u00e9 d&#8217;une r\u00e9sidence bioclimatique contemporaine qui respecte l&#8217;environnement et le visiteur, tout en entretenant une harmonie parfaite avec la sobri\u00e9t\u00e9 unique de l&#8217;architecture du paysage cycladique. Construites avec des mat\u00e9riaux typiques [&hellip;]<\/p>\n","protected":false},"author":1,"featured_media":2825,"parent":0,"menu_order":0,"comment_status":"open","ping_status":"open","template":"","meta":{"footnotes":""},"class_list":["post-3220","page","type-page","status-publish","has-post-thumbnail","hentry"],"yoast_head":"<!-- This site is optimized with the Yoast SEO plugin v27.4 - https:\/\/yoast.com\/product\/yoast-seo-wordpress\/ -->\n<title>SUR LA PROPRI\u00c9T\u00c9 - Folegandros Villas - Cyclades Greece - Luxurious Beachfront Villas - Residences<\/title>\n<meta name=\"robots\" content=\"index, follow, max-snippet:-1, max-image-preview:large, max-video-preview:-1\" \/>\n<link rel=\"canonical\" href=\"https:\/\/folegandros-villas.com\/fullscreen\/home\/fr\/sur-la-propriete\/\" \/>\n<meta property=\"og:locale\" content=\"en_US\" \/>\n<meta property=\"og:type\" content=\"article\" \/>\n<meta property=\"og:title\" content=\"SUR LA PROPRI\u00c9T\u00c9 - Folegandros Villas - Cyclades Greece - Luxurious Beachfront Villas - Residences\" \/>\n<meta property=\"og:description\" content=\"Con\u00e7ues avec du respect pour le paysage et l&#8217;immensit\u00e9 de la mer, les villas dominent un des points les plus strat\u00e9giques de l&#8217;\u00eele. Situ\u00e9es respectueusement dans le milieu naturel, fond\u00e9es sur un vieux proverbe de l&#8217;\u00eele pr\u00f4nant la terre, elles sont am\u00e9nag\u00e9es de mani\u00e8re \u00e0 procurer les services de qualit\u00e9 d&#8217;une r\u00e9sidence bioclimatique contemporaine qui respecte l&#8217;environnement et le visiteur, tout en entretenant une harmonie parfaite avec la sobri\u00e9t\u00e9 unique de l&#8217;architecture du paysage cycladique. Construites avec des mat\u00e9riaux typiques [&hellip;]\" \/>\n<meta property=\"og:url\" content=\"https:\/\/folegandros-villas.com\/fullscreen\/home\/fr\/sur-la-propriete\/\" \/>\n<meta property=\"og:site_name\" content=\"Folegandros Villas - Cyclades Greece - Luxurious Beachfront Villas - Residences\" \/>\n<meta property=\"article:modified_time\" content=\"2018-06-23T16:22:52+00:00\" \/>\n<meta property=\"og:image\" content=\"https:\/\/folegandros-villas.com\/wp-content\/uploads\/2014\/11\/0-ABOUT-ESTATE-NEW-BACKGROUND-basicB-5LOWRES.jpg\" \/>\n\t<meta property=\"og:image:width\" content=\"1920\" \/>\n\t<meta property=\"og:image:height\" content=\"1080\" \/>\n\t<meta property=\"og:image:type\" content=\"image\/jpeg\" \/>\n<meta name=\"twitter:label1\" content=\"Est. reading time\" \/>\n\t<meta name=\"twitter:data1\" content=\"1 minute\" \/>\n<script type=\"application\/ld+json\" class=\"yoast-schema-graph\">{\"@context\":\"https:\\\/\\\/schema.org\",\"@graph\":[{\"@type\":\"WebPage\",\"@id\":\"https:\\\/\\\/folegandros-villas.com\\\/fullscreen\\\/home\\\/fr\\\/sur-la-propriete\\\/\",\"url\":\"https:\\\/\\\/folegandros-villas.com\\\/fullscreen\\\/home\\\/fr\\\/sur-la-propriete\\\/\",\"name\":\"SUR LA PROPRI\u00c9T\u00c9 - Folegandros Villas - Cyclades Greece - Luxurious Beachfront Villas - Residences\",\"isPartOf\":{\"@id\":\"https:\\\/\\\/folegandros-villas.com\\\/fullscreen\\\/home\\\/#website\"},\"primaryImageOfPage\":{\"@id\":\"https:\\\/\\\/folegandros-villas.com\\\/fullscreen\\\/home\\\/fr\\\/sur-la-propriete\\\/#primaryimage\"},\"image\":{\"@id\":\"https:\\\/\\\/folegandros-villas.com\\\/fullscreen\\\/home\\\/fr\\\/sur-la-propriete\\\/#primaryimage\"},\"thumbnailUrl\":\"https:\\\/\\\/folegandros-villas.com\\\/wp-content\\\/uploads\\\/2014\\\/11\\\/0-ABOUT-ESTATE-NEW-BACKGROUND-basicB-5LOWRES.jpg\",\"datePublished\":\"2018-06-23T16:18:16+00:00\",\"dateModified\":\"2018-06-23T16:22:52+00:00\",\"breadcrumb\":{\"@id\":\"https:\\\/\\\/folegandros-villas.com\\\/fullscreen\\\/home\\\/fr\\\/sur-la-propriete\\\/#breadcrumb\"},\"inLanguage\":\"en-US\",\"potentialAction\":[{\"@type\":\"ReadAction\",\"target\":[\"https:\\\/\\\/folegandros-villas.com\\\/fullscreen\\\/home\\\/fr\\\/sur-la-propriete\\\/\"]}]},{\"@type\":\"ImageObject\",\"inLanguage\":\"en-US\",\"@id\":\"https:\\\/\\\/folegandros-villas.com\\\/fullscreen\\\/home\\\/fr\\\/sur-la-propriete\\\/#primaryimage\",\"url\":\"https:\\\/\\\/folegandros-villas.com\\\/wp-content\\\/uploads\\\/2014\\\/11\\\/0-ABOUT-ESTATE-NEW-BACKGROUND-basicB-5LOWRES.jpg\",\"contentUrl\":\"https:\\\/\\\/folegandros-villas.com\\\/wp-content\\\/uploads\\\/2014\\\/11\\\/0-ABOUT-ESTATE-NEW-BACKGROUND-basicB-5LOWRES.jpg\",\"width\":1920,\"height\":1080},{\"@type\":\"BreadcrumbList\",\"@id\":\"https:\\\/\\\/folegandros-villas.com\\\/fullscreen\\\/home\\\/fr\\\/sur-la-propriete\\\/#breadcrumb\",\"itemListElement\":[{\"@type\":\"ListItem\",\"position\":1,\"name\":\"Home\",\"item\":\"https:\\\/\\\/folegandros-villas.com\\\/fullscreen\\\/home\\\/el\\\/homepage\\\/\"},{\"@type\":\"ListItem\",\"position\":2,\"name\":\"SUR LA PROPRI\u00c9T\u00c9\"}]},{\"@type\":\"WebSite\",\"@id\":\"https:\\\/\\\/folegandros-villas.com\\\/fullscreen\\\/home\\\/#website\",\"url\":\"https:\\\/\\\/folegandros-villas.com\\\/fullscreen\\\/home\\\/\",\"name\":\"Folegandros Villas - Cyclades Greece - Luxurious Beachfront Villas - Residences\",\"description\":\"Folegandros Villas - Cyclades Greece - Luxurious Beachfront Villas - Residences\",\"potentialAction\":[{\"@type\":\"SearchAction\",\"target\":{\"@type\":\"EntryPoint\",\"urlTemplate\":\"https:\\\/\\\/folegandros-villas.com\\\/fullscreen\\\/home\\\/?s={search_term_string}\"},\"query-input\":{\"@type\":\"PropertyValueSpecification\",\"valueRequired\":true,\"valueName\":\"search_term_string\"}}],\"inLanguage\":\"en-US\"}]}<\/script>\n<!-- \/ Yoast SEO plugin. -->","yoast_head_json":{"title":"SUR LA PROPRI\u00c9T\u00c9 - Folegandros Villas - Cyclades Greece - Luxurious Beachfront Villas - Residences","robots":{"index":"index","follow":"follow","max-snippet":"max-snippet:-1","max-image-preview":"max-image-preview:large","max-video-preview":"max-video-preview:-1"},"canonical":"https:\/\/folegandros-villas.com\/fullscreen\/home\/fr\/sur-la-propriete\/","og_locale":"en_US","og_type":"article","og_title":"SUR LA PROPRI\u00c9T\u00c9 - Folegandros Villas - Cyclades Greece - Luxurious Beachfront Villas - Residences","og_description":"Con\u00e7ues avec du respect pour le paysage et l&#8217;immensit\u00e9 de la mer, les villas dominent un des points les plus strat\u00e9giques de l&#8217;\u00eele. Situ\u00e9es respectueusement dans le milieu naturel, fond\u00e9es sur un vieux proverbe de l&#8217;\u00eele pr\u00f4nant la terre, elles sont am\u00e9nag\u00e9es de mani\u00e8re \u00e0 procurer les services de qualit\u00e9 d&#8217;une r\u00e9sidence bioclimatique contemporaine qui respecte l&#8217;environnement et le visiteur, tout en entretenant une harmonie parfaite avec la sobri\u00e9t\u00e9 unique de l&#8217;architecture du paysage cycladique. Construites avec des mat\u00e9riaux typiques [&hellip;]","og_url":"https:\/\/folegandros-villas.com\/fullscreen\/home\/fr\/sur-la-propriete\/","og_site_name":"Folegandros Villas - Cyclades Greece - Luxurious Beachfront Villas - Residences","article_modified_time":"2018-06-23T16:22:52+00:00","og_image":[{"width":1920,"height":1080,"url":"https:\/\/folegandros-villas.com\/wp-content\/uploads\/2014\/11\/0-ABOUT-ESTATE-NEW-BACKGROUND-basicB-5LOWRES.jpg","type":"image\/jpeg"}],"twitter_misc":{"Est. reading time":"1 minute"},"schema":{"@context":"https:\/\/schema.org","@graph":[{"@type":"WebPage","@id":"https:\/\/folegandros-villas.com\/fullscreen\/home\/fr\/sur-la-propriete\/","url":"https:\/\/folegandros-villas.com\/fullscreen\/home\/fr\/sur-la-propriete\/","name":"SUR LA PROPRI\u00c9T\u00c9 - Folegandros Villas - Cyclades Greece - Luxurious Beachfront Villas - Residences","isPartOf":{"@id":"https:\/\/folegandros-villas.com\/fullscreen\/home\/#website"},"primaryImageOfPage":{"@id":"https:\/\/folegandros-villas.com\/fullscreen\/home\/fr\/sur-la-propriete\/#primaryimage"},"image":{"@id":"https:\/\/folegandros-villas.com\/fullscreen\/home\/fr\/sur-la-propriete\/#primaryimage"},"thumbnailUrl":"https:\/\/folegandros-villas.com\/wp-content\/uploads\/2014\/11\/0-ABOUT-ESTATE-NEW-BACKGROUND-basicB-5LOWRES.jpg","datePublished":"2018-06-23T16:18:16+00:00","dateModified":"2018-06-23T16:22:52+00:00","breadcrumb":{"@id":"https:\/\/folegandros-villas.com\/fullscreen\/home\/fr\/sur-la-propriete\/#breadcrumb"},"inLanguage":"en-US","potentialAction":[{"@type":"ReadAction","target":["https:\/\/folegandros-villas.com\/fullscreen\/home\/fr\/sur-la-propriete\/"]}]},{"@type":"ImageObject","inLanguage":"en-US","@id":"https:\/\/folegandros-villas.com\/fullscreen\/home\/fr\/sur-la-propriete\/#primaryimage","url":"https:\/\/folegandros-villas.com\/wp-content\/uploads\/2014\/11\/0-ABOUT-ESTATE-NEW-BACKGROUND-basicB-5LOWRES.jpg","contentUrl":"https:\/\/folegandros-villas.com\/wp-content\/uploads\/2014\/11\/0-ABOUT-ESTATE-NEW-BACKGROUND-basicB-5LOWRES.jpg","width":1920,"height":1080},{"@type":"BreadcrumbList","@id":"https:\/\/folegandros-villas.com\/fullscreen\/home\/fr\/sur-la-propriete\/#breadcrumb","itemListElement":[{"@type":"ListItem","position":1,"name":"Home","item":"https:\/\/folegandros-villas.com\/fullscreen\/home\/el\/homepage\/"},{"@type":"ListItem","position":2,"name":"SUR LA PROPRI\u00c9T\u00c9"}]},{"@type":"WebSite","@id":"https:\/\/folegandros-villas.com\/fullscreen\/home\/#website","url":"https:\/\/folegandros-villas.com\/fullscreen\/home\/","name":"Folegandros Villas - Cyclades Greece - Luxurious Beachfront Villas - Residences","description":"Folegandros Villas - Cyclades Greece - Luxurious Beachfront Villas - Residences","potentialAction":[{"@type":"SearchAction","target":{"@type":"EntryPoint","urlTemplate":"https:\/\/folegandros-villas.com\/fullscreen\/home\/?s={search_term_string}"},"query-input":{"@type":"PropertyValueSpecification","valueRequired":true,"valueName":"search_term_string"}}],"inLanguage":"en-US"}]}},"_links":{"self":[{"href":"https:\/\/folegandros-villas.com\/fullscreen\/home\/wp-json\/wp\/v2\/pages\/3220","targetHints":{"allow":["GET"]}}],"collection":[{"href":"https:\/\/folegandros-villas.com\/fullscreen\/home\/wp-json\/wp\/v2\/pages"}],"about":[{"href":"https:\/\/folegandros-villas.com\/fullscreen\/home\/wp-json\/wp\/v2\/types\/page"}],"author":[{"embeddable":true,"href":"https:\/\/folegandros-villas.com\/fullscreen\/home\/wp-json\/wp\/v2\/users\/1"}],"replies":[{"embeddable":true,"href":"https:\/\/folegandros-villas.com\/fullscreen\/home\/wp-json\/wp\/v2\/comments?post=3220"}],"version-history":[{"count":2,"href":"https:\/\/folegandros-villas.com\/fullscreen\/home\/wp-json\/wp\/v2\/pages\/3220\/revisions"}],"predecessor-version":[{"id":3223,"href":"https:\/\/folegandros-villas.com\/fullscreen\/home\/wp-json\/wp\/v2\/pages\/3220\/revisions\/3223"}],"wp:featuredmedia":[{"embeddable":true,"href":"https:\/\/folegandros-villas.com\/fullscreen\/home\/wp-json\/wp\/v2\/media\/2825"}],"wp:attachment":[{"href":"https:\/\/folegandros-villas.com\/fullscreen\/home\/wp-json\/wp\/v2\/media?parent=3220"}],"curies":[{"name":"wp","href":"https:\/\/api.w.org\/{rel}","templated":true}]}}