{"id":3228,"date":"2018-06-23T17:54:31","date_gmt":"2018-06-23T17:54:31","guid":{"rendered":"http:\/\/folegandros-villas.com\/fullscreen\/home\/?page_id=3228"},"modified":"2018-06-23T17:54:31","modified_gmt":"2018-06-23T17:54:31","slug":"bienvenue","status":"publish","type":"page","link":"https:\/\/folegandros-villas.com\/fullscreen\/home\/fr\/bienvenue\/","title":{"rendered":"BIENVENUE"},"content":{"rendered":"<p><strong>Service de r\u00e9ception<\/strong><\/p>\n<p>Dans un lieu unique, l&#8217;espace de la bienvenue ne pourrait que donner la sensation d&#8217;\u00eatre sur le pont d&#8217;un bateau de croisi\u00e8re.<\/p>\n<p>\u00c0 votre arriv\u00e9e, notre personnel vous accueillera avec des boissons rafra\u00eechissantes ou du caf\u00e9. Soucieux de vous fournir des conseils pr\u00e9cieux pour la meilleure planification de votre s\u00e9jour sur l&#8217;\u00eele de Folegandros, nous vous demandons: \u201cQu&#8217;est-ce que nous pouvons faire pour vous? \u201d <\/p>\n<p><strong>Conciergerie, Folegandros Villas<\/strong><\/p>\n<p><strong>Conseils<\/strong><\/p>\n<p>Toujours \u00e0 l&#8217;\u00e9coute de vos besoins, nous procurons des r\u00e9ponses, nous vous guidons et veillons \u00e0 faire de vos vacances une exp\u00e9rience parfaite. Le personnel du service de conciergerie est \u00e0 votre disposition pour vous offrir des informations et des conseils qui faciliteront le bon d\u00e9roulement de votre s\u00e9jour et le rendront vraiment agr\u00e9able. <\/p>\n","protected":false},"excerpt":{"rendered":"<p>Service de r\u00e9ception Dans un lieu unique, l&#8217;espace de la bienvenue ne pourrait que donner la sensation d&#8217;\u00eatre sur le pont d&#8217;un bateau de croisi\u00e8re. \u00c0 votre arriv\u00e9e, notre personnel vous accueillera avec des boissons rafra\u00eechissantes ou du caf\u00e9. Soucieux de vous fournir des conseils pr\u00e9cieux pour la meilleure planification de votre s\u00e9jour sur l&#8217;\u00eele de Folegandros, nous vous demandons: \u201cQu&#8217;est-ce que nous pouvons faire pour vous? \u201d Conciergerie, Folegandros Villas Conseils Toujours \u00e0 l&#8217;\u00e9coute de vos besoins, nous procurons [&hellip;]<\/p>\n","protected":false},"author":1,"featured_media":0,"parent":0,"menu_order":0,"comment_status":"open","ping_status":"open","template":"","meta":{"footnotes":""},"class_list":["post-3228","page","type-page","status-publish","hentry"],"yoast_head":"<!-- This site is optimized with the Yoast SEO plugin v27.4 - https:\/\/yoast.com\/product\/yoast-seo-wordpress\/ -->\n<title>BIENVENUE - Folegandros Villas - Cyclades Greece - Luxurious Beachfront Villas - Residences<\/title>\n<meta name=\"robots\" content=\"index, follow, max-snippet:-1, max-image-preview:large, max-video-preview:-1\" \/>\n<link rel=\"canonical\" href=\"https:\/\/folegandros-villas.com\/fullscreen\/home\/fr\/bienvenue\/\" \/>\n<meta property=\"og:locale\" content=\"en_US\" \/>\n<meta property=\"og:type\" content=\"article\" \/>\n<meta property=\"og:title\" content=\"BIENVENUE - Folegandros Villas - Cyclades Greece - Luxurious Beachfront Villas - Residences\" \/>\n<meta property=\"og:description\" content=\"Service de r\u00e9ception Dans un lieu unique, l&#8217;espace de la bienvenue ne pourrait que donner la sensation d&#8217;\u00eatre sur le pont d&#8217;un bateau de croisi\u00e8re. \u00c0 votre arriv\u00e9e, notre personnel vous accueillera avec des boissons rafra\u00eechissantes ou du caf\u00e9. Soucieux de vous fournir des conseils pr\u00e9cieux pour la meilleure planification de votre s\u00e9jour sur l&#8217;\u00eele de Folegandros, nous vous demandons: \u201cQu&#8217;est-ce que nous pouvons faire pour vous? \u201d Conciergerie, Folegandros Villas Conseils Toujours \u00e0 l&#8217;\u00e9coute de vos besoins, nous procurons [&hellip;]\" \/>\n<meta property=\"og:url\" content=\"https:\/\/folegandros-villas.com\/fullscreen\/home\/fr\/bienvenue\/\" \/>\n<meta property=\"og:site_name\" content=\"Folegandros Villas - Cyclades Greece - Luxurious Beachfront Villas - Residences\" \/>\n<meta name=\"twitter:label1\" content=\"Est. reading time\" \/>\n\t<meta name=\"twitter:data1\" content=\"1 minute\" \/>\n<script type=\"application\/ld+json\" class=\"yoast-schema-graph\">{\"@context\":\"https:\\\/\\\/schema.org\",\"@graph\":[{\"@type\":\"WebPage\",\"@id\":\"https:\\\/\\\/folegandros-villas.com\\\/fullscreen\\\/home\\\/fr\\\/bienvenue\\\/\",\"url\":\"https:\\\/\\\/folegandros-villas.com\\\/fullscreen\\\/home\\\/fr\\\/bienvenue\\\/\",\"name\":\"BIENVENUE - Folegandros Villas - Cyclades Greece - Luxurious Beachfront Villas - Residences\",\"isPartOf\":{\"@id\":\"https:\\\/\\\/folegandros-villas.com\\\/fullscreen\\\/home\\\/#website\"},\"datePublished\":\"2018-06-23T17:54:31+00:00\",\"breadcrumb\":{\"@id\":\"https:\\\/\\\/folegandros-villas.com\\\/fullscreen\\\/home\\\/fr\\\/bienvenue\\\/#breadcrumb\"},\"inLanguage\":\"en-US\",\"potentialAction\":[{\"@type\":\"ReadAction\",\"target\":[\"https:\\\/\\\/folegandros-villas.com\\\/fullscreen\\\/home\\\/fr\\\/bienvenue\\\/\"]}]},{\"@type\":\"BreadcrumbList\",\"@id\":\"https:\\\/\\\/folegandros-villas.com\\\/fullscreen\\\/home\\\/fr\\\/bienvenue\\\/#breadcrumb\",\"itemListElement\":[{\"@type\":\"ListItem\",\"position\":1,\"name\":\"Home\",\"item\":\"https:\\\/\\\/folegandros-villas.com\\\/fullscreen\\\/home\\\/el\\\/homepage\\\/\"},{\"@type\":\"ListItem\",\"position\":2,\"name\":\"BIENVENUE\"}]},{\"@type\":\"WebSite\",\"@id\":\"https:\\\/\\\/folegandros-villas.com\\\/fullscreen\\\/home\\\/#website\",\"url\":\"https:\\\/\\\/folegandros-villas.com\\\/fullscreen\\\/home\\\/\",\"name\":\"Folegandros Villas - Cyclades Greece - Luxurious Beachfront Villas - Residences\",\"description\":\"Folegandros Villas - Cyclades Greece - Luxurious Beachfront Villas - Residences\",\"potentialAction\":[{\"@type\":\"SearchAction\",\"target\":{\"@type\":\"EntryPoint\",\"urlTemplate\":\"https:\\\/\\\/folegandros-villas.com\\\/fullscreen\\\/home\\\/?s={search_term_string}\"},\"query-input\":{\"@type\":\"PropertyValueSpecification\",\"valueRequired\":true,\"valueName\":\"search_term_string\"}}],\"inLanguage\":\"en-US\"}]}<\/script>\n<!-- \/ Yoast SEO plugin. -->","yoast_head_json":{"title":"BIENVENUE - Folegandros Villas - Cyclades Greece - Luxurious Beachfront Villas - Residences","robots":{"index":"index","follow":"follow","max-snippet":"max-snippet:-1","max-image-preview":"max-image-preview:large","max-video-preview":"max-video-preview:-1"},"canonical":"https:\/\/folegandros-villas.com\/fullscreen\/home\/fr\/bienvenue\/","og_locale":"en_US","og_type":"article","og_title":"BIENVENUE - Folegandros Villas - Cyclades Greece - Luxurious Beachfront Villas - Residences","og_description":"Service de r\u00e9ception Dans un lieu unique, l&#8217;espace de la bienvenue ne pourrait que donner la sensation d&#8217;\u00eatre sur le pont d&#8217;un bateau de croisi\u00e8re. \u00c0 votre arriv\u00e9e, notre personnel vous accueillera avec des boissons rafra\u00eechissantes ou du caf\u00e9. Soucieux de vous fournir des conseils pr\u00e9cieux pour la meilleure planification de votre s\u00e9jour sur l&#8217;\u00eele de Folegandros, nous vous demandons: \u201cQu&#8217;est-ce que nous pouvons faire pour vous? \u201d Conciergerie, Folegandros Villas Conseils Toujours \u00e0 l&#8217;\u00e9coute de vos besoins, nous procurons [&hellip;]","og_url":"https:\/\/folegandros-villas.com\/fullscreen\/home\/fr\/bienvenue\/","og_site_name":"Folegandros Villas - Cyclades Greece - Luxurious Beachfront Villas - Residences","twitter_misc":{"Est. reading time":"1 minute"},"schema":{"@context":"https:\/\/schema.org","@graph":[{"@type":"WebPage","@id":"https:\/\/folegandros-villas.com\/fullscreen\/home\/fr\/bienvenue\/","url":"https:\/\/folegandros-villas.com\/fullscreen\/home\/fr\/bienvenue\/","name":"BIENVENUE - Folegandros Villas - Cyclades Greece - Luxurious Beachfront Villas - Residences","isPartOf":{"@id":"https:\/\/folegandros-villas.com\/fullscreen\/home\/#website"},"datePublished":"2018-06-23T17:54:31+00:00","breadcrumb":{"@id":"https:\/\/folegandros-villas.com\/fullscreen\/home\/fr\/bienvenue\/#breadcrumb"},"inLanguage":"en-US","potentialAction":[{"@type":"ReadAction","target":["https:\/\/folegandros-villas.com\/fullscreen\/home\/fr\/bienvenue\/"]}]},{"@type":"BreadcrumbList","@id":"https:\/\/folegandros-villas.com\/fullscreen\/home\/fr\/bienvenue\/#breadcrumb","itemListElement":[{"@type":"ListItem","position":1,"name":"Home","item":"https:\/\/folegandros-villas.com\/fullscreen\/home\/el\/homepage\/"},{"@type":"ListItem","position":2,"name":"BIENVENUE"}]},{"@type":"WebSite","@id":"https:\/\/folegandros-villas.com\/fullscreen\/home\/#website","url":"https:\/\/folegandros-villas.com\/fullscreen\/home\/","name":"Folegandros Villas - Cyclades Greece - Luxurious Beachfront Villas - Residences","description":"Folegandros Villas - Cyclades Greece - Luxurious Beachfront Villas - Residences","potentialAction":[{"@type":"SearchAction","target":{"@type":"EntryPoint","urlTemplate":"https:\/\/folegandros-villas.com\/fullscreen\/home\/?s={search_term_string}"},"query-input":{"@type":"PropertyValueSpecification","valueRequired":true,"valueName":"search_term_string"}}],"inLanguage":"en-US"}]}},"_links":{"self":[{"href":"https:\/\/folegandros-villas.com\/fullscreen\/home\/wp-json\/wp\/v2\/pages\/3228","targetHints":{"allow":["GET"]}}],"collection":[{"href":"https:\/\/folegandros-villas.com\/fullscreen\/home\/wp-json\/wp\/v2\/pages"}],"about":[{"href":"https:\/\/folegandros-villas.com\/fullscreen\/home\/wp-json\/wp\/v2\/types\/page"}],"author":[{"embeddable":true,"href":"https:\/\/folegandros-villas.com\/fullscreen\/home\/wp-json\/wp\/v2\/users\/1"}],"replies":[{"embeddable":true,"href":"https:\/\/folegandros-villas.com\/fullscreen\/home\/wp-json\/wp\/v2\/comments?post=3228"}],"version-history":[{"count":1,"href":"https:\/\/folegandros-villas.com\/fullscreen\/home\/wp-json\/wp\/v2\/pages\/3228\/revisions"}],"predecessor-version":[{"id":3229,"href":"https:\/\/folegandros-villas.com\/fullscreen\/home\/wp-json\/wp\/v2\/pages\/3228\/revisions\/3229"}],"wp:attachment":[{"href":"https:\/\/folegandros-villas.com\/fullscreen\/home\/wp-json\/wp\/v2\/media?parent=3228"}],"curies":[{"name":"wp","href":"https:\/\/api.w.org\/{rel}","templated":true}]}}