{"id":3258,"date":"2018-06-23T19:39:13","date_gmt":"2018-06-23T19:39:13","guid":{"rendered":"http:\/\/folegandros-villas.com\/fullscreen\/home\/?page_id=3258"},"modified":"2025-10-31T00:40:02","modified_gmt":"2025-10-30T22:40:02","slug":"prestations","status":"publish","type":"page","link":"https:\/\/folegandros-villas.com\/fullscreen\/home\/fr\/prestations\/","title":{"rendered":"PRESTATIONS"},"content":{"rendered":"<div class=\"lightbox-shortcode lightbox-shortcode-center\" style=\"margin:0 auto; text-align:center;\"><a data-lightbox=\"magnific-image\" title=\"\" href=\"https:\/\/folegandros-villas.com\/wp-content\/uploads\/2016\/12\/1-FACILITES-IMG_8074E-LOW-RES.jpg\"><span class=\"shortcode-lightbox-indicate\"><i class=\"fa fa-plus\"><\/i><\/span><img decoding=\"async\" src=\"https:\/\/folegandros-villas.com\/wp-content\/uploads\/2016\/12\/1-FACILITES-IMG_8074E-LOW-RES.jpg\" class=\"is-lightbox \" alt=\"thumbnail\" \/><\/a><\/div>\n<p>&nbsp;<\/p>\n<table style=\"border: 0;\" width=\"632\">\n<tbody>\n<tr>\n<td style=\"text-align: center;\" width=\"632\"><strong>SERVICES STANDARD<\/strong><\/td>\n<\/tr>\n<tr>\n<td style=\"border: 0;\">\n<p style=\"text-align: center;\">Covid-19 compliance basic on our Operational Protocol<br \/>\nCheck out 11.00<br \/>\nCheck in 16.00<br \/>\nReception desk opening hours 08.00-18.00 7days<br \/>\nWelcome upon arrival<br \/>\nConcierge service 24hours \/ 7days<br \/>\nOn line check-in before arrival<br \/>\nOn line check-out before depurture<br \/>\nPool openings hours 09:00 &#8211; 21:00 plus showers &amp; sunbeds<br \/>\nGym opening hours 09:00 &#8211; 21:00<br \/>\nLending library opening hours 08:00 &#8211; 18:00<br \/>\nBasket Breakfast delivered in Villa (above Continental) delivered hours 08:30 &#8211; 11:00<br \/>\nTransportation from\/to port (outsourcing services)<br \/>\nTransportation from\/to heliport (outsourcing services)<br \/>\nTrasportation from\/to Boat slip \/ ramp (outsourcing services)<br \/>\nDaily Maid service 09:00-16:00<br \/>\nChange of sheets every 2 days<br \/>\nDaily Change of towels<br \/>\nProvided Pool \/beach towels<br \/>\nShopping grocery (outsourcing services)<br \/>\nPostal\/parcel services<br \/>\nMassage &amp; Beauty treatments (outsourcing services)<br \/>\nIn Villa Laundry service according our rates (upon request)<br \/>\nDisabled \/ Wheel chair Friendly (in ground floor) &#8211; upon reques<br \/>\nBaby friendly (Baby-cot \/ baby seat \/ Go-Cart)<br \/>\nChild friendly (Cot bed)<br \/>\nPet friendly according our pet policy<br \/>\nNo smoking Policy<br \/>\nPrivate Temporary accommodation\/Hostel &#8211; upon request<br \/>\nOffering organic vegetables, herbs &amp; fruits upon availability<br \/>\nRemezzo for Boats\/Ribs\/ Yachts of customers &#8211; upon request<br \/>\nParking area (on &amp; outside property)<br \/>\nBoat Trailer Parking (on property)<br \/>\nBoat slip \/ ramp (outside property)<br \/>\nRemezzo for RIB (on the beach in front of the villas) upon request<br \/>\nRental RIB (outsourcing services)<br \/>\nPrivate Sea Cruises with guide-driver in RIB (outsourcing services)<br \/>\nPrivate cabin boat Sea Cruises (outsourcing services)<br \/>\nPrivate Sea Tranfer from\/to airport of Santorini by cabin boat (outsourcing services)<br \/>\nFree diving \/ Snorkelling with Private U\/W guide, included RIB (outsourcing services)<br \/>\nSpearfishing Blue Water \/ Reefs with Private U\/W guide, included RIB (outsourcing services)<br \/>\nFree diving &#8211; Filming\/Photography with Private U\/W guide,included RIB (outsourcing services)<br \/>\nRental Equipment for underwater Filming &amp; Photography (outsourcing services)<br \/>\nTrolling\/Fishing with Private guide, included RIB (outsourcing services)<br \/>\nScuba diving with Private U\/W guide \/ PADI (outsourcing services)<\/p>\n<\/td>\n<\/tr>\n<tr>\n<td style=\"border: 0;\"><\/td>\n<\/tr>\n<tr>\n<td style=\"text-align: center;\"><strong>SERVICES EXTRA (sur demande)<\/strong><\/td>\n<\/tr>\n<tr>\n<td style=\"border: 0;\">Buffet petit-d\u00e9jeuner\/horaire: 08:30 \u2013 11:00<\/td>\n<\/tr>\n<tr>\n<td style=\"border: 0;\">D\u00eeners priv\u00e9s (sur demande)<\/td>\n<\/tr>\n<tr>\n<td style=\"border: 0;\">Barbecue<\/td>\n<\/tr>\n<tr>\n<td style=\"border: 0;\">Service de blanchisserie (dans la propri\u00e9t\u00e9)<\/td>\n<\/tr>\n<tr>\n<td style=\"border: 0;\">Massage et soins de beaut\u00e9 (collaborateur ext\u00e9rieur)<\/td>\n<\/tr>\n<tr>\n<td style=\"border: 0;\"><\/td>\n<\/tr>\n<tr>\n<td style=\"border: 0;\">Location des bateaux\/ RIB<\/td>\n<\/tr>\n<tr>\n<td style=\"border: 0;\">Croisi\u00e8re priv\u00e9e avec guide-conducteur en RIB<\/td>\n<\/tr>\n<tr>\n<td style=\"border: 0;\">Croisi\u00e8re priv\u00e9e en bateau \u00e0 moteur avec cabine (collaborateur ext\u00e9rieur)<\/td>\n<\/tr>\n<tr>\n<td style=\"border: 0;\">Transfert priv\u00e9 de et vers l&#8217;a\u00e9roport de Santorin en bateau \u00e0 moteur avec cabine (collaborateur ext\u00e9rieur)<\/td>\n<\/tr>\n<tr>\n<td style=\"border: 0;\">Plong\u00e9e en apn\u00e9e\/ Snorkeling avec guide priv\u00e9 (U\/W), RIB inclus<\/td>\n<\/tr>\n<tr>\n<td style=\"border: 0;\">R\u00e9cifs au grand bleu\/ P\u00eache sous-marine avec guide priv\u00e9 (U\/W), RIB inclus<\/td>\n<\/tr>\n<tr>\n<td style=\"border: 0;\">Plong\u00e9e en apn\u00e9e\/Filmer et Photographier avec guide priv\u00e9 (U\/W),RIB inclus<\/td>\n<\/tr>\n<tr>\n<td style=\"border: 0;\">Location d&#8217;\u00e9quipement de la plong\u00e9e sous-marine\/ Cam\u00e9ras, appareils photos etc<\/td>\n<\/tr>\n<tr>\n<td style=\"border: 0;\">P\u00eache \u00e0 la tra\u00eene (Trolling fishing) avec guide priv\u00e9, RIB inclus<\/td>\n<\/tr>\n<tr>\n<td style=\"border: 0;\">Obtention de permis de p\u00eache aupr\u00e8s des autorit\u00e9s du port local avant votre arriv\u00e9e<\/td>\n<\/tr>\n<tr>\n<td style=\"border: 0;\">Plong\u00e9e sous-marine (scuba diving) avec guide priv\u00e9 (U\/W), PADI<\/td>\n<\/tr>\n<\/tbody>\n<\/table>\n<p>&nbsp;<\/p>\n<p style=\"text-align: left;\"><div class=\"lightbox-shortcode lightbox-shortcode-center\" style=\"margin:0 auto; text-align:center;\"><a data-lightbox=\"magnific-image\" title=\"Bar\" href=\"https:\/\/folegandros-villas.com\/wp-content\/uploads\/2014\/11\/4-IMG_0293D-LOW-RES.jpg\"><span class=\"shortcode-lightbox-indicate\"><i class=\"fa fa-plus\"><\/i><\/span><img decoding=\"async\" src=\"https:\/\/folegandros-villas.com\/wp-content\/uploads\/2014\/11\/4-IMG_0293D-LOW-RES.jpg\" class=\"is-lightbox \" alt=\"thumbnail\" \/><\/a><\/div>\n<p style=\"text-align: left;\"><div class=\"lightbox-shortcode lightbox-shortcode-center\" style=\"margin:0 auto; text-align:center;\"><a data-lightbox=\"magnific-image\" title=\"Honeymoon dinner\" href=\"https:\/\/folegandros-villas.com\/wp-content\/uploads\/2016\/12\/5-IMG_2155D.jpg\"><span class=\"shortcode-lightbox-indicate\"><i class=\"fa fa-plus\"><\/i><\/span><img decoding=\"async\" src=\"https:\/\/folegandros-villas.com\/wp-content\/uploads\/2016\/12\/5-IMG_2155D.jpg\" class=\"is-lightbox \" alt=\"thumbnail\" \/><\/a><\/div>\n<p style=\"text-align: left;\"><div class=\"lightbox-shortcode lightbox-shortcode-center\" style=\"margin:0 auto; text-align:center;\"><a data-lightbox=\"magnific-image\" title=\"Private dinner\" href=\"https:\/\/folegandros-villas.com\/wp-content\/uploads\/2014\/11\/6-DSC_03372.jpg\"><span class=\"shortcode-lightbox-indicate\"><i class=\"fa fa-plus\"><\/i><\/span><img decoding=\"async\" src=\"https:\/\/folegandros-villas.com\/wp-content\/uploads\/2014\/11\/6-DSC_03372.jpg\" class=\"is-lightbox \" alt=\"thumbnail\" \/><\/a><\/div>\n<p style=\"text-align: left;\"><div class=\"lightbox-shortcode lightbox-shortcode-center\" style=\"margin:0 auto; text-align:center;\"><a data-lightbox=\"magnific-image\" title=\"facilities\" href=\"https:\/\/folegandros-villas.com\/wp-content\/uploads\/2014\/11\/EXTRA-FACILITIES-IMG_1946D.jpg\"><span class=\"shortcode-lightbox-indicate\"><i class=\"fa fa-plus\"><\/i><\/span><img decoding=\"async\" src=\"https:\/\/folegandros-villas.com\/wp-content\/uploads\/2014\/11\/EXTRA-FACILITIES-IMG_1946D.jpg\" class=\"is-lightbox \" alt=\"thumbnail\" \/><\/a><\/div>\n<p style=\"text-align: left;\"><div class=\"lightbox-shortcode lightbox-shortcode-center\" style=\"margin:0 auto; text-align:center;\"><a data-lightbox=\"magnific-image\" title=\"Cocktail bar\" href=\"https:\/\/folegandros-villas.com\/wp-content\/uploads\/2014\/11\/0-IMG_0302E-LOW-RES.jpg\"><span class=\"shortcode-lightbox-indicate\"><i class=\"fa fa-plus\"><\/i><\/span><img decoding=\"async\" src=\"https:\/\/folegandros-villas.com\/wp-content\/uploads\/2014\/11\/0-IMG_0302E-LOW-RES.jpg\" class=\"is-lightbox \" alt=\"thumbnail\" \/><\/a><\/div>\n<p style=\"text-align: left;\"><div class=\"lightbox-shortcode lightbox-shortcode-center\" style=\"margin:0 auto; text-align:center;\"><a data-lightbox=\"magnific-image\" title=\"Wine bar\" href=\"https:\/\/folegandros-villas.com\/wp-content\/uploads\/2014\/11\/3-BASIKH-VORINA-MG_7194G-LOW-RES-FB.jpg\"><span class=\"shortcode-lightbox-indicate\"><i class=\"fa fa-plus\"><\/i><\/span><img decoding=\"async\" src=\"https:\/\/folegandros-villas.com\/wp-content\/uploads\/2014\/11\/3-BASIKH-VORINA-MG_7194G-LOW-RES-FB.jpg\" class=\"is-lightbox \" alt=\"thumbnail\" \/><\/a><\/div>\n<p style=\"text-align: left;\"><div class=\"lightbox-shortcode lightbox-shortcode-center\" style=\"margin:0 auto; text-align:center;\"><a data-lightbox=\"magnific-image\" title=\"Private Massage \" href=\"https:\/\/folegandros-villas.com\/wp-content\/uploads\/2014\/11\/7-IMG_2101D-.jpg\"><span class=\"shortcode-lightbox-indicate\"><i class=\"fa fa-plus\"><\/i><\/span><img decoding=\"async\" src=\"https:\/\/folegandros-villas.com{code:title=This is my title|theme=FadeToGrey|linenumbers=true|language=shell|firstline=0001|collapse=false}<br \/>\nThis is my code<br \/>\n{code}\/wp-content\/uploads\/2014\/11\/7-IMG_2101D-.jpg\" class=\"is-lightbox \" alt=\"thumbnail\" \/><\/a><\/div>\n","protected":false},"excerpt":{"rendered":"<p>&nbsp; SERVICES STANDARD Covid-19 compliance basic on our Operational Protocol Check out 11.00 Check in 16.00 Reception desk opening hours 08.00-18.00 7days Welcome upon arrival Concierge service 24hours \/ 7days On line check-in before arrival On line check-out before depurture Pool openings hours 09:00 &#8211; 21:00 plus showers &amp; sunbeds Gym opening hours 09:00 &#8211; 21:00 Lending library opening hours 08:00 &#8211; 18:00 Basket Breakfast delivered in Villa (above Continental) delivered hours 08:30 &#8211; 11:00 Transportation from\/to port (outsourcing services) [&hellip;]<\/p>\n","protected":false},"author":1,"featured_media":0,"parent":0,"menu_order":0,"comment_status":"open","ping_status":"open","template":"","meta":{"footnotes":""},"class_list":["post-3258","page","type-page","status-publish","hentry"],"yoast_head":"<!-- This site is optimized with the Yoast SEO plugin v27.4 - https:\/\/yoast.com\/product\/yoast-seo-wordpress\/ -->\n<title>PRESTATIONS - Folegandros Villas - Cyclades Greece - Luxurious Beachfront Villas - Residences<\/title>\n<meta name=\"robots\" content=\"index, follow, max-snippet:-1, max-image-preview:large, max-video-preview:-1\" \/>\n<link rel=\"canonical\" href=\"https:\/\/folegandros-villas.com\/fullscreen\/home\/fr\/prestations\/\" \/>\n<meta property=\"og:locale\" content=\"en_US\" \/>\n<meta property=\"og:type\" content=\"article\" \/>\n<meta property=\"og:title\" content=\"PRESTATIONS - Folegandros Villas - Cyclades Greece - Luxurious Beachfront Villas - Residences\" \/>\n<meta property=\"og:description\" content=\"&nbsp; SERVICES STANDARD Covid-19 compliance basic on our Operational Protocol Check out 11.00 Check in 16.00 Reception desk opening hours 08.00-18.00 7days Welcome upon arrival Concierge service 24hours \/ 7days On line check-in before arrival On line check-out before depurture Pool openings hours 09:00 &#8211; 21:00 plus showers &amp; sunbeds Gym opening hours 09:00 &#8211; 21:00 Lending library opening hours 08:00 &#8211; 18:00 Basket Breakfast delivered in Villa (above Continental) delivered hours 08:30 &#8211; 11:00 Transportation from\/to port (outsourcing services) [&hellip;]\" \/>\n<meta property=\"og:url\" content=\"https:\/\/folegandros-villas.com\/fullscreen\/home\/fr\/prestations\/\" \/>\n<meta property=\"og:site_name\" content=\"Folegandros Villas - Cyclades Greece - Luxurious Beachfront Villas - Residences\" \/>\n<meta property=\"article:modified_time\" content=\"2025-10-30T22:40:02+00:00\" \/>\n<meta name=\"twitter:label1\" content=\"Est. reading time\" \/>\n\t<meta name=\"twitter:data1\" content=\"3 minutes\" \/>\n<script type=\"application\/ld+json\" class=\"yoast-schema-graph\">{\"@context\":\"https:\\\/\\\/schema.org\",\"@graph\":[{\"@type\":\"WebPage\",\"@id\":\"https:\\\/\\\/folegandros-villas.com\\\/fullscreen\\\/home\\\/fr\\\/prestations\\\/\",\"url\":\"https:\\\/\\\/folegandros-villas.com\\\/fullscreen\\\/home\\\/fr\\\/prestations\\\/\",\"name\":\"PRESTATIONS - Folegandros Villas - Cyclades Greece - Luxurious Beachfront Villas - Residences\",\"isPartOf\":{\"@id\":\"https:\\\/\\\/folegandros-villas.com\\\/fullscreen\\\/home\\\/#website\"},\"datePublished\":\"2018-06-23T19:39:13+00:00\",\"dateModified\":\"2025-10-30T22:40:02+00:00\",\"breadcrumb\":{\"@id\":\"https:\\\/\\\/folegandros-villas.com\\\/fullscreen\\\/home\\\/fr\\\/prestations\\\/#breadcrumb\"},\"inLanguage\":\"en-US\",\"potentialAction\":[{\"@type\":\"ReadAction\",\"target\":[\"https:\\\/\\\/folegandros-villas.com\\\/fullscreen\\\/home\\\/fr\\\/prestations\\\/\"]}]},{\"@type\":\"BreadcrumbList\",\"@id\":\"https:\\\/\\\/folegandros-villas.com\\\/fullscreen\\\/home\\\/fr\\\/prestations\\\/#breadcrumb\",\"itemListElement\":[{\"@type\":\"ListItem\",\"position\":1,\"name\":\"Home\",\"item\":\"https:\\\/\\\/folegandros-villas.com\\\/fullscreen\\\/home\\\/el\\\/homepage\\\/\"},{\"@type\":\"ListItem\",\"position\":2,\"name\":\"PRESTATIONS\"}]},{\"@type\":\"WebSite\",\"@id\":\"https:\\\/\\\/folegandros-villas.com\\\/fullscreen\\\/home\\\/#website\",\"url\":\"https:\\\/\\\/folegandros-villas.com\\\/fullscreen\\\/home\\\/\",\"name\":\"Folegandros Villas - Cyclades Greece - Luxurious Beachfront Villas - Residences\",\"description\":\"Folegandros Villas - Cyclades Greece - Luxurious Beachfront Villas - Residences\",\"potentialAction\":[{\"@type\":\"SearchAction\",\"target\":{\"@type\":\"EntryPoint\",\"urlTemplate\":\"https:\\\/\\\/folegandros-villas.com\\\/fullscreen\\\/home\\\/?s={search_term_string}\"},\"query-input\":{\"@type\":\"PropertyValueSpecification\",\"valueRequired\":true,\"valueName\":\"search_term_string\"}}],\"inLanguage\":\"en-US\"}]}<\/script>\n<!-- \/ Yoast SEO plugin. -->","yoast_head_json":{"title":"PRESTATIONS - Folegandros Villas - Cyclades Greece - Luxurious Beachfront Villas - Residences","robots":{"index":"index","follow":"follow","max-snippet":"max-snippet:-1","max-image-preview":"max-image-preview:large","max-video-preview":"max-video-preview:-1"},"canonical":"https:\/\/folegandros-villas.com\/fullscreen\/home\/fr\/prestations\/","og_locale":"en_US","og_type":"article","og_title":"PRESTATIONS - Folegandros Villas - Cyclades Greece - Luxurious Beachfront Villas - Residences","og_description":"&nbsp; SERVICES STANDARD Covid-19 compliance basic on our Operational Protocol Check out 11.00 Check in 16.00 Reception desk opening hours 08.00-18.00 7days Welcome upon arrival Concierge service 24hours \/ 7days On line check-in before arrival On line check-out before depurture Pool openings hours 09:00 &#8211; 21:00 plus showers &amp; sunbeds Gym opening hours 09:00 &#8211; 21:00 Lending library opening hours 08:00 &#8211; 18:00 Basket Breakfast delivered in Villa (above Continental) delivered hours 08:30 &#8211; 11:00 Transportation from\/to port (outsourcing services) [&hellip;]","og_url":"https:\/\/folegandros-villas.com\/fullscreen\/home\/fr\/prestations\/","og_site_name":"Folegandros Villas - Cyclades Greece - Luxurious Beachfront Villas - Residences","article_modified_time":"2025-10-30T22:40:02+00:00","twitter_misc":{"Est. reading time":"3 minutes"},"schema":{"@context":"https:\/\/schema.org","@graph":[{"@type":"WebPage","@id":"https:\/\/folegandros-villas.com\/fullscreen\/home\/fr\/prestations\/","url":"https:\/\/folegandros-villas.com\/fullscreen\/home\/fr\/prestations\/","name":"PRESTATIONS - Folegandros Villas - Cyclades Greece - Luxurious Beachfront Villas - Residences","isPartOf":{"@id":"https:\/\/folegandros-villas.com\/fullscreen\/home\/#website"},"datePublished":"2018-06-23T19:39:13+00:00","dateModified":"2025-10-30T22:40:02+00:00","breadcrumb":{"@id":"https:\/\/folegandros-villas.com\/fullscreen\/home\/fr\/prestations\/#breadcrumb"},"inLanguage":"en-US","potentialAction":[{"@type":"ReadAction","target":["https:\/\/folegandros-villas.com\/fullscreen\/home\/fr\/prestations\/"]}]},{"@type":"BreadcrumbList","@id":"https:\/\/folegandros-villas.com\/fullscreen\/home\/fr\/prestations\/#breadcrumb","itemListElement":[{"@type":"ListItem","position":1,"name":"Home","item":"https:\/\/folegandros-villas.com\/fullscreen\/home\/el\/homepage\/"},{"@type":"ListItem","position":2,"name":"PRESTATIONS"}]},{"@type":"WebSite","@id":"https:\/\/folegandros-villas.com\/fullscreen\/home\/#website","url":"https:\/\/folegandros-villas.com\/fullscreen\/home\/","name":"Folegandros Villas - Cyclades Greece - Luxurious Beachfront Villas - Residences","description":"Folegandros Villas - Cyclades Greece - Luxurious Beachfront Villas - Residences","potentialAction":[{"@type":"SearchAction","target":{"@type":"EntryPoint","urlTemplate":"https:\/\/folegandros-villas.com\/fullscreen\/home\/?s={search_term_string}"},"query-input":{"@type":"PropertyValueSpecification","valueRequired":true,"valueName":"search_term_string"}}],"inLanguage":"en-US"}]}},"_links":{"self":[{"href":"https:\/\/folegandros-villas.com\/fullscreen\/home\/wp-json\/wp\/v2\/pages\/3258","targetHints":{"allow":["GET"]}}],"collection":[{"href":"https:\/\/folegandros-villas.com\/fullscreen\/home\/wp-json\/wp\/v2\/pages"}],"about":[{"href":"https:\/\/folegandros-villas.com\/fullscreen\/home\/wp-json\/wp\/v2\/types\/page"}],"author":[{"embeddable":true,"href":"https:\/\/folegandros-villas.com\/fullscreen\/home\/wp-json\/wp\/v2\/users\/1"}],"replies":[{"embeddable":true,"href":"https:\/\/folegandros-villas.com\/fullscreen\/home\/wp-json\/wp\/v2\/comments?post=3258"}],"version-history":[{"count":7,"href":"https:\/\/folegandros-villas.com\/fullscreen\/home\/wp-json\/wp\/v2\/pages\/3258\/revisions"}],"predecessor-version":[{"id":3784,"href":"https:\/\/folegandros-villas.com\/fullscreen\/home\/wp-json\/wp\/v2\/pages\/3258\/revisions\/3784"}],"wp:attachment":[{"href":"https:\/\/folegandros-villas.com\/fullscreen\/home\/wp-json\/wp\/v2\/media?parent=3258"}],"curies":[{"name":"wp","href":"https:\/\/api.w.org\/{rel}","templated":true}]}}