{"id":3265,"date":"2018-06-23T19:46:59","date_gmt":"2018-06-23T19:46:59","guid":{"rendered":"http:\/\/folegandros-villas.com\/fullscreen\/home\/?page_id=3265"},"modified":"2018-06-23T19:46:59","modified_gmt":"2018-06-23T19:46:59","slug":"reception-de-mariage","status":"publish","type":"page","link":"https:\/\/folegandros-villas.com\/fullscreen\/home\/fr\/reception-de-mariage\/","title":{"rendered":"EVENEMENTS &#8211; MARIAGES"},"content":{"rendered":"<div class=\"lightbox-shortcode lightbox-shortcode-center\" style=\"margin:0 auto; text-align:center;\"><a data-lightbox=\"magnific-image\" title=\"Wedding\" href=\"https:\/\/folegandros-villas.com\/wp-content\/uploads\/2016\/12\/100-WEDDING-EVENTS-IMG_5919E-LOW-RES.jpg\"><span class=\"shortcode-lightbox-indicate\"><i class=\"fa fa-plus\"><\/i><\/span><img decoding=\"async\" src=\"https:\/\/folegandros-villas.com\/wp-content\/uploads\/2016\/12\/100-WEDDING-EVENTS-IMG_5919E-LOW-RES.jpg\" class=\"is-lightbox \" alt=\"thumbnail\" \/><\/a><\/div>\n<p>&nbsp;<\/p>\n<p><strong>C<\/strong><strong>\u00e9r\u00e9monie de mariage<\/strong><\/p>\n<p style=\"text-align: justify;\">Vivez votre moment personnel inspir\u00e9s de la magie de la mer Eg\u00e9e et du mysticisme de l&#8217;\u00eele de Folegandros tout en jouissant d&#8217;une c\u00e9r\u00e9monie unique avec vue sur le bleu infini.<\/p>\n<p style=\"text-align: justify;\">Demandez-nous de l&#8217;aide pour tout ce qui concerne la mairie ou l&#8217;\u00e9glise de votre choix.<\/p>\n<div class=\"lightbox-shortcode lightbox-shortcode-center\" style=\"margin:0 auto; text-align:center;\"><a data-lightbox=\"magnific-image\" title=\"Wedding Event\" href=\"https:\/\/folegandros-villas.com\/wp-content\/uploads\/2016\/12\/101-WEDDING-EVENTSIMG_1006F-LOW-RES.jpg\"><span class=\"shortcode-lightbox-indicate\"><i class=\"fa fa-plus\"><\/i><\/span><img decoding=\"async\" src=\"https:\/\/folegandros-villas.com\/wp-content\/uploads\/2016\/12\/101-WEDDING-EVENTSIMG_1006F-LOW-RES.jpg\" class=\"is-lightbox \" alt=\"thumbnail\" \/><\/a><\/div>\n<p>&nbsp;<\/p>\n<div class=\"lightbox-shortcode lightbox-shortcode-center\" style=\"margin:0 auto; text-align:center;\"><a data-lightbox=\"magnific-image\" title=\"Wedding Event\" href=\"https:\/\/folegandros-villas.com\/wp-content\/uploads\/2016\/12\/104-IMG_0886E-LOW-RES-GOOGLE.jpg\"><span class=\"shortcode-lightbox-indicate\"><i class=\"fa fa-plus\"><\/i><\/span><img decoding=\"async\" src=\"https:\/\/folegandros-villas.com\/wp-content\/uploads\/2016\/12\/104-IMG_0886E-LOW-RES-GOOGLE.jpg\" class=\"is-lightbox \" alt=\"thumbnail\" \/><\/a><\/div>\n<p>&nbsp;<\/p>\n<p><strong>R\u00e9ception de mariage<\/strong><\/p>\n<p>Jouissez de vos moments magiques avec vos proches dans nos locaux.<\/p>\n<p>Comptez sur notre exp\u00e9rience pour l&#8217;organisation de votre mariage et n&#8217;h\u00e9sitez pas \u00e0 nous demander de l&#8217;aide pour tout d\u00e9tail.<\/p>\n<ul>\n<li>Pr\u00e9-\u00e9v\u00e9nements<\/li>\n<li>Boisson de bienvenue et plats pr\u00e9cieux<\/li>\n<li>Soir\u00e9e piscine<\/li>\n<li>Bar ouvert complet<\/li>\n<li>Service traiteur<\/li>\n<li>Location de mat\u00e9riel audio et dj<\/li>\n<li>Photos et vid\u00e9o<\/li>\n<\/ul>\n<div class=\"lightbox-shortcode lightbox-shortcode-center\" style=\"margin:0 auto; text-align:center;\"><a data-lightbox=\"magnific-image\" title=\"R\u00e9ception de mariage\" href=\"https:\/\/folegandros-villas.com\/wp-content\/uploads\/2016\/12\/102-WEDDING-EVENTSIMG_0986G-LOW-RES.jpg\"><span class=\"shortcode-lightbox-indicate\"><i class=\"fa fa-plus\"><\/i><\/span><img decoding=\"async\" src=\"https:\/\/folegandros-villas.com\/wp-content\/uploads\/2016\/12\/102-WEDDING-EVENTSIMG_0986G-LOW-RES.jpg\" class=\"is-lightbox \" alt=\"thumbnail\" \/><\/a><\/div>\n<p>&nbsp;<\/p>\n<div class=\"lightbox-shortcode lightbox-shortcode-center\" style=\"margin:0 auto; text-align:center;\"><a data-lightbox=\"magnific-image\" title=\"R\u00e9ception de mariage\" href=\"https:\/\/folegandros-villas.com\/wp-content\/uploads\/2016\/12\/103-WEDDING-EVENTS-IMG_0905F-LOW-RESJPG.jpg\"><span class=\"shortcode-lightbox-indicate\"><i class=\"fa fa-plus\"><\/i><\/span><img decoding=\"async\" src=\"https:\/\/folegandros-villas.com\/wp-content\/uploads\/2016\/12\/103-WEDDING-EVENTS-IMG_0905F-LOW-RESJPG.jpg\" class=\"is-lightbox \" alt=\"thumbnail\" \/><\/a><\/div>\n<p>&nbsp;<\/p>\n<div class=\"lightbox-shortcode lightbox-shortcode-center\" style=\"margin:0 auto; text-align:center;\"><a data-lightbox=\"magnific-image\" title=\"R\u00e9ception de mariage\" href=\"https:\/\/folegandros-villas.com\/wp-content\/uploads\/2016\/12\/105-WEDDING-EVENTSIMG_2876F-LOW-RES.jpg\"><span class=\"shortcode-lightbox-indicate\"><i class=\"fa fa-plus\"><\/i><\/span><img decoding=\"async\" src=\"https:\/\/folegandros-villas.com\/wp-content\/uploads\/2016\/12\/105-WEDDING-EVENTSIMG_2876F-LOW-RES.jpg\" class=\"is-lightbox \" alt=\"thumbnail\" \/><\/a><\/div>\n","protected":false},"excerpt":{"rendered":"<p>&nbsp; C\u00e9r\u00e9monie de mariage Vivez votre moment personnel inspir\u00e9s de la magie de la mer Eg\u00e9e et du mysticisme de l&#8217;\u00eele de Folegandros tout en jouissant d&#8217;une c\u00e9r\u00e9monie unique avec vue sur le bleu infini. Demandez-nous de l&#8217;aide pour tout ce qui concerne la mairie ou l&#8217;\u00e9glise de votre choix. &nbsp; &nbsp; R\u00e9ception de mariage Jouissez de vos moments magiques avec vos proches dans nos locaux. Comptez sur notre exp\u00e9rience pour l&#8217;organisation de votre mariage et n&#8217;h\u00e9sitez pas \u00e0 nous [&hellip;]<\/p>\n","protected":false},"author":1,"featured_media":2700,"parent":0,"menu_order":0,"comment_status":"open","ping_status":"closed","template":"","meta":{"footnotes":""},"class_list":["post-3265","page","type-page","status-publish","has-post-thumbnail","hentry"],"yoast_head":"<!-- This site is optimized with the Yoast SEO plugin v27.4 - https:\/\/yoast.com\/product\/yoast-seo-wordpress\/ -->\n<title>EVENEMENTS - MARIAGES - Folegandros Villas - Cyclades Greece - Luxurious Beachfront Villas - Residences<\/title>\n<meta name=\"robots\" content=\"index, follow, max-snippet:-1, max-image-preview:large, max-video-preview:-1\" \/>\n<link rel=\"canonical\" href=\"https:\/\/folegandros-villas.com\/fullscreen\/home\/fr\/reception-de-mariage\/\" \/>\n<meta property=\"og:locale\" content=\"en_US\" \/>\n<meta property=\"og:type\" content=\"article\" \/>\n<meta property=\"og:title\" content=\"EVENEMENTS - MARIAGES - Folegandros Villas - Cyclades Greece - Luxurious Beachfront Villas - Residences\" \/>\n<meta property=\"og:description\" content=\"&nbsp; C\u00e9r\u00e9monie de mariage Vivez votre moment personnel inspir\u00e9s de la magie de la mer Eg\u00e9e et du mysticisme de l&#8217;\u00eele de Folegandros tout en jouissant d&#8217;une c\u00e9r\u00e9monie unique avec vue sur le bleu infini. Demandez-nous de l&#8217;aide pour tout ce qui concerne la mairie ou l&#8217;\u00e9glise de votre choix. &nbsp; &nbsp; R\u00e9ception de mariage Jouissez de vos moments magiques avec vos proches dans nos locaux. Comptez sur notre exp\u00e9rience pour l&#8217;organisation de votre mariage et n&#8217;h\u00e9sitez pas \u00e0 nous [&hellip;]\" \/>\n<meta property=\"og:url\" content=\"https:\/\/folegandros-villas.com\/fullscreen\/home\/fr\/reception-de-mariage\/\" \/>\n<meta property=\"og:site_name\" content=\"Folegandros Villas - Cyclades Greece - Luxurious Beachfront Villas - Residences\" \/>\n<meta property=\"og:image\" content=\"https:\/\/folegandros-villas.com\/wp-content\/uploads\/2016\/12\/0-IMG_0994D-LOW-RES.jpg\" \/>\n\t<meta property=\"og:image:width\" content=\"1920\" \/>\n\t<meta property=\"og:image:height\" content=\"1080\" \/>\n\t<meta property=\"og:image:type\" content=\"image\/jpeg\" \/>\n<meta name=\"twitter:label1\" content=\"Est. reading time\" \/>\n\t<meta name=\"twitter:data1\" content=\"1 minute\" \/>\n<script type=\"application\/ld+json\" class=\"yoast-schema-graph\">{\"@context\":\"https:\\\/\\\/schema.org\",\"@graph\":[{\"@type\":\"WebPage\",\"@id\":\"https:\\\/\\\/folegandros-villas.com\\\/fullscreen\\\/home\\\/fr\\\/reception-de-mariage\\\/\",\"url\":\"https:\\\/\\\/folegandros-villas.com\\\/fullscreen\\\/home\\\/fr\\\/reception-de-mariage\\\/\",\"name\":\"EVENEMENTS - MARIAGES - Folegandros Villas - Cyclades Greece - Luxurious Beachfront Villas - Residences\",\"isPartOf\":{\"@id\":\"https:\\\/\\\/folegandros-villas.com\\\/fullscreen\\\/home\\\/#website\"},\"primaryImageOfPage\":{\"@id\":\"https:\\\/\\\/folegandros-villas.com\\\/fullscreen\\\/home\\\/fr\\\/reception-de-mariage\\\/#primaryimage\"},\"image\":{\"@id\":\"https:\\\/\\\/folegandros-villas.com\\\/fullscreen\\\/home\\\/fr\\\/reception-de-mariage\\\/#primaryimage\"},\"thumbnailUrl\":\"https:\\\/\\\/folegandros-villas.com\\\/wp-content\\\/uploads\\\/2016\\\/12\\\/0-IMG_0994D-LOW-RES.jpg\",\"datePublished\":\"2018-06-23T19:46:59+00:00\",\"breadcrumb\":{\"@id\":\"https:\\\/\\\/folegandros-villas.com\\\/fullscreen\\\/home\\\/fr\\\/reception-de-mariage\\\/#breadcrumb\"},\"inLanguage\":\"en-US\",\"potentialAction\":[{\"@type\":\"ReadAction\",\"target\":[\"https:\\\/\\\/folegandros-villas.com\\\/fullscreen\\\/home\\\/fr\\\/reception-de-mariage\\\/\"]}]},{\"@type\":\"ImageObject\",\"inLanguage\":\"en-US\",\"@id\":\"https:\\\/\\\/folegandros-villas.com\\\/fullscreen\\\/home\\\/fr\\\/reception-de-mariage\\\/#primaryimage\",\"url\":\"https:\\\/\\\/folegandros-villas.com\\\/wp-content\\\/uploads\\\/2016\\\/12\\\/0-IMG_0994D-LOW-RES.jpg\",\"contentUrl\":\"https:\\\/\\\/folegandros-villas.com\\\/wp-content\\\/uploads\\\/2016\\\/12\\\/0-IMG_0994D-LOW-RES.jpg\",\"width\":1920,\"height\":1080},{\"@type\":\"BreadcrumbList\",\"@id\":\"https:\\\/\\\/folegandros-villas.com\\\/fullscreen\\\/home\\\/fr\\\/reception-de-mariage\\\/#breadcrumb\",\"itemListElement\":[{\"@type\":\"ListItem\",\"position\":1,\"name\":\"Home\",\"item\":\"https:\\\/\\\/folegandros-villas.com\\\/fullscreen\\\/home\\\/el\\\/homepage\\\/\"},{\"@type\":\"ListItem\",\"position\":2,\"name\":\"EVENEMENTS &#8211; MARIAGES\"}]},{\"@type\":\"WebSite\",\"@id\":\"https:\\\/\\\/folegandros-villas.com\\\/fullscreen\\\/home\\\/#website\",\"url\":\"https:\\\/\\\/folegandros-villas.com\\\/fullscreen\\\/home\\\/\",\"name\":\"Folegandros Villas - Cyclades Greece - Luxurious Beachfront Villas - Residences\",\"description\":\"Folegandros Villas - Cyclades Greece - Luxurious Beachfront Villas - Residences\",\"potentialAction\":[{\"@type\":\"SearchAction\",\"target\":{\"@type\":\"EntryPoint\",\"urlTemplate\":\"https:\\\/\\\/folegandros-villas.com\\\/fullscreen\\\/home\\\/?s={search_term_string}\"},\"query-input\":{\"@type\":\"PropertyValueSpecification\",\"valueRequired\":true,\"valueName\":\"search_term_string\"}}],\"inLanguage\":\"en-US\"}]}<\/script>\n<!-- \/ Yoast SEO plugin. -->","yoast_head_json":{"title":"EVENEMENTS - MARIAGES - Folegandros Villas - Cyclades Greece - Luxurious Beachfront Villas - Residences","robots":{"index":"index","follow":"follow","max-snippet":"max-snippet:-1","max-image-preview":"max-image-preview:large","max-video-preview":"max-video-preview:-1"},"canonical":"https:\/\/folegandros-villas.com\/fullscreen\/home\/fr\/reception-de-mariage\/","og_locale":"en_US","og_type":"article","og_title":"EVENEMENTS - MARIAGES - Folegandros Villas - Cyclades Greece - Luxurious Beachfront Villas - Residences","og_description":"&nbsp; C\u00e9r\u00e9monie de mariage Vivez votre moment personnel inspir\u00e9s de la magie de la mer Eg\u00e9e et du mysticisme de l&#8217;\u00eele de Folegandros tout en jouissant d&#8217;une c\u00e9r\u00e9monie unique avec vue sur le bleu infini. Demandez-nous de l&#8217;aide pour tout ce qui concerne la mairie ou l&#8217;\u00e9glise de votre choix. &nbsp; &nbsp; R\u00e9ception de mariage Jouissez de vos moments magiques avec vos proches dans nos locaux. Comptez sur notre exp\u00e9rience pour l&#8217;organisation de votre mariage et n&#8217;h\u00e9sitez pas \u00e0 nous [&hellip;]","og_url":"https:\/\/folegandros-villas.com\/fullscreen\/home\/fr\/reception-de-mariage\/","og_site_name":"Folegandros Villas - Cyclades Greece - Luxurious Beachfront Villas - Residences","og_image":[{"width":1920,"height":1080,"url":"https:\/\/folegandros-villas.com\/wp-content\/uploads\/2016\/12\/0-IMG_0994D-LOW-RES.jpg","type":"image\/jpeg"}],"twitter_misc":{"Est. reading time":"1 minute"},"schema":{"@context":"https:\/\/schema.org","@graph":[{"@type":"WebPage","@id":"https:\/\/folegandros-villas.com\/fullscreen\/home\/fr\/reception-de-mariage\/","url":"https:\/\/folegandros-villas.com\/fullscreen\/home\/fr\/reception-de-mariage\/","name":"EVENEMENTS - MARIAGES - Folegandros Villas - Cyclades Greece - Luxurious Beachfront Villas - Residences","isPartOf":{"@id":"https:\/\/folegandros-villas.com\/fullscreen\/home\/#website"},"primaryImageOfPage":{"@id":"https:\/\/folegandros-villas.com\/fullscreen\/home\/fr\/reception-de-mariage\/#primaryimage"},"image":{"@id":"https:\/\/folegandros-villas.com\/fullscreen\/home\/fr\/reception-de-mariage\/#primaryimage"},"thumbnailUrl":"https:\/\/folegandros-villas.com\/wp-content\/uploads\/2016\/12\/0-IMG_0994D-LOW-RES.jpg","datePublished":"2018-06-23T19:46:59+00:00","breadcrumb":{"@id":"https:\/\/folegandros-villas.com\/fullscreen\/home\/fr\/reception-de-mariage\/#breadcrumb"},"inLanguage":"en-US","potentialAction":[{"@type":"ReadAction","target":["https:\/\/folegandros-villas.com\/fullscreen\/home\/fr\/reception-de-mariage\/"]}]},{"@type":"ImageObject","inLanguage":"en-US","@id":"https:\/\/folegandros-villas.com\/fullscreen\/home\/fr\/reception-de-mariage\/#primaryimage","url":"https:\/\/folegandros-villas.com\/wp-content\/uploads\/2016\/12\/0-IMG_0994D-LOW-RES.jpg","contentUrl":"https:\/\/folegandros-villas.com\/wp-content\/uploads\/2016\/12\/0-IMG_0994D-LOW-RES.jpg","width":1920,"height":1080},{"@type":"BreadcrumbList","@id":"https:\/\/folegandros-villas.com\/fullscreen\/home\/fr\/reception-de-mariage\/#breadcrumb","itemListElement":[{"@type":"ListItem","position":1,"name":"Home","item":"https:\/\/folegandros-villas.com\/fullscreen\/home\/el\/homepage\/"},{"@type":"ListItem","position":2,"name":"EVENEMENTS &#8211; MARIAGES"}]},{"@type":"WebSite","@id":"https:\/\/folegandros-villas.com\/fullscreen\/home\/#website","url":"https:\/\/folegandros-villas.com\/fullscreen\/home\/","name":"Folegandros Villas - Cyclades Greece - Luxurious Beachfront Villas - Residences","description":"Folegandros Villas - Cyclades Greece - Luxurious Beachfront Villas - Residences","potentialAction":[{"@type":"SearchAction","target":{"@type":"EntryPoint","urlTemplate":"https:\/\/folegandros-villas.com\/fullscreen\/home\/?s={search_term_string}"},"query-input":{"@type":"PropertyValueSpecification","valueRequired":true,"valueName":"search_term_string"}}],"inLanguage":"en-US"}]}},"_links":{"self":[{"href":"https:\/\/folegandros-villas.com\/fullscreen\/home\/wp-json\/wp\/v2\/pages\/3265","targetHints":{"allow":["GET"]}}],"collection":[{"href":"https:\/\/folegandros-villas.com\/fullscreen\/home\/wp-json\/wp\/v2\/pages"}],"about":[{"href":"https:\/\/folegandros-villas.com\/fullscreen\/home\/wp-json\/wp\/v2\/types\/page"}],"author":[{"embeddable":true,"href":"https:\/\/folegandros-villas.com\/fullscreen\/home\/wp-json\/wp\/v2\/users\/1"}],"replies":[{"embeddable":true,"href":"https:\/\/folegandros-villas.com\/fullscreen\/home\/wp-json\/wp\/v2\/comments?post=3265"}],"version-history":[{"count":3,"href":"https:\/\/folegandros-villas.com\/fullscreen\/home\/wp-json\/wp\/v2\/pages\/3265\/revisions"}],"predecessor-version":[{"id":3268,"href":"https:\/\/folegandros-villas.com\/fullscreen\/home\/wp-json\/wp\/v2\/pages\/3265\/revisions\/3268"}],"wp:featuredmedia":[{"embeddable":true,"href":"https:\/\/folegandros-villas.com\/fullscreen\/home\/wp-json\/wp\/v2\/media\/2700"}],"wp:attachment":[{"href":"https:\/\/folegandros-villas.com\/fullscreen\/home\/wp-json\/wp\/v2\/media?parent=3265"}],"curies":[{"name":"wp","href":"https:\/\/api.w.org\/{rel}","templated":true}]}}