{"id":3283,"date":"2018-06-23T23:20:54","date_gmt":"2018-06-23T20:20:54","guid":{"rendered":"http:\/\/folegandros-villas.com\/fullscreen\/home\/?page_id=3283"},"modified":"2018-06-24T00:59:16","modified_gmt":"2018-06-23T21:59:16","slug":"plongee-libre-filmer-et-photographier-sous-leau","status":"publish","type":"page","link":"https:\/\/folegandros-villas.com\/fullscreen\/home\/fr\/plongee-libre-filmer-et-photographier-sous-leau\/","title":{"rendered":"PLONGEE LIBRE \u2013 FILMER ET PHOTOGRAPHIER SOUS L\u2019EAU"},"content":{"rendered":"<p><strong>Plong\u00e9e libre \u2013 Filmer et photographier sous l&#8217;eau<\/strong><\/p>\n<p style=\"text-align: justify;\">Une exp\u00e9rience qui combine l&#8217;exploration, le plaisir et l&#8217;art. Comptez sur nous pour voyager au monde sous-marin de Folegandros. Nous vous aiderons \u00e0 immortaliser les images magiques que vous verrez de fa\u00e7on qu&#8217;elles vous accompagneront \u00e0 votre retour \u00e0 la maison. En coop\u00e9ration avec la compagnie exp\u00e9riment\u00e9e de documentaires sous-marins UNDERWATEREXPERTS, ainsi qu&#8217;avec le centre collaborateur de plong\u00e9e SEA U, nous visiterons de beaux sites du littoral o\u00f9, \u00e9quip\u00e9s du mat\u00e9riel n\u00e9cessaire (masque, tuba, combinaison, palmes) et d&#8217;une cam\u00e9ra sous-marine, nous plongerons dans les fonds marins et prendrons plaisir \u00e0 les filmer et les photographier, sous la supervision de l&#8217;instructeur de PADI.<\/p>\n<p style=\"text-align: justify;\">Pr\u00e9requis: Aucune exp\u00e9rience ant\u00e9rieure n&#8217;est requise pour la participation au programme qui est ouvert \u00e0 tous les \u00e2ges.<\/p>\n<p style=\"text-align: justify;\">Pour des informations et r\u00e9servations, veuillez appeler au +306942688311 ou au +30 22860 41598 , ou veuillez utiliser le formulaire de contact.<\/p>\n","protected":false},"excerpt":{"rendered":"<p>Plong\u00e9e libre \u2013 Filmer et photographier sous l&#8217;eau Une exp\u00e9rience qui combine l&#8217;exploration, le plaisir et l&#8217;art. Comptez sur nous pour voyager au monde sous-marin de Folegandros. Nous vous aiderons \u00e0 immortaliser les images magiques que vous verrez de fa\u00e7on qu&#8217;elles vous accompagneront \u00e0 votre retour \u00e0 la maison. En coop\u00e9ration avec la compagnie exp\u00e9riment\u00e9e de documentaires sous-marins UNDERWATEREXPERTS, ainsi qu&#8217;avec le centre collaborateur de plong\u00e9e SEA U, nous visiterons de beaux sites du littoral o\u00f9, \u00e9quip\u00e9s du mat\u00e9riel n\u00e9cessaire [&hellip;]<\/p>\n","protected":false},"author":1,"featured_media":0,"parent":0,"menu_order":0,"comment_status":"open","ping_status":"open","template":"","meta":{"footnotes":""},"class_list":["post-3283","page","type-page","status-publish","hentry"],"yoast_head":"<!-- This site is optimized with the Yoast SEO plugin v27.4 - https:\/\/yoast.com\/product\/yoast-seo-wordpress\/ -->\n<title>PLONGEE LIBRE \u2013 FILMER ET PHOTOGRAPHIER SOUS L\u2019EAU - Folegandros Villas - Cyclades Greece - Luxurious Beachfront Villas - Residences<\/title>\n<meta name=\"robots\" content=\"index, follow, max-snippet:-1, max-image-preview:large, max-video-preview:-1\" \/>\n<link rel=\"canonical\" href=\"https:\/\/folegandros-villas.com\/fullscreen\/home\/fr\/plongee-libre-filmer-et-photographier-sous-leau\/\" \/>\n<meta property=\"og:locale\" content=\"en_US\" \/>\n<meta property=\"og:type\" content=\"article\" \/>\n<meta property=\"og:title\" content=\"PLONGEE LIBRE \u2013 FILMER ET PHOTOGRAPHIER SOUS L\u2019EAU - Folegandros Villas - Cyclades Greece - Luxurious Beachfront Villas - Residences\" \/>\n<meta property=\"og:description\" content=\"Plong\u00e9e libre \u2013 Filmer et photographier sous l&#8217;eau Une exp\u00e9rience qui combine l&#8217;exploration, le plaisir et l&#8217;art. Comptez sur nous pour voyager au monde sous-marin de Folegandros. Nous vous aiderons \u00e0 immortaliser les images magiques que vous verrez de fa\u00e7on qu&#8217;elles vous accompagneront \u00e0 votre retour \u00e0 la maison. En coop\u00e9ration avec la compagnie exp\u00e9riment\u00e9e de documentaires sous-marins UNDERWATEREXPERTS, ainsi qu&#8217;avec le centre collaborateur de plong\u00e9e SEA U, nous visiterons de beaux sites du littoral o\u00f9, \u00e9quip\u00e9s du mat\u00e9riel n\u00e9cessaire [&hellip;]\" \/>\n<meta property=\"og:url\" content=\"https:\/\/folegandros-villas.com\/fullscreen\/home\/fr\/plongee-libre-filmer-et-photographier-sous-leau\/\" \/>\n<meta property=\"og:site_name\" content=\"Folegandros Villas - Cyclades Greece - Luxurious Beachfront Villas - Residences\" \/>\n<meta property=\"article:modified_time\" content=\"2018-06-23T21:59:16+00:00\" \/>\n<meta name=\"twitter:label1\" content=\"Est. reading time\" \/>\n\t<meta name=\"twitter:data1\" content=\"1 minute\" \/>\n<script type=\"application\/ld+json\" class=\"yoast-schema-graph\">{\"@context\":\"https:\\\/\\\/schema.org\",\"@graph\":[{\"@type\":\"WebPage\",\"@id\":\"https:\\\/\\\/folegandros-villas.com\\\/fullscreen\\\/home\\\/fr\\\/plongee-libre-filmer-et-photographier-sous-leau\\\/\",\"url\":\"https:\\\/\\\/folegandros-villas.com\\\/fullscreen\\\/home\\\/fr\\\/plongee-libre-filmer-et-photographier-sous-leau\\\/\",\"name\":\"PLONGEE LIBRE \u2013 FILMER ET PHOTOGRAPHIER SOUS L\u2019EAU - Folegandros Villas - Cyclades Greece - Luxurious Beachfront Villas - Residences\",\"isPartOf\":{\"@id\":\"https:\\\/\\\/folegandros-villas.com\\\/fullscreen\\\/home\\\/#website\"},\"datePublished\":\"2018-06-23T20:20:54+00:00\",\"dateModified\":\"2018-06-23T21:59:16+00:00\",\"breadcrumb\":{\"@id\":\"https:\\\/\\\/folegandros-villas.com\\\/fullscreen\\\/home\\\/fr\\\/plongee-libre-filmer-et-photographier-sous-leau\\\/#breadcrumb\"},\"inLanguage\":\"en-US\",\"potentialAction\":[{\"@type\":\"ReadAction\",\"target\":[\"https:\\\/\\\/folegandros-villas.com\\\/fullscreen\\\/home\\\/fr\\\/plongee-libre-filmer-et-photographier-sous-leau\\\/\"]}]},{\"@type\":\"BreadcrumbList\",\"@id\":\"https:\\\/\\\/folegandros-villas.com\\\/fullscreen\\\/home\\\/fr\\\/plongee-libre-filmer-et-photographier-sous-leau\\\/#breadcrumb\",\"itemListElement\":[{\"@type\":\"ListItem\",\"position\":1,\"name\":\"Home\",\"item\":\"https:\\\/\\\/folegandros-villas.com\\\/fullscreen\\\/home\\\/el\\\/homepage\\\/\"},{\"@type\":\"ListItem\",\"position\":2,\"name\":\"PLONGEE LIBRE \u2013 FILMER ET PHOTOGRAPHIER SOUS L\u2019EAU\"}]},{\"@type\":\"WebSite\",\"@id\":\"https:\\\/\\\/folegandros-villas.com\\\/fullscreen\\\/home\\\/#website\",\"url\":\"https:\\\/\\\/folegandros-villas.com\\\/fullscreen\\\/home\\\/\",\"name\":\"Folegandros Villas - Cyclades Greece - Luxurious Beachfront Villas - Residences\",\"description\":\"Folegandros Villas - Cyclades Greece - Luxurious Beachfront Villas - Residences\",\"potentialAction\":[{\"@type\":\"SearchAction\",\"target\":{\"@type\":\"EntryPoint\",\"urlTemplate\":\"https:\\\/\\\/folegandros-villas.com\\\/fullscreen\\\/home\\\/?s={search_term_string}\"},\"query-input\":{\"@type\":\"PropertyValueSpecification\",\"valueRequired\":true,\"valueName\":\"search_term_string\"}}],\"inLanguage\":\"en-US\"}]}<\/script>\n<!-- \/ Yoast SEO plugin. -->","yoast_head_json":{"title":"PLONGEE LIBRE \u2013 FILMER ET PHOTOGRAPHIER SOUS L\u2019EAU - Folegandros Villas - Cyclades Greece - Luxurious Beachfront Villas - Residences","robots":{"index":"index","follow":"follow","max-snippet":"max-snippet:-1","max-image-preview":"max-image-preview:large","max-video-preview":"max-video-preview:-1"},"canonical":"https:\/\/folegandros-villas.com\/fullscreen\/home\/fr\/plongee-libre-filmer-et-photographier-sous-leau\/","og_locale":"en_US","og_type":"article","og_title":"PLONGEE LIBRE \u2013 FILMER ET PHOTOGRAPHIER SOUS L\u2019EAU - Folegandros Villas - Cyclades Greece - Luxurious Beachfront Villas - Residences","og_description":"Plong\u00e9e libre \u2013 Filmer et photographier sous l&#8217;eau Une exp\u00e9rience qui combine l&#8217;exploration, le plaisir et l&#8217;art. Comptez sur nous pour voyager au monde sous-marin de Folegandros. Nous vous aiderons \u00e0 immortaliser les images magiques que vous verrez de fa\u00e7on qu&#8217;elles vous accompagneront \u00e0 votre retour \u00e0 la maison. En coop\u00e9ration avec la compagnie exp\u00e9riment\u00e9e de documentaires sous-marins UNDERWATEREXPERTS, ainsi qu&#8217;avec le centre collaborateur de plong\u00e9e SEA U, nous visiterons de beaux sites du littoral o\u00f9, \u00e9quip\u00e9s du mat\u00e9riel n\u00e9cessaire [&hellip;]","og_url":"https:\/\/folegandros-villas.com\/fullscreen\/home\/fr\/plongee-libre-filmer-et-photographier-sous-leau\/","og_site_name":"Folegandros Villas - Cyclades Greece - Luxurious Beachfront Villas - Residences","article_modified_time":"2018-06-23T21:59:16+00:00","twitter_misc":{"Est. reading time":"1 minute"},"schema":{"@context":"https:\/\/schema.org","@graph":[{"@type":"WebPage","@id":"https:\/\/folegandros-villas.com\/fullscreen\/home\/fr\/plongee-libre-filmer-et-photographier-sous-leau\/","url":"https:\/\/folegandros-villas.com\/fullscreen\/home\/fr\/plongee-libre-filmer-et-photographier-sous-leau\/","name":"PLONGEE LIBRE \u2013 FILMER ET PHOTOGRAPHIER SOUS L\u2019EAU - Folegandros Villas - Cyclades Greece - Luxurious Beachfront Villas - Residences","isPartOf":{"@id":"https:\/\/folegandros-villas.com\/fullscreen\/home\/#website"},"datePublished":"2018-06-23T20:20:54+00:00","dateModified":"2018-06-23T21:59:16+00:00","breadcrumb":{"@id":"https:\/\/folegandros-villas.com\/fullscreen\/home\/fr\/plongee-libre-filmer-et-photographier-sous-leau\/#breadcrumb"},"inLanguage":"en-US","potentialAction":[{"@type":"ReadAction","target":["https:\/\/folegandros-villas.com\/fullscreen\/home\/fr\/plongee-libre-filmer-et-photographier-sous-leau\/"]}]},{"@type":"BreadcrumbList","@id":"https:\/\/folegandros-villas.com\/fullscreen\/home\/fr\/plongee-libre-filmer-et-photographier-sous-leau\/#breadcrumb","itemListElement":[{"@type":"ListItem","position":1,"name":"Home","item":"https:\/\/folegandros-villas.com\/fullscreen\/home\/el\/homepage\/"},{"@type":"ListItem","position":2,"name":"PLONGEE LIBRE \u2013 FILMER ET PHOTOGRAPHIER SOUS L\u2019EAU"}]},{"@type":"WebSite","@id":"https:\/\/folegandros-villas.com\/fullscreen\/home\/#website","url":"https:\/\/folegandros-villas.com\/fullscreen\/home\/","name":"Folegandros Villas - Cyclades Greece - Luxurious Beachfront Villas - Residences","description":"Folegandros Villas - Cyclades Greece - Luxurious Beachfront Villas - Residences","potentialAction":[{"@type":"SearchAction","target":{"@type":"EntryPoint","urlTemplate":"https:\/\/folegandros-villas.com\/fullscreen\/home\/?s={search_term_string}"},"query-input":{"@type":"PropertyValueSpecification","valueRequired":true,"valueName":"search_term_string"}}],"inLanguage":"en-US"}]}},"_links":{"self":[{"href":"https:\/\/folegandros-villas.com\/fullscreen\/home\/wp-json\/wp\/v2\/pages\/3283","targetHints":{"allow":["GET"]}}],"collection":[{"href":"https:\/\/folegandros-villas.com\/fullscreen\/home\/wp-json\/wp\/v2\/pages"}],"about":[{"href":"https:\/\/folegandros-villas.com\/fullscreen\/home\/wp-json\/wp\/v2\/types\/page"}],"author":[{"embeddable":true,"href":"https:\/\/folegandros-villas.com\/fullscreen\/home\/wp-json\/wp\/v2\/users\/1"}],"replies":[{"embeddable":true,"href":"https:\/\/folegandros-villas.com\/fullscreen\/home\/wp-json\/wp\/v2\/comments?post=3283"}],"version-history":[{"count":3,"href":"https:\/\/folegandros-villas.com\/fullscreen\/home\/wp-json\/wp\/v2\/pages\/3283\/revisions"}],"predecessor-version":[{"id":3338,"href":"https:\/\/folegandros-villas.com\/fullscreen\/home\/wp-json\/wp\/v2\/pages\/3283\/revisions\/3338"}],"wp:attachment":[{"href":"https:\/\/folegandros-villas.com\/fullscreen\/home\/wp-json\/wp\/v2\/media?parent=3283"}],"curies":[{"name":"wp","href":"https:\/\/api.w.org\/{rel}","templated":true}]}}