{"id":3287,"date":"2018-06-23T23:57:36","date_gmt":"2018-06-23T20:57:36","guid":{"rendered":"http:\/\/folegandros-villas.com\/fullscreen\/home\/?page_id=3287"},"modified":"2018-06-23T23:57:36","modified_gmt":"2018-06-23T20:57:36","slug":"snorkeling-la-randonnee-palmee","status":"publish","type":"page","link":"https:\/\/folegandros-villas.com\/fullscreen\/home\/fr\/snorkeling-la-randonnee-palmee\/","title":{"rendered":"Snorkeling la randonn\u00e9e palm\u00e9e"},"content":{"rendered":"<p><strong>Snorkeling: la randonn\u00e9e palm\u00e9e<\/strong><\/p>\n<p>Une exp\u00e9rience qui allie le go\u00fbt de l&#8217;exploration et le divertissement. Le bateau du centre collaborateur de plong\u00e9e nous am\u00e8nera \u00e0 de beaux sites c\u00f4tiers o\u00f9, portant l&#8217;\u00e9quipement n\u00e9cessaire, (masque, tuba, combinaison et palmes), nous nagerons en surface, ce qui nous permettra d&#8217;admirer le monde sous-marin et de prendre des photos, sous la supervision de l&#8217; instructeur de PADI.<\/p>\n<p>Pr\u00e9requis: Aucune exp\u00e9rience ant\u00e9rieure n&#8217;est requise pour la participation au programme qui est ouvert \u00e0 tous les \u00e2ges.<\/p>\n<p>Pour des informations et r\u00e9servations, veuillez appeler au +306942688311 ou au +30 22860 41598, ou veuillez utiliser le formulaire de contact.<\/p>\n","protected":false},"excerpt":{"rendered":"<p>Snorkeling: la randonn\u00e9e palm\u00e9e Une exp\u00e9rience qui allie le go\u00fbt de l&#8217;exploration et le divertissement. Le bateau du centre collaborateur de plong\u00e9e nous am\u00e8nera \u00e0 de beaux sites c\u00f4tiers o\u00f9, portant l&#8217;\u00e9quipement n\u00e9cessaire, (masque, tuba, combinaison et palmes), nous nagerons en surface, ce qui nous permettra d&#8217;admirer le monde sous-marin et de prendre des photos, sous la supervision de l&#8217; instructeur de PADI. Pr\u00e9requis: Aucune exp\u00e9rience ant\u00e9rieure n&#8217;est requise pour la participation au programme qui est ouvert \u00e0 tous les [&hellip;]<\/p>\n","protected":false},"author":1,"featured_media":0,"parent":0,"menu_order":0,"comment_status":"open","ping_status":"open","template":"","meta":{"footnotes":""},"class_list":["post-3287","page","type-page","status-publish","hentry"],"yoast_head":"<!-- This site is optimized with the Yoast SEO plugin v27.4 - https:\/\/yoast.com\/product\/yoast-seo-wordpress\/ -->\n<title>Snorkeling la randonn\u00e9e palm\u00e9e - Folegandros Villas - Cyclades Greece - Luxurious Beachfront Villas - Residences<\/title>\n<meta name=\"robots\" content=\"index, follow, max-snippet:-1, max-image-preview:large, max-video-preview:-1\" \/>\n<link rel=\"canonical\" href=\"https:\/\/folegandros-villas.com\/fullscreen\/home\/fr\/snorkeling-la-randonnee-palmee\/\" \/>\n<meta property=\"og:locale\" content=\"en_US\" \/>\n<meta property=\"og:type\" content=\"article\" \/>\n<meta property=\"og:title\" content=\"Snorkeling la randonn\u00e9e palm\u00e9e - Folegandros Villas - Cyclades Greece - Luxurious Beachfront Villas - Residences\" \/>\n<meta property=\"og:description\" content=\"Snorkeling: la randonn\u00e9e palm\u00e9e Une exp\u00e9rience qui allie le go\u00fbt de l&#8217;exploration et le divertissement. Le bateau du centre collaborateur de plong\u00e9e nous am\u00e8nera \u00e0 de beaux sites c\u00f4tiers o\u00f9, portant l&#8217;\u00e9quipement n\u00e9cessaire, (masque, tuba, combinaison et palmes), nous nagerons en surface, ce qui nous permettra d&#8217;admirer le monde sous-marin et de prendre des photos, sous la supervision de l&#8217; instructeur de PADI. Pr\u00e9requis: Aucune exp\u00e9rience ant\u00e9rieure n&#8217;est requise pour la participation au programme qui est ouvert \u00e0 tous les [&hellip;]\" \/>\n<meta property=\"og:url\" content=\"https:\/\/folegandros-villas.com\/fullscreen\/home\/fr\/snorkeling-la-randonnee-palmee\/\" \/>\n<meta property=\"og:site_name\" content=\"Folegandros Villas - Cyclades Greece - Luxurious Beachfront Villas - Residences\" \/>\n<meta name=\"twitter:label1\" content=\"Est. reading time\" \/>\n\t<meta name=\"twitter:data1\" content=\"1 minute\" \/>\n<script type=\"application\/ld+json\" class=\"yoast-schema-graph\">{\"@context\":\"https:\\\/\\\/schema.org\",\"@graph\":[{\"@type\":\"WebPage\",\"@id\":\"https:\\\/\\\/folegandros-villas.com\\\/fullscreen\\\/home\\\/fr\\\/snorkeling-la-randonnee-palmee\\\/\",\"url\":\"https:\\\/\\\/folegandros-villas.com\\\/fullscreen\\\/home\\\/fr\\\/snorkeling-la-randonnee-palmee\\\/\",\"name\":\"Snorkeling la randonn\u00e9e palm\u00e9e - Folegandros Villas - Cyclades Greece - Luxurious Beachfront Villas - Residences\",\"isPartOf\":{\"@id\":\"https:\\\/\\\/folegandros-villas.com\\\/fullscreen\\\/home\\\/#website\"},\"datePublished\":\"2018-06-23T20:57:36+00:00\",\"breadcrumb\":{\"@id\":\"https:\\\/\\\/folegandros-villas.com\\\/fullscreen\\\/home\\\/fr\\\/snorkeling-la-randonnee-palmee\\\/#breadcrumb\"},\"inLanguage\":\"en-US\",\"potentialAction\":[{\"@type\":\"ReadAction\",\"target\":[\"https:\\\/\\\/folegandros-villas.com\\\/fullscreen\\\/home\\\/fr\\\/snorkeling-la-randonnee-palmee\\\/\"]}]},{\"@type\":\"BreadcrumbList\",\"@id\":\"https:\\\/\\\/folegandros-villas.com\\\/fullscreen\\\/home\\\/fr\\\/snorkeling-la-randonnee-palmee\\\/#breadcrumb\",\"itemListElement\":[{\"@type\":\"ListItem\",\"position\":1,\"name\":\"Home\",\"item\":\"https:\\\/\\\/folegandros-villas.com\\\/fullscreen\\\/home\\\/el\\\/homepage\\\/\"},{\"@type\":\"ListItem\",\"position\":2,\"name\":\"Snorkeling la randonn\u00e9e palm\u00e9e\"}]},{\"@type\":\"WebSite\",\"@id\":\"https:\\\/\\\/folegandros-villas.com\\\/fullscreen\\\/home\\\/#website\",\"url\":\"https:\\\/\\\/folegandros-villas.com\\\/fullscreen\\\/home\\\/\",\"name\":\"Folegandros Villas - Cyclades Greece - Luxurious Beachfront Villas - Residences\",\"description\":\"Folegandros Villas - Cyclades Greece - Luxurious Beachfront Villas - Residences\",\"potentialAction\":[{\"@type\":\"SearchAction\",\"target\":{\"@type\":\"EntryPoint\",\"urlTemplate\":\"https:\\\/\\\/folegandros-villas.com\\\/fullscreen\\\/home\\\/?s={search_term_string}\"},\"query-input\":{\"@type\":\"PropertyValueSpecification\",\"valueRequired\":true,\"valueName\":\"search_term_string\"}}],\"inLanguage\":\"en-US\"}]}<\/script>\n<!-- \/ Yoast SEO plugin. -->","yoast_head_json":{"title":"Snorkeling la randonn\u00e9e palm\u00e9e - Folegandros Villas - Cyclades Greece - Luxurious Beachfront Villas - Residences","robots":{"index":"index","follow":"follow","max-snippet":"max-snippet:-1","max-image-preview":"max-image-preview:large","max-video-preview":"max-video-preview:-1"},"canonical":"https:\/\/folegandros-villas.com\/fullscreen\/home\/fr\/snorkeling-la-randonnee-palmee\/","og_locale":"en_US","og_type":"article","og_title":"Snorkeling la randonn\u00e9e palm\u00e9e - Folegandros Villas - Cyclades Greece - Luxurious Beachfront Villas - Residences","og_description":"Snorkeling: la randonn\u00e9e palm\u00e9e Une exp\u00e9rience qui allie le go\u00fbt de l&#8217;exploration et le divertissement. Le bateau du centre collaborateur de plong\u00e9e nous am\u00e8nera \u00e0 de beaux sites c\u00f4tiers o\u00f9, portant l&#8217;\u00e9quipement n\u00e9cessaire, (masque, tuba, combinaison et palmes), nous nagerons en surface, ce qui nous permettra d&#8217;admirer le monde sous-marin et de prendre des photos, sous la supervision de l&#8217; instructeur de PADI. Pr\u00e9requis: Aucune exp\u00e9rience ant\u00e9rieure n&#8217;est requise pour la participation au programme qui est ouvert \u00e0 tous les [&hellip;]","og_url":"https:\/\/folegandros-villas.com\/fullscreen\/home\/fr\/snorkeling-la-randonnee-palmee\/","og_site_name":"Folegandros Villas - Cyclades Greece - Luxurious Beachfront Villas - Residences","twitter_misc":{"Est. reading time":"1 minute"},"schema":{"@context":"https:\/\/schema.org","@graph":[{"@type":"WebPage","@id":"https:\/\/folegandros-villas.com\/fullscreen\/home\/fr\/snorkeling-la-randonnee-palmee\/","url":"https:\/\/folegandros-villas.com\/fullscreen\/home\/fr\/snorkeling-la-randonnee-palmee\/","name":"Snorkeling la randonn\u00e9e palm\u00e9e - Folegandros Villas - Cyclades Greece - Luxurious Beachfront Villas - Residences","isPartOf":{"@id":"https:\/\/folegandros-villas.com\/fullscreen\/home\/#website"},"datePublished":"2018-06-23T20:57:36+00:00","breadcrumb":{"@id":"https:\/\/folegandros-villas.com\/fullscreen\/home\/fr\/snorkeling-la-randonnee-palmee\/#breadcrumb"},"inLanguage":"en-US","potentialAction":[{"@type":"ReadAction","target":["https:\/\/folegandros-villas.com\/fullscreen\/home\/fr\/snorkeling-la-randonnee-palmee\/"]}]},{"@type":"BreadcrumbList","@id":"https:\/\/folegandros-villas.com\/fullscreen\/home\/fr\/snorkeling-la-randonnee-palmee\/#breadcrumb","itemListElement":[{"@type":"ListItem","position":1,"name":"Home","item":"https:\/\/folegandros-villas.com\/fullscreen\/home\/el\/homepage\/"},{"@type":"ListItem","position":2,"name":"Snorkeling la randonn\u00e9e palm\u00e9e"}]},{"@type":"WebSite","@id":"https:\/\/folegandros-villas.com\/fullscreen\/home\/#website","url":"https:\/\/folegandros-villas.com\/fullscreen\/home\/","name":"Folegandros Villas - Cyclades Greece - Luxurious Beachfront Villas - Residences","description":"Folegandros Villas - Cyclades Greece - Luxurious Beachfront Villas - Residences","potentialAction":[{"@type":"SearchAction","target":{"@type":"EntryPoint","urlTemplate":"https:\/\/folegandros-villas.com\/fullscreen\/home\/?s={search_term_string}"},"query-input":{"@type":"PropertyValueSpecification","valueRequired":true,"valueName":"search_term_string"}}],"inLanguage":"en-US"}]}},"_links":{"self":[{"href":"https:\/\/folegandros-villas.com\/fullscreen\/home\/wp-json\/wp\/v2\/pages\/3287","targetHints":{"allow":["GET"]}}],"collection":[{"href":"https:\/\/folegandros-villas.com\/fullscreen\/home\/wp-json\/wp\/v2\/pages"}],"about":[{"href":"https:\/\/folegandros-villas.com\/fullscreen\/home\/wp-json\/wp\/v2\/types\/page"}],"author":[{"embeddable":true,"href":"https:\/\/folegandros-villas.com\/fullscreen\/home\/wp-json\/wp\/v2\/users\/1"}],"replies":[{"embeddable":true,"href":"https:\/\/folegandros-villas.com\/fullscreen\/home\/wp-json\/wp\/v2\/comments?post=3287"}],"version-history":[{"count":1,"href":"https:\/\/folegandros-villas.com\/fullscreen\/home\/wp-json\/wp\/v2\/pages\/3287\/revisions"}],"predecessor-version":[{"id":3288,"href":"https:\/\/folegandros-villas.com\/fullscreen\/home\/wp-json\/wp\/v2\/pages\/3287\/revisions\/3288"}],"wp:attachment":[{"href":"https:\/\/folegandros-villas.com\/fullscreen\/home\/wp-json\/wp\/v2\/media?parent=3287"}],"curies":[{"name":"wp","href":"https:\/\/api.w.org\/{rel}","templated":true}]}}