{"id":3289,"date":"2018-06-23T23:59:37","date_gmt":"2018-06-23T20:59:37","guid":{"rendered":"http:\/\/folegandros-villas.com\/fullscreen\/home\/?page_id=3289"},"modified":"2018-06-23T23:59:37","modified_gmt":"2018-06-23T20:59:37","slug":"peche-sous-marine","status":"publish","type":"page","link":"https:\/\/folegandros-villas.com\/fullscreen\/home\/fr\/peche-sous-marine\/","title":{"rendered":"P\u00caCHE SOUS-MARINE"},"content":{"rendered":"<p style=\"text-align: justify;\"><strong>R\u00e9cifs au grand bleu et p\u00eache sous-marine<\/strong><\/p>\n<p style=\"text-align: justify;\">Une exp\u00e9rience qui combine l&#8217;exploration, le loisir et la p\u00eache sous-marine. Laissez-nous vous faire d\u00e9couvrir le monde sous-marin de Folegandros et des \u00eeles environnantes ainsi que le grand bleu de la mer Eg\u00e9e. Vous serez captiv\u00e9s par des images magiques! En coop\u00e9ration avec la compagnie exp\u00e9riment\u00e9e de documentaires sous-marins UNDERWATEREXPERTS, ainsi qu&#8217;avec le centre collaborateur de plong\u00e9e SEA U, nous visiterons des passages secrets au large mais aussi d&#8217;autres sites uniques sous-marins.<\/p>\n<p style=\"text-align: justify;\">Pr\u00e9requis: Aucune exp\u00e9rience ant\u00e9rieure n&#8217;est requise pour la participation au programme qui est ouvert \u00e0 tous les \u00e2ges.<\/p>\n<p style=\"text-align: justify;\">Pour des informations et r\u00e9servations, veuillez appeler au +306942688311 ou au +3022860 41598, ou veuillez utiliser le formulaire de contact.<\/p>\n","protected":false},"excerpt":{"rendered":"<p>R\u00e9cifs au grand bleu et p\u00eache sous-marine Une exp\u00e9rience qui combine l&#8217;exploration, le loisir et la p\u00eache sous-marine. Laissez-nous vous faire d\u00e9couvrir le monde sous-marin de Folegandros et des \u00eeles environnantes ainsi que le grand bleu de la mer Eg\u00e9e. Vous serez captiv\u00e9s par des images magiques! En coop\u00e9ration avec la compagnie exp\u00e9riment\u00e9e de documentaires sous-marins UNDERWATEREXPERTS, ainsi qu&#8217;avec le centre collaborateur de plong\u00e9e SEA U, nous visiterons des passages secrets au large mais aussi d&#8217;autres sites uniques sous-marins. Pr\u00e9requis: [&hellip;]<\/p>\n","protected":false},"author":1,"featured_media":0,"parent":0,"menu_order":0,"comment_status":"open","ping_status":"open","template":"","meta":{"footnotes":""},"class_list":["post-3289","page","type-page","status-publish","hentry"],"yoast_head":"<!-- This site is optimized with the Yoast SEO plugin v27.4 - https:\/\/yoast.com\/product\/yoast-seo-wordpress\/ -->\n<title>P\u00caCHE SOUS-MARINE - Folegandros Villas - Cyclades Greece - Luxurious Beachfront Villas - Residences<\/title>\n<meta name=\"robots\" content=\"index, follow, max-snippet:-1, max-image-preview:large, max-video-preview:-1\" \/>\n<link rel=\"canonical\" href=\"https:\/\/folegandros-villas.com\/fullscreen\/home\/fr\/peche-sous-marine\/\" \/>\n<meta property=\"og:locale\" content=\"en_US\" \/>\n<meta property=\"og:type\" content=\"article\" \/>\n<meta property=\"og:title\" content=\"P\u00caCHE SOUS-MARINE - Folegandros Villas - Cyclades Greece - Luxurious Beachfront Villas - Residences\" \/>\n<meta property=\"og:description\" content=\"R\u00e9cifs au grand bleu et p\u00eache sous-marine Une exp\u00e9rience qui combine l&#8217;exploration, le loisir et la p\u00eache sous-marine. Laissez-nous vous faire d\u00e9couvrir le monde sous-marin de Folegandros et des \u00eeles environnantes ainsi que le grand bleu de la mer Eg\u00e9e. Vous serez captiv\u00e9s par des images magiques! En coop\u00e9ration avec la compagnie exp\u00e9riment\u00e9e de documentaires sous-marins UNDERWATEREXPERTS, ainsi qu&#8217;avec le centre collaborateur de plong\u00e9e SEA U, nous visiterons des passages secrets au large mais aussi d&#8217;autres sites uniques sous-marins. Pr\u00e9requis: [&hellip;]\" \/>\n<meta property=\"og:url\" content=\"https:\/\/folegandros-villas.com\/fullscreen\/home\/fr\/peche-sous-marine\/\" \/>\n<meta property=\"og:site_name\" content=\"Folegandros Villas - Cyclades Greece - Luxurious Beachfront Villas - Residences\" \/>\n<meta name=\"twitter:label1\" content=\"Est. reading time\" \/>\n\t<meta name=\"twitter:data1\" content=\"1 minute\" \/>\n<script type=\"application\/ld+json\" class=\"yoast-schema-graph\">{\"@context\":\"https:\\\/\\\/schema.org\",\"@graph\":[{\"@type\":\"WebPage\",\"@id\":\"https:\\\/\\\/folegandros-villas.com\\\/fullscreen\\\/home\\\/fr\\\/peche-sous-marine\\\/\",\"url\":\"https:\\\/\\\/folegandros-villas.com\\\/fullscreen\\\/home\\\/fr\\\/peche-sous-marine\\\/\",\"name\":\"P\u00caCHE SOUS-MARINE - Folegandros Villas - Cyclades Greece - Luxurious Beachfront Villas - Residences\",\"isPartOf\":{\"@id\":\"https:\\\/\\\/folegandros-villas.com\\\/fullscreen\\\/home\\\/#website\"},\"datePublished\":\"2018-06-23T20:59:37+00:00\",\"breadcrumb\":{\"@id\":\"https:\\\/\\\/folegandros-villas.com\\\/fullscreen\\\/home\\\/fr\\\/peche-sous-marine\\\/#breadcrumb\"},\"inLanguage\":\"en-US\",\"potentialAction\":[{\"@type\":\"ReadAction\",\"target\":[\"https:\\\/\\\/folegandros-villas.com\\\/fullscreen\\\/home\\\/fr\\\/peche-sous-marine\\\/\"]}]},{\"@type\":\"BreadcrumbList\",\"@id\":\"https:\\\/\\\/folegandros-villas.com\\\/fullscreen\\\/home\\\/fr\\\/peche-sous-marine\\\/#breadcrumb\",\"itemListElement\":[{\"@type\":\"ListItem\",\"position\":1,\"name\":\"Home\",\"item\":\"https:\\\/\\\/folegandros-villas.com\\\/fullscreen\\\/home\\\/el\\\/homepage\\\/\"},{\"@type\":\"ListItem\",\"position\":2,\"name\":\"P\u00caCHE SOUS-MARINE\"}]},{\"@type\":\"WebSite\",\"@id\":\"https:\\\/\\\/folegandros-villas.com\\\/fullscreen\\\/home\\\/#website\",\"url\":\"https:\\\/\\\/folegandros-villas.com\\\/fullscreen\\\/home\\\/\",\"name\":\"Folegandros Villas - Cyclades Greece - Luxurious Beachfront Villas - Residences\",\"description\":\"Folegandros Villas - Cyclades Greece - Luxurious Beachfront Villas - Residences\",\"potentialAction\":[{\"@type\":\"SearchAction\",\"target\":{\"@type\":\"EntryPoint\",\"urlTemplate\":\"https:\\\/\\\/folegandros-villas.com\\\/fullscreen\\\/home\\\/?s={search_term_string}\"},\"query-input\":{\"@type\":\"PropertyValueSpecification\",\"valueRequired\":true,\"valueName\":\"search_term_string\"}}],\"inLanguage\":\"en-US\"}]}<\/script>\n<!-- \/ Yoast SEO plugin. -->","yoast_head_json":{"title":"P\u00caCHE SOUS-MARINE - Folegandros Villas - Cyclades Greece - Luxurious Beachfront Villas - Residences","robots":{"index":"index","follow":"follow","max-snippet":"max-snippet:-1","max-image-preview":"max-image-preview:large","max-video-preview":"max-video-preview:-1"},"canonical":"https:\/\/folegandros-villas.com\/fullscreen\/home\/fr\/peche-sous-marine\/","og_locale":"en_US","og_type":"article","og_title":"P\u00caCHE SOUS-MARINE - Folegandros Villas - Cyclades Greece - Luxurious Beachfront Villas - Residences","og_description":"R\u00e9cifs au grand bleu et p\u00eache sous-marine Une exp\u00e9rience qui combine l&#8217;exploration, le loisir et la p\u00eache sous-marine. Laissez-nous vous faire d\u00e9couvrir le monde sous-marin de Folegandros et des \u00eeles environnantes ainsi que le grand bleu de la mer Eg\u00e9e. Vous serez captiv\u00e9s par des images magiques! En coop\u00e9ration avec la compagnie exp\u00e9riment\u00e9e de documentaires sous-marins UNDERWATEREXPERTS, ainsi qu&#8217;avec le centre collaborateur de plong\u00e9e SEA U, nous visiterons des passages secrets au large mais aussi d&#8217;autres sites uniques sous-marins. Pr\u00e9requis: [&hellip;]","og_url":"https:\/\/folegandros-villas.com\/fullscreen\/home\/fr\/peche-sous-marine\/","og_site_name":"Folegandros Villas - Cyclades Greece - Luxurious Beachfront Villas - Residences","twitter_misc":{"Est. reading time":"1 minute"},"schema":{"@context":"https:\/\/schema.org","@graph":[{"@type":"WebPage","@id":"https:\/\/folegandros-villas.com\/fullscreen\/home\/fr\/peche-sous-marine\/","url":"https:\/\/folegandros-villas.com\/fullscreen\/home\/fr\/peche-sous-marine\/","name":"P\u00caCHE SOUS-MARINE - Folegandros Villas - Cyclades Greece - Luxurious Beachfront Villas - Residences","isPartOf":{"@id":"https:\/\/folegandros-villas.com\/fullscreen\/home\/#website"},"datePublished":"2018-06-23T20:59:37+00:00","breadcrumb":{"@id":"https:\/\/folegandros-villas.com\/fullscreen\/home\/fr\/peche-sous-marine\/#breadcrumb"},"inLanguage":"en-US","potentialAction":[{"@type":"ReadAction","target":["https:\/\/folegandros-villas.com\/fullscreen\/home\/fr\/peche-sous-marine\/"]}]},{"@type":"BreadcrumbList","@id":"https:\/\/folegandros-villas.com\/fullscreen\/home\/fr\/peche-sous-marine\/#breadcrumb","itemListElement":[{"@type":"ListItem","position":1,"name":"Home","item":"https:\/\/folegandros-villas.com\/fullscreen\/home\/el\/homepage\/"},{"@type":"ListItem","position":2,"name":"P\u00caCHE SOUS-MARINE"}]},{"@type":"WebSite","@id":"https:\/\/folegandros-villas.com\/fullscreen\/home\/#website","url":"https:\/\/folegandros-villas.com\/fullscreen\/home\/","name":"Folegandros Villas - Cyclades Greece - Luxurious Beachfront Villas - Residences","description":"Folegandros Villas - Cyclades Greece - Luxurious Beachfront Villas - Residences","potentialAction":[{"@type":"SearchAction","target":{"@type":"EntryPoint","urlTemplate":"https:\/\/folegandros-villas.com\/fullscreen\/home\/?s={search_term_string}"},"query-input":{"@type":"PropertyValueSpecification","valueRequired":true,"valueName":"search_term_string"}}],"inLanguage":"en-US"}]}},"_links":{"self":[{"href":"https:\/\/folegandros-villas.com\/fullscreen\/home\/wp-json\/wp\/v2\/pages\/3289","targetHints":{"allow":["GET"]}}],"collection":[{"href":"https:\/\/folegandros-villas.com\/fullscreen\/home\/wp-json\/wp\/v2\/pages"}],"about":[{"href":"https:\/\/folegandros-villas.com\/fullscreen\/home\/wp-json\/wp\/v2\/types\/page"}],"author":[{"embeddable":true,"href":"https:\/\/folegandros-villas.com\/fullscreen\/home\/wp-json\/wp\/v2\/users\/1"}],"replies":[{"embeddable":true,"href":"https:\/\/folegandros-villas.com\/fullscreen\/home\/wp-json\/wp\/v2\/comments?post=3289"}],"version-history":[{"count":2,"href":"https:\/\/folegandros-villas.com\/fullscreen\/home\/wp-json\/wp\/v2\/pages\/3289\/revisions"}],"predecessor-version":[{"id":3291,"href":"https:\/\/folegandros-villas.com\/fullscreen\/home\/wp-json\/wp\/v2\/pages\/3289\/revisions\/3291"}],"wp:attachment":[{"href":"https:\/\/folegandros-villas.com\/fullscreen\/home\/wp-json\/wp\/v2\/media?parent=3289"}],"curies":[{"name":"wp","href":"https:\/\/api.w.org\/{rel}","templated":true}]}}