{"id":3292,"date":"2018-06-24T00:03:14","date_gmt":"2018-06-23T21:03:14","guid":{"rendered":"http:\/\/folegandros-villas.com\/fullscreen\/home\/?page_id=3292"},"modified":"2018-06-24T00:03:14","modified_gmt":"2018-06-23T21:03:14","slug":"plongee-sous-marine-scuba-diving","status":"publish","type":"page","link":"https:\/\/folegandros-villas.com\/fullscreen\/home\/fr\/plongee-sous-marine-scuba-diving\/","title":{"rendered":"PLONGEE SOUS-MARINE (SCUBA DIVING)"},"content":{"rendered":"<p><strong>Plong\u00e9e sous-marine<\/strong><\/p>\n<p style=\"text-align: justify;\">\u00cele exceptionnelle et une des plus pittoresques de la mer Eg\u00e9e, Folegandros, au sud des Cyclades, ne pourrait qu&#8217;\u00eatre une destination id\u00e9ale pour un voyage d&#8217;agr\u00e9ment au bord de la mer. Sa ligne c\u00f4ti\u00e8re rec\u00e8le des images sous-marines fascinantes. Nous vous invitons \u00e0 monter \u00e0 bord sur nos bateaux rapides pour une plong\u00e9e le long des c\u00f4tes d\u00e9chiquet\u00e9es, des plages magnifiques ou dans des grottes. Vous aurez la possibilit\u00e9 d&#8217;explorer les fonds marins en nageant dans des eaux limpides, voire cristallines. Le bateau est dot\u00e9 de tout l&#8217;\u00e9quipement de s\u00e9curit\u00e9 n\u00e9cessaire et l&#8217;instructeur de plong\u00e9e de PADI qui vous accompagne est certifi\u00e9 en secourisme et en sauvetage.<\/p>\n<p style=\"text-align: justify;\">Pour des informations et r\u00e9servations, veuillez appeler au +306942688311 ou au +3022860 41598, ou veuillez utiliser le formulaire de contact.<\/p>\n","protected":false},"excerpt":{"rendered":"<p>Plong\u00e9e sous-marine \u00cele exceptionnelle et une des plus pittoresques de la mer Eg\u00e9e, Folegandros, au sud des Cyclades, ne pourrait qu&#8217;\u00eatre une destination id\u00e9ale pour un voyage d&#8217;agr\u00e9ment au bord de la mer. Sa ligne c\u00f4ti\u00e8re rec\u00e8le des images sous-marines fascinantes. Nous vous invitons \u00e0 monter \u00e0 bord sur nos bateaux rapides pour une plong\u00e9e le long des c\u00f4tes d\u00e9chiquet\u00e9es, des plages magnifiques ou dans des grottes. Vous aurez la possibilit\u00e9 d&#8217;explorer les fonds marins en nageant dans des eaux [&hellip;]<\/p>\n","protected":false},"author":1,"featured_media":0,"parent":0,"menu_order":0,"comment_status":"open","ping_status":"open","template":"","meta":{"footnotes":""},"class_list":["post-3292","page","type-page","status-publish","hentry"],"yoast_head":"<!-- This site is optimized with the Yoast SEO plugin v27.4 - https:\/\/yoast.com\/product\/yoast-seo-wordpress\/ -->\n<title>PLONGEE SOUS-MARINE (SCUBA DIVING) - Folegandros Villas - Cyclades Greece - Luxurious Beachfront Villas - Residences<\/title>\n<meta name=\"robots\" content=\"index, follow, max-snippet:-1, max-image-preview:large, max-video-preview:-1\" \/>\n<link rel=\"canonical\" href=\"https:\/\/folegandros-villas.com\/fullscreen\/home\/fr\/plongee-sous-marine-scuba-diving\/\" \/>\n<meta property=\"og:locale\" content=\"en_US\" \/>\n<meta property=\"og:type\" content=\"article\" \/>\n<meta property=\"og:title\" content=\"PLONGEE SOUS-MARINE (SCUBA DIVING) - Folegandros Villas - Cyclades Greece - Luxurious Beachfront Villas - Residences\" \/>\n<meta property=\"og:description\" content=\"Plong\u00e9e sous-marine \u00cele exceptionnelle et une des plus pittoresques de la mer Eg\u00e9e, Folegandros, au sud des Cyclades, ne pourrait qu&#8217;\u00eatre une destination id\u00e9ale pour un voyage d&#8217;agr\u00e9ment au bord de la mer. Sa ligne c\u00f4ti\u00e8re rec\u00e8le des images sous-marines fascinantes. Nous vous invitons \u00e0 monter \u00e0 bord sur nos bateaux rapides pour une plong\u00e9e le long des c\u00f4tes d\u00e9chiquet\u00e9es, des plages magnifiques ou dans des grottes. Vous aurez la possibilit\u00e9 d&#8217;explorer les fonds marins en nageant dans des eaux [&hellip;]\" \/>\n<meta property=\"og:url\" content=\"https:\/\/folegandros-villas.com\/fullscreen\/home\/fr\/plongee-sous-marine-scuba-diving\/\" \/>\n<meta property=\"og:site_name\" content=\"Folegandros Villas - Cyclades Greece - Luxurious Beachfront Villas - Residences\" \/>\n<meta name=\"twitter:label1\" content=\"Est. reading time\" \/>\n\t<meta name=\"twitter:data1\" content=\"1 minute\" \/>\n<script type=\"application\/ld+json\" class=\"yoast-schema-graph\">{\"@context\":\"https:\\\/\\\/schema.org\",\"@graph\":[{\"@type\":\"WebPage\",\"@id\":\"https:\\\/\\\/folegandros-villas.com\\\/fullscreen\\\/home\\\/fr\\\/plongee-sous-marine-scuba-diving\\\/\",\"url\":\"https:\\\/\\\/folegandros-villas.com\\\/fullscreen\\\/home\\\/fr\\\/plongee-sous-marine-scuba-diving\\\/\",\"name\":\"PLONGEE SOUS-MARINE (SCUBA DIVING) - Folegandros Villas - Cyclades Greece - Luxurious Beachfront Villas - Residences\",\"isPartOf\":{\"@id\":\"https:\\\/\\\/folegandros-villas.com\\\/fullscreen\\\/home\\\/#website\"},\"datePublished\":\"2018-06-23T21:03:14+00:00\",\"breadcrumb\":{\"@id\":\"https:\\\/\\\/folegandros-villas.com\\\/fullscreen\\\/home\\\/fr\\\/plongee-sous-marine-scuba-diving\\\/#breadcrumb\"},\"inLanguage\":\"en-US\",\"potentialAction\":[{\"@type\":\"ReadAction\",\"target\":[\"https:\\\/\\\/folegandros-villas.com\\\/fullscreen\\\/home\\\/fr\\\/plongee-sous-marine-scuba-diving\\\/\"]}]},{\"@type\":\"BreadcrumbList\",\"@id\":\"https:\\\/\\\/folegandros-villas.com\\\/fullscreen\\\/home\\\/fr\\\/plongee-sous-marine-scuba-diving\\\/#breadcrumb\",\"itemListElement\":[{\"@type\":\"ListItem\",\"position\":1,\"name\":\"Home\",\"item\":\"https:\\\/\\\/folegandros-villas.com\\\/fullscreen\\\/home\\\/el\\\/homepage\\\/\"},{\"@type\":\"ListItem\",\"position\":2,\"name\":\"PLONGEE SOUS-MARINE (SCUBA DIVING)\"}]},{\"@type\":\"WebSite\",\"@id\":\"https:\\\/\\\/folegandros-villas.com\\\/fullscreen\\\/home\\\/#website\",\"url\":\"https:\\\/\\\/folegandros-villas.com\\\/fullscreen\\\/home\\\/\",\"name\":\"Folegandros Villas - Cyclades Greece - Luxurious Beachfront Villas - Residences\",\"description\":\"Folegandros Villas - Cyclades Greece - Luxurious Beachfront Villas - Residences\",\"potentialAction\":[{\"@type\":\"SearchAction\",\"target\":{\"@type\":\"EntryPoint\",\"urlTemplate\":\"https:\\\/\\\/folegandros-villas.com\\\/fullscreen\\\/home\\\/?s={search_term_string}\"},\"query-input\":{\"@type\":\"PropertyValueSpecification\",\"valueRequired\":true,\"valueName\":\"search_term_string\"}}],\"inLanguage\":\"en-US\"}]}<\/script>\n<!-- \/ Yoast SEO plugin. -->","yoast_head_json":{"title":"PLONGEE SOUS-MARINE (SCUBA DIVING) - Folegandros Villas - Cyclades Greece - Luxurious Beachfront Villas - Residences","robots":{"index":"index","follow":"follow","max-snippet":"max-snippet:-1","max-image-preview":"max-image-preview:large","max-video-preview":"max-video-preview:-1"},"canonical":"https:\/\/folegandros-villas.com\/fullscreen\/home\/fr\/plongee-sous-marine-scuba-diving\/","og_locale":"en_US","og_type":"article","og_title":"PLONGEE SOUS-MARINE (SCUBA DIVING) - Folegandros Villas - Cyclades Greece - Luxurious Beachfront Villas - Residences","og_description":"Plong\u00e9e sous-marine \u00cele exceptionnelle et une des plus pittoresques de la mer Eg\u00e9e, Folegandros, au sud des Cyclades, ne pourrait qu&#8217;\u00eatre une destination id\u00e9ale pour un voyage d&#8217;agr\u00e9ment au bord de la mer. Sa ligne c\u00f4ti\u00e8re rec\u00e8le des images sous-marines fascinantes. Nous vous invitons \u00e0 monter \u00e0 bord sur nos bateaux rapides pour une plong\u00e9e le long des c\u00f4tes d\u00e9chiquet\u00e9es, des plages magnifiques ou dans des grottes. Vous aurez la possibilit\u00e9 d&#8217;explorer les fonds marins en nageant dans des eaux [&hellip;]","og_url":"https:\/\/folegandros-villas.com\/fullscreen\/home\/fr\/plongee-sous-marine-scuba-diving\/","og_site_name":"Folegandros Villas - Cyclades Greece - Luxurious Beachfront Villas - Residences","twitter_misc":{"Est. reading time":"1 minute"},"schema":{"@context":"https:\/\/schema.org","@graph":[{"@type":"WebPage","@id":"https:\/\/folegandros-villas.com\/fullscreen\/home\/fr\/plongee-sous-marine-scuba-diving\/","url":"https:\/\/folegandros-villas.com\/fullscreen\/home\/fr\/plongee-sous-marine-scuba-diving\/","name":"PLONGEE SOUS-MARINE (SCUBA DIVING) - Folegandros Villas - Cyclades Greece - Luxurious Beachfront Villas - Residences","isPartOf":{"@id":"https:\/\/folegandros-villas.com\/fullscreen\/home\/#website"},"datePublished":"2018-06-23T21:03:14+00:00","breadcrumb":{"@id":"https:\/\/folegandros-villas.com\/fullscreen\/home\/fr\/plongee-sous-marine-scuba-diving\/#breadcrumb"},"inLanguage":"en-US","potentialAction":[{"@type":"ReadAction","target":["https:\/\/folegandros-villas.com\/fullscreen\/home\/fr\/plongee-sous-marine-scuba-diving\/"]}]},{"@type":"BreadcrumbList","@id":"https:\/\/folegandros-villas.com\/fullscreen\/home\/fr\/plongee-sous-marine-scuba-diving\/#breadcrumb","itemListElement":[{"@type":"ListItem","position":1,"name":"Home","item":"https:\/\/folegandros-villas.com\/fullscreen\/home\/el\/homepage\/"},{"@type":"ListItem","position":2,"name":"PLONGEE SOUS-MARINE (SCUBA DIVING)"}]},{"@type":"WebSite","@id":"https:\/\/folegandros-villas.com\/fullscreen\/home\/#website","url":"https:\/\/folegandros-villas.com\/fullscreen\/home\/","name":"Folegandros Villas - Cyclades Greece - Luxurious Beachfront Villas - Residences","description":"Folegandros Villas - Cyclades Greece - Luxurious Beachfront Villas - Residences","potentialAction":[{"@type":"SearchAction","target":{"@type":"EntryPoint","urlTemplate":"https:\/\/folegandros-villas.com\/fullscreen\/home\/?s={search_term_string}"},"query-input":{"@type":"PropertyValueSpecification","valueRequired":true,"valueName":"search_term_string"}}],"inLanguage":"en-US"}]}},"_links":{"self":[{"href":"https:\/\/folegandros-villas.com\/fullscreen\/home\/wp-json\/wp\/v2\/pages\/3292","targetHints":{"allow":["GET"]}}],"collection":[{"href":"https:\/\/folegandros-villas.com\/fullscreen\/home\/wp-json\/wp\/v2\/pages"}],"about":[{"href":"https:\/\/folegandros-villas.com\/fullscreen\/home\/wp-json\/wp\/v2\/types\/page"}],"author":[{"embeddable":true,"href":"https:\/\/folegandros-villas.com\/fullscreen\/home\/wp-json\/wp\/v2\/users\/1"}],"replies":[{"embeddable":true,"href":"https:\/\/folegandros-villas.com\/fullscreen\/home\/wp-json\/wp\/v2\/comments?post=3292"}],"version-history":[{"count":1,"href":"https:\/\/folegandros-villas.com\/fullscreen\/home\/wp-json\/wp\/v2\/pages\/3292\/revisions"}],"predecessor-version":[{"id":3293,"href":"https:\/\/folegandros-villas.com\/fullscreen\/home\/wp-json\/wp\/v2\/pages\/3292\/revisions\/3293"}],"wp:attachment":[{"href":"https:\/\/folegandros-villas.com\/fullscreen\/home\/wp-json\/wp\/v2\/media?parent=3292"}],"curies":[{"name":"wp","href":"https:\/\/api.w.org\/{rel}","templated":true}]}}