{"id":3294,"date":"2018-06-24T00:04:28","date_gmt":"2018-06-23T21:04:28","guid":{"rendered":"http:\/\/folegandros-villas.com\/fullscreen\/home\/?page_id=3294"},"modified":"2018-06-24T00:06:14","modified_gmt":"2018-06-23T21:06:14","slug":"balade-en-canoe","status":"publish","type":"page","link":"https:\/\/folegandros-villas.com\/fullscreen\/home\/fr\/balade-en-canoe\/","title":{"rendered":"BALADE EN CANO\u00cb"},"content":{"rendered":"<p><strong>D\u00e9couvrez un site d&#8217;habitation pr\u00e9historique de fa\u00e7on alternative<\/strong><\/p>\n<p style=\"text-align: justify;\">Se servant de nos deux cano\u00ebs qui se trouvent sur la plage Vitsentzou, un groupe de 4 personnes pourrait saisir l&#8217;occasion exceptionnelle de visiter les vestiges de peuplement pr\u00e9historique de Agios Ioannis, -Saint Jean-, datant de 5000 avant J.C.<\/p>\n<p style=\"text-align: justify;\">Juste \u00e0 200 m\u00e8tres de nos villas, vous pouvez laisser les cano\u00ebs en s\u00e9curit\u00e9, au point d&#8217;amarrage am\u00e9nag\u00e9 \u00e0 cet effet et ressentir une immense sensation de libert\u00e9 en faisant du snokerling dans les eaux limpides du pourtour formidable de l&#8217;\u00eele! Vous pouvez \u00e9galement visiter l&#8217;Eglise Orthodoxe de Agios Ioannis qui surplombe l&#8217;\u00eele et m\u00eame, faire sonner sa cloche, animant ainsi la chapelle&#8230;<\/p>\n<p style=\"text-align: justify;\">Nous esp\u00e9rons que, une fois d\u00e9barqu\u00e9s sur l&#8217;\u00eele, vous le respecterez et qu&#8217;elle vous donnera l&#8217;illusion d&#8217;\u00eatre son gardien d&#8217;autrefois \u00e0 la recherche des pirates&#8230;<\/p>\n","protected":false},"excerpt":{"rendered":"<p>D\u00e9couvrez un site d&#8217;habitation pr\u00e9historique de fa\u00e7on alternative Se servant de nos deux cano\u00ebs qui se trouvent sur la plage Vitsentzou, un groupe de 4 personnes pourrait saisir l&#8217;occasion exceptionnelle de visiter les vestiges de peuplement pr\u00e9historique de Agios Ioannis, -Saint Jean-, datant de 5000 avant J.C. Juste \u00e0 200 m\u00e8tres de nos villas, vous pouvez laisser les cano\u00ebs en s\u00e9curit\u00e9, au point d&#8217;amarrage am\u00e9nag\u00e9 \u00e0 cet effet et ressentir une immense sensation de libert\u00e9 en faisant du snokerling dans [&hellip;]<\/p>\n","protected":false},"author":1,"featured_media":0,"parent":0,"menu_order":0,"comment_status":"open","ping_status":"open","template":"","meta":{"footnotes":""},"class_list":["post-3294","page","type-page","status-publish","hentry"],"yoast_head":"<!-- This site is optimized with the Yoast SEO plugin v27.4 - https:\/\/yoast.com\/product\/yoast-seo-wordpress\/ -->\n<title>BALADE EN CANO\u00cb - Folegandros Villas - Cyclades Greece - Luxurious Beachfront Villas - Residences<\/title>\n<meta name=\"robots\" content=\"index, follow, max-snippet:-1, max-image-preview:large, max-video-preview:-1\" \/>\n<link rel=\"canonical\" href=\"https:\/\/folegandros-villas.com\/fullscreen\/home\/fr\/balade-en-canoe\/\" \/>\n<meta property=\"og:locale\" content=\"en_US\" \/>\n<meta property=\"og:type\" content=\"article\" \/>\n<meta property=\"og:title\" content=\"BALADE EN CANO\u00cb - Folegandros Villas - Cyclades Greece - Luxurious Beachfront Villas - Residences\" \/>\n<meta property=\"og:description\" content=\"D\u00e9couvrez un site d&#8217;habitation pr\u00e9historique de fa\u00e7on alternative Se servant de nos deux cano\u00ebs qui se trouvent sur la plage Vitsentzou, un groupe de 4 personnes pourrait saisir l&#8217;occasion exceptionnelle de visiter les vestiges de peuplement pr\u00e9historique de Agios Ioannis, -Saint Jean-, datant de 5000 avant J.C. Juste \u00e0 200 m\u00e8tres de nos villas, vous pouvez laisser les cano\u00ebs en s\u00e9curit\u00e9, au point d&#8217;amarrage am\u00e9nag\u00e9 \u00e0 cet effet et ressentir une immense sensation de libert\u00e9 en faisant du snokerling dans [&hellip;]\" \/>\n<meta property=\"og:url\" content=\"https:\/\/folegandros-villas.com\/fullscreen\/home\/fr\/balade-en-canoe\/\" \/>\n<meta property=\"og:site_name\" content=\"Folegandros Villas - Cyclades Greece - Luxurious Beachfront Villas - Residences\" \/>\n<meta property=\"article:modified_time\" content=\"2018-06-23T21:06:14+00:00\" \/>\n<meta name=\"twitter:label1\" content=\"Est. reading time\" \/>\n\t<meta name=\"twitter:data1\" content=\"1 minute\" \/>\n<script type=\"application\/ld+json\" class=\"yoast-schema-graph\">{\"@context\":\"https:\\\/\\\/schema.org\",\"@graph\":[{\"@type\":\"WebPage\",\"@id\":\"https:\\\/\\\/folegandros-villas.com\\\/fullscreen\\\/home\\\/fr\\\/balade-en-canoe\\\/\",\"url\":\"https:\\\/\\\/folegandros-villas.com\\\/fullscreen\\\/home\\\/fr\\\/balade-en-canoe\\\/\",\"name\":\"BALADE EN CANO\u00cb - Folegandros Villas - Cyclades Greece - Luxurious Beachfront Villas - Residences\",\"isPartOf\":{\"@id\":\"https:\\\/\\\/folegandros-villas.com\\\/fullscreen\\\/home\\\/#website\"},\"datePublished\":\"2018-06-23T21:04:28+00:00\",\"dateModified\":\"2018-06-23T21:06:14+00:00\",\"breadcrumb\":{\"@id\":\"https:\\\/\\\/folegandros-villas.com\\\/fullscreen\\\/home\\\/fr\\\/balade-en-canoe\\\/#breadcrumb\"},\"inLanguage\":\"en-US\",\"potentialAction\":[{\"@type\":\"ReadAction\",\"target\":[\"https:\\\/\\\/folegandros-villas.com\\\/fullscreen\\\/home\\\/fr\\\/balade-en-canoe\\\/\"]}]},{\"@type\":\"BreadcrumbList\",\"@id\":\"https:\\\/\\\/folegandros-villas.com\\\/fullscreen\\\/home\\\/fr\\\/balade-en-canoe\\\/#breadcrumb\",\"itemListElement\":[{\"@type\":\"ListItem\",\"position\":1,\"name\":\"Home\",\"item\":\"https:\\\/\\\/folegandros-villas.com\\\/fullscreen\\\/home\\\/el\\\/homepage\\\/\"},{\"@type\":\"ListItem\",\"position\":2,\"name\":\"BALADE EN CANO\u00cb\"}]},{\"@type\":\"WebSite\",\"@id\":\"https:\\\/\\\/folegandros-villas.com\\\/fullscreen\\\/home\\\/#website\",\"url\":\"https:\\\/\\\/folegandros-villas.com\\\/fullscreen\\\/home\\\/\",\"name\":\"Folegandros Villas - Cyclades Greece - Luxurious Beachfront Villas - Residences\",\"description\":\"Folegandros Villas - Cyclades Greece - Luxurious Beachfront Villas - Residences\",\"potentialAction\":[{\"@type\":\"SearchAction\",\"target\":{\"@type\":\"EntryPoint\",\"urlTemplate\":\"https:\\\/\\\/folegandros-villas.com\\\/fullscreen\\\/home\\\/?s={search_term_string}\"},\"query-input\":{\"@type\":\"PropertyValueSpecification\",\"valueRequired\":true,\"valueName\":\"search_term_string\"}}],\"inLanguage\":\"en-US\"}]}<\/script>\n<!-- \/ Yoast SEO plugin. -->","yoast_head_json":{"title":"BALADE EN CANO\u00cb - Folegandros Villas - Cyclades Greece - Luxurious Beachfront Villas - Residences","robots":{"index":"index","follow":"follow","max-snippet":"max-snippet:-1","max-image-preview":"max-image-preview:large","max-video-preview":"max-video-preview:-1"},"canonical":"https:\/\/folegandros-villas.com\/fullscreen\/home\/fr\/balade-en-canoe\/","og_locale":"en_US","og_type":"article","og_title":"BALADE EN CANO\u00cb - Folegandros Villas - Cyclades Greece - Luxurious Beachfront Villas - Residences","og_description":"D\u00e9couvrez un site d&#8217;habitation pr\u00e9historique de fa\u00e7on alternative Se servant de nos deux cano\u00ebs qui se trouvent sur la plage Vitsentzou, un groupe de 4 personnes pourrait saisir l&#8217;occasion exceptionnelle de visiter les vestiges de peuplement pr\u00e9historique de Agios Ioannis, -Saint Jean-, datant de 5000 avant J.C. Juste \u00e0 200 m\u00e8tres de nos villas, vous pouvez laisser les cano\u00ebs en s\u00e9curit\u00e9, au point d&#8217;amarrage am\u00e9nag\u00e9 \u00e0 cet effet et ressentir une immense sensation de libert\u00e9 en faisant du snokerling dans [&hellip;]","og_url":"https:\/\/folegandros-villas.com\/fullscreen\/home\/fr\/balade-en-canoe\/","og_site_name":"Folegandros Villas - Cyclades Greece - Luxurious Beachfront Villas - Residences","article_modified_time":"2018-06-23T21:06:14+00:00","twitter_misc":{"Est. reading time":"1 minute"},"schema":{"@context":"https:\/\/schema.org","@graph":[{"@type":"WebPage","@id":"https:\/\/folegandros-villas.com\/fullscreen\/home\/fr\/balade-en-canoe\/","url":"https:\/\/folegandros-villas.com\/fullscreen\/home\/fr\/balade-en-canoe\/","name":"BALADE EN CANO\u00cb - Folegandros Villas - Cyclades Greece - Luxurious Beachfront Villas - Residences","isPartOf":{"@id":"https:\/\/folegandros-villas.com\/fullscreen\/home\/#website"},"datePublished":"2018-06-23T21:04:28+00:00","dateModified":"2018-06-23T21:06:14+00:00","breadcrumb":{"@id":"https:\/\/folegandros-villas.com\/fullscreen\/home\/fr\/balade-en-canoe\/#breadcrumb"},"inLanguage":"en-US","potentialAction":[{"@type":"ReadAction","target":["https:\/\/folegandros-villas.com\/fullscreen\/home\/fr\/balade-en-canoe\/"]}]},{"@type":"BreadcrumbList","@id":"https:\/\/folegandros-villas.com\/fullscreen\/home\/fr\/balade-en-canoe\/#breadcrumb","itemListElement":[{"@type":"ListItem","position":1,"name":"Home","item":"https:\/\/folegandros-villas.com\/fullscreen\/home\/el\/homepage\/"},{"@type":"ListItem","position":2,"name":"BALADE EN CANO\u00cb"}]},{"@type":"WebSite","@id":"https:\/\/folegandros-villas.com\/fullscreen\/home\/#website","url":"https:\/\/folegandros-villas.com\/fullscreen\/home\/","name":"Folegandros Villas - Cyclades Greece - Luxurious Beachfront Villas - Residences","description":"Folegandros Villas - Cyclades Greece - Luxurious Beachfront Villas - Residences","potentialAction":[{"@type":"SearchAction","target":{"@type":"EntryPoint","urlTemplate":"https:\/\/folegandros-villas.com\/fullscreen\/home\/?s={search_term_string}"},"query-input":{"@type":"PropertyValueSpecification","valueRequired":true,"valueName":"search_term_string"}}],"inLanguage":"en-US"}]}},"_links":{"self":[{"href":"https:\/\/folegandros-villas.com\/fullscreen\/home\/wp-json\/wp\/v2\/pages\/3294","targetHints":{"allow":["GET"]}}],"collection":[{"href":"https:\/\/folegandros-villas.com\/fullscreen\/home\/wp-json\/wp\/v2\/pages"}],"about":[{"href":"https:\/\/folegandros-villas.com\/fullscreen\/home\/wp-json\/wp\/v2\/types\/page"}],"author":[{"embeddable":true,"href":"https:\/\/folegandros-villas.com\/fullscreen\/home\/wp-json\/wp\/v2\/users\/1"}],"replies":[{"embeddable":true,"href":"https:\/\/folegandros-villas.com\/fullscreen\/home\/wp-json\/wp\/v2\/comments?post=3294"}],"version-history":[{"count":1,"href":"https:\/\/folegandros-villas.com\/fullscreen\/home\/wp-json\/wp\/v2\/pages\/3294\/revisions"}],"predecessor-version":[{"id":3295,"href":"https:\/\/folegandros-villas.com\/fullscreen\/home\/wp-json\/wp\/v2\/pages\/3294\/revisions\/3295"}],"wp:attachment":[{"href":"https:\/\/folegandros-villas.com\/fullscreen\/home\/wp-json\/wp\/v2\/media?parent=3294"}],"curies":[{"name":"wp","href":"https:\/\/api.w.org\/{rel}","templated":true}]}}