{"id":3299,"date":"2018-06-24T00:18:13","date_gmt":"2018-06-23T21:18:13","guid":{"rendered":"http:\/\/folegandros-villas.com\/fullscreen\/home\/?page_id=3299"},"modified":"2018-06-24T00:18:13","modified_gmt":"2018-06-23T21:18:13","slug":"experience-de-randonnee-hiking","status":"publish","type":"page","link":"https:\/\/folegandros-villas.com\/fullscreen\/home\/fr\/experience-de-randonnee-hiking\/","title":{"rendered":"EXPERIENCE DE RANDONNEE (HIKING)"},"content":{"rendered":"<p><strong>Exp\u00e9rience de randonn\u00e9e<\/strong><\/p>\n<p>Par son air imposant et sa personnalit\u00e9 particuli\u00e8re, Folegandros sugg\u00e8re \u00e0 son visiteur une fa\u00e7on unique de ressentir son charme&#8230;<\/p>\n<p>Sur une si belle \u00eele, on ne pourra jouir de ses vertus cach\u00e9es que si on consacre du temps \u00e0 marcher dans des endroits exceptionnels.<\/p>\n<p>Lors du parcours, contemplez la mer et la vue sublime et laissez-vous impr\u00e9gner par la s\u00e9r\u00e9nit\u00e9 ravissante qui \u00e9mane d&#8217;un paysage encore intact et plein d&#8217;ar\u00f4mes comme celui du thym et de la sauge des pr\u00e9s qui stimulent les sens.<\/p>\n<p><strong>Pharos Aspropounda (sud, sud-ouest)<\/strong><br \/>\nPartagez les m\u00eames sentiments avec les gardiens de phare d&#8217;autrefois, pr\u00e9sents l\u00e0 de 1919, date de construction du phare, \u00e0 1986, date o\u00f9  ils ont remis son fonctionnement au soleil&#8230; Le phare tout blanc, contr\u00f4le, depuis sa position privil\u00e9gi\u00e9e, la mer de Cr\u00e8te et les d\u00e9troits entre Milos et Folegandros tout en continuant \u00e0 fournir des informations pr\u00e9cieuses aux voyageurs de mer&#8230;<\/p>\n<p><strong>Plage Livadaki (sud, sud-ouest)<\/strong><br \/>\nSur le m\u00eame chemin, partant de la fin de Ano Meria en direction du phare, situ\u00e9e au-dessous de celui-ci, se trouve la plage Livadaki. Les mots ne sauraient la d\u00e9crire! Faites juste en sorte d&#8217;\u00eatre l\u00e0 au coucher du soleil&#8230;<\/p>\n<p><strong>Plage Ambeli (ouest, sud-ouest)<\/strong><br \/>\nChoisissez l&#8217;ancien itin\u00e9raire, sur la voie pav\u00e9e qui m\u00e8ne \u00e0 Ambeli. Il s&#8217;agit du trajet suivi par tous les visiteurs qui allaient c\u00e9l\u00e9brer, il y a des dizaines d&#8217;ann\u00e9es, la f\u00eate du Saint le 27 juillet. Puisque le chemin passe devant l&#8217;\u00e9glise de Saint Pantel\u00e9imona, profitez-en pour faire une halte et sentir la magie du site, \u00e7a vaut la peine! Un trajet qui vous enchantera surtout au coucher du soleil.<\/p>\n<p><strong>Plage Katergo (sud)<\/strong><br \/>\nMarchez jusqu&#8217;\u00e0 l&#8217;extr\u00e9mit\u00e9 sud de l&#8217;\u00eele, laissez-vous envo\u00fbter par le vaste horizon qui s&#8217;\u00e9tale devant vous ainsi que par l&#8217;immensit\u00e9 de la mer de Cr\u00e8te. Un itin\u00e9raire magique qui passe par le village agricole m\u00e9di\u00e9val de Livadi, par de vieilles huileries et par une for\u00eat de thyms&#8230;<\/p>\n<p><strong>Plage Vorina (nord)<\/strong><br \/>\nAutrefois, c&#8217;\u00e9tait le lieu o\u00f9 on produisait et fabriquait la plaque qui orne les ruelles pav\u00e9es de Chora et qu&#8217;on transportait \u00e0 dos d&#8217;\u00e2ne peu \u00e0 peu. Cest juste au-dessous des vieux moulins de Chora que le chemin passe. La couleur de cette plaque unique est aussi ravissante quand on la voit dans Chora que quand elle se refl\u00e8te dans les eaux peu profondes de la baie de Vorina, leur offrant un vert \u00e9m\u00e9raude.<\/p>\n<p><strong>Plage Fira (sud)<\/strong><br \/>\nSuivez le vieux chemin qui m\u00e8ne \u00e0 la plage Fira; une petite oasis aux eaux bleu clair peu profondes. La plage Fira ainsi que celle de Latinaki sont les seules plages sur l&#8217;\u00eele qui profitent autant de la lumi\u00e8re du soleil&#8230; , m\u00eame de sa derni\u00e8re rayon avant son coucher!<\/p>\n<p><strong>Plage Saint Nicolas (sud)<\/strong><br \/>\nUn beau chemin partant de la plage cosmopolite de Agali vous m\u00e8ne \u00e0 la plage de Saint Nicolas. Il suit le littoral \u00e0 c\u00f4t\u00e9 des eaux \u00e9m\u00e9raudes et offre une vue superbe sur la baie de Vathi. Un parcours qui, depuis son d\u00e9but jusqu&#8217;\u00e0 sa fin, suscite des \u00e9motions si vari\u00e9es. Loin des feux de la civilisation, sans \u00e9lectricit\u00e9 ni route, la plage est une vraie magie.<\/p>\n","protected":false},"excerpt":{"rendered":"<p>Exp\u00e9rience de randonn\u00e9e Par son air imposant et sa personnalit\u00e9 particuli\u00e8re, Folegandros sugg\u00e8re \u00e0 son visiteur une fa\u00e7on unique de ressentir son charme&#8230; Sur une si belle \u00eele, on ne pourra jouir de ses vertus cach\u00e9es que si on consacre du temps \u00e0 marcher dans des endroits exceptionnels. Lors du parcours, contemplez la mer et la vue sublime et laissez-vous impr\u00e9gner par la s\u00e9r\u00e9nit\u00e9 ravissante qui \u00e9mane d&#8217;un paysage encore intact et plein d&#8217;ar\u00f4mes comme celui du thym et de [&hellip;]<\/p>\n","protected":false},"author":1,"featured_media":0,"parent":0,"menu_order":0,"comment_status":"open","ping_status":"open","template":"","meta":{"footnotes":""},"class_list":["post-3299","page","type-page","status-publish","hentry"],"yoast_head":"<!-- This site is optimized with the Yoast SEO plugin v27.4 - https:\/\/yoast.com\/product\/yoast-seo-wordpress\/ -->\n<title>EXPERIENCE DE RANDONNEE (HIKING) - Folegandros Villas - Cyclades Greece - Luxurious Beachfront Villas - Residences<\/title>\n<meta name=\"robots\" content=\"index, follow, max-snippet:-1, max-image-preview:large, max-video-preview:-1\" \/>\n<link rel=\"canonical\" href=\"https:\/\/folegandros-villas.com\/fullscreen\/home\/fr\/experience-de-randonnee-hiking\/\" \/>\n<meta property=\"og:locale\" content=\"en_US\" \/>\n<meta property=\"og:type\" content=\"article\" \/>\n<meta property=\"og:title\" content=\"EXPERIENCE DE RANDONNEE (HIKING) - Folegandros Villas - Cyclades Greece - Luxurious Beachfront Villas - Residences\" \/>\n<meta property=\"og:description\" content=\"Exp\u00e9rience de randonn\u00e9e Par son air imposant et sa personnalit\u00e9 particuli\u00e8re, Folegandros sugg\u00e8re \u00e0 son visiteur une fa\u00e7on unique de ressentir son charme&#8230; Sur une si belle \u00eele, on ne pourra jouir de ses vertus cach\u00e9es que si on consacre du temps \u00e0 marcher dans des endroits exceptionnels. Lors du parcours, contemplez la mer et la vue sublime et laissez-vous impr\u00e9gner par la s\u00e9r\u00e9nit\u00e9 ravissante qui \u00e9mane d&#8217;un paysage encore intact et plein d&#8217;ar\u00f4mes comme celui du thym et de [&hellip;]\" \/>\n<meta property=\"og:url\" content=\"https:\/\/folegandros-villas.com\/fullscreen\/home\/fr\/experience-de-randonnee-hiking\/\" \/>\n<meta property=\"og:site_name\" content=\"Folegandros Villas - Cyclades Greece - Luxurious Beachfront Villas - Residences\" \/>\n<meta name=\"twitter:label1\" content=\"Est. reading time\" \/>\n\t<meta name=\"twitter:data1\" content=\"3 minutes\" \/>\n<script type=\"application\/ld+json\" class=\"yoast-schema-graph\">{\"@context\":\"https:\\\/\\\/schema.org\",\"@graph\":[{\"@type\":\"WebPage\",\"@id\":\"https:\\\/\\\/folegandros-villas.com\\\/fullscreen\\\/home\\\/fr\\\/experience-de-randonnee-hiking\\\/\",\"url\":\"https:\\\/\\\/folegandros-villas.com\\\/fullscreen\\\/home\\\/fr\\\/experience-de-randonnee-hiking\\\/\",\"name\":\"EXPERIENCE DE RANDONNEE (HIKING) - Folegandros Villas - Cyclades Greece - Luxurious Beachfront Villas - Residences\",\"isPartOf\":{\"@id\":\"https:\\\/\\\/folegandros-villas.com\\\/fullscreen\\\/home\\\/#website\"},\"datePublished\":\"2018-06-23T21:18:13+00:00\",\"breadcrumb\":{\"@id\":\"https:\\\/\\\/folegandros-villas.com\\\/fullscreen\\\/home\\\/fr\\\/experience-de-randonnee-hiking\\\/#breadcrumb\"},\"inLanguage\":\"en-US\",\"potentialAction\":[{\"@type\":\"ReadAction\",\"target\":[\"https:\\\/\\\/folegandros-villas.com\\\/fullscreen\\\/home\\\/fr\\\/experience-de-randonnee-hiking\\\/\"]}]},{\"@type\":\"BreadcrumbList\",\"@id\":\"https:\\\/\\\/folegandros-villas.com\\\/fullscreen\\\/home\\\/fr\\\/experience-de-randonnee-hiking\\\/#breadcrumb\",\"itemListElement\":[{\"@type\":\"ListItem\",\"position\":1,\"name\":\"Home\",\"item\":\"https:\\\/\\\/folegandros-villas.com\\\/fullscreen\\\/home\\\/el\\\/homepage\\\/\"},{\"@type\":\"ListItem\",\"position\":2,\"name\":\"EXPERIENCE DE RANDONNEE (HIKING)\"}]},{\"@type\":\"WebSite\",\"@id\":\"https:\\\/\\\/folegandros-villas.com\\\/fullscreen\\\/home\\\/#website\",\"url\":\"https:\\\/\\\/folegandros-villas.com\\\/fullscreen\\\/home\\\/\",\"name\":\"Folegandros Villas - Cyclades Greece - Luxurious Beachfront Villas - Residences\",\"description\":\"Folegandros Villas - Cyclades Greece - Luxurious Beachfront Villas - Residences\",\"potentialAction\":[{\"@type\":\"SearchAction\",\"target\":{\"@type\":\"EntryPoint\",\"urlTemplate\":\"https:\\\/\\\/folegandros-villas.com\\\/fullscreen\\\/home\\\/?s={search_term_string}\"},\"query-input\":{\"@type\":\"PropertyValueSpecification\",\"valueRequired\":true,\"valueName\":\"search_term_string\"}}],\"inLanguage\":\"en-US\"}]}<\/script>\n<!-- \/ Yoast SEO plugin. -->","yoast_head_json":{"title":"EXPERIENCE DE RANDONNEE (HIKING) - Folegandros Villas - Cyclades Greece - Luxurious Beachfront Villas - Residences","robots":{"index":"index","follow":"follow","max-snippet":"max-snippet:-1","max-image-preview":"max-image-preview:large","max-video-preview":"max-video-preview:-1"},"canonical":"https:\/\/folegandros-villas.com\/fullscreen\/home\/fr\/experience-de-randonnee-hiking\/","og_locale":"en_US","og_type":"article","og_title":"EXPERIENCE DE RANDONNEE (HIKING) - Folegandros Villas - Cyclades Greece - Luxurious Beachfront Villas - Residences","og_description":"Exp\u00e9rience de randonn\u00e9e Par son air imposant et sa personnalit\u00e9 particuli\u00e8re, Folegandros sugg\u00e8re \u00e0 son visiteur une fa\u00e7on unique de ressentir son charme&#8230; Sur une si belle \u00eele, on ne pourra jouir de ses vertus cach\u00e9es que si on consacre du temps \u00e0 marcher dans des endroits exceptionnels. Lors du parcours, contemplez la mer et la vue sublime et laissez-vous impr\u00e9gner par la s\u00e9r\u00e9nit\u00e9 ravissante qui \u00e9mane d&#8217;un paysage encore intact et plein d&#8217;ar\u00f4mes comme celui du thym et de [&hellip;]","og_url":"https:\/\/folegandros-villas.com\/fullscreen\/home\/fr\/experience-de-randonnee-hiking\/","og_site_name":"Folegandros Villas - Cyclades Greece - Luxurious Beachfront Villas - Residences","twitter_misc":{"Est. reading time":"3 minutes"},"schema":{"@context":"https:\/\/schema.org","@graph":[{"@type":"WebPage","@id":"https:\/\/folegandros-villas.com\/fullscreen\/home\/fr\/experience-de-randonnee-hiking\/","url":"https:\/\/folegandros-villas.com\/fullscreen\/home\/fr\/experience-de-randonnee-hiking\/","name":"EXPERIENCE DE RANDONNEE (HIKING) - Folegandros Villas - Cyclades Greece - Luxurious Beachfront Villas - Residences","isPartOf":{"@id":"https:\/\/folegandros-villas.com\/fullscreen\/home\/#website"},"datePublished":"2018-06-23T21:18:13+00:00","breadcrumb":{"@id":"https:\/\/folegandros-villas.com\/fullscreen\/home\/fr\/experience-de-randonnee-hiking\/#breadcrumb"},"inLanguage":"en-US","potentialAction":[{"@type":"ReadAction","target":["https:\/\/folegandros-villas.com\/fullscreen\/home\/fr\/experience-de-randonnee-hiking\/"]}]},{"@type":"BreadcrumbList","@id":"https:\/\/folegandros-villas.com\/fullscreen\/home\/fr\/experience-de-randonnee-hiking\/#breadcrumb","itemListElement":[{"@type":"ListItem","position":1,"name":"Home","item":"https:\/\/folegandros-villas.com\/fullscreen\/home\/el\/homepage\/"},{"@type":"ListItem","position":2,"name":"EXPERIENCE DE RANDONNEE (HIKING)"}]},{"@type":"WebSite","@id":"https:\/\/folegandros-villas.com\/fullscreen\/home\/#website","url":"https:\/\/folegandros-villas.com\/fullscreen\/home\/","name":"Folegandros Villas - Cyclades Greece - Luxurious Beachfront Villas - Residences","description":"Folegandros Villas - Cyclades Greece - Luxurious Beachfront Villas - Residences","potentialAction":[{"@type":"SearchAction","target":{"@type":"EntryPoint","urlTemplate":"https:\/\/folegandros-villas.com\/fullscreen\/home\/?s={search_term_string}"},"query-input":{"@type":"PropertyValueSpecification","valueRequired":true,"valueName":"search_term_string"}}],"inLanguage":"en-US"}]}},"_links":{"self":[{"href":"https:\/\/folegandros-villas.com\/fullscreen\/home\/wp-json\/wp\/v2\/pages\/3299","targetHints":{"allow":["GET"]}}],"collection":[{"href":"https:\/\/folegandros-villas.com\/fullscreen\/home\/wp-json\/wp\/v2\/pages"}],"about":[{"href":"https:\/\/folegandros-villas.com\/fullscreen\/home\/wp-json\/wp\/v2\/types\/page"}],"author":[{"embeddable":true,"href":"https:\/\/folegandros-villas.com\/fullscreen\/home\/wp-json\/wp\/v2\/users\/1"}],"replies":[{"embeddable":true,"href":"https:\/\/folegandros-villas.com\/fullscreen\/home\/wp-json\/wp\/v2\/comments?post=3299"}],"version-history":[{"count":1,"href":"https:\/\/folegandros-villas.com\/fullscreen\/home\/wp-json\/wp\/v2\/pages\/3299\/revisions"}],"predecessor-version":[{"id":3300,"href":"https:\/\/folegandros-villas.com\/fullscreen\/home\/wp-json\/wp\/v2\/pages\/3299\/revisions\/3300"}],"wp:attachment":[{"href":"https:\/\/folegandros-villas.com\/fullscreen\/home\/wp-json\/wp\/v2\/media?parent=3299"}],"curies":[{"name":"wp","href":"https:\/\/api.w.org\/{rel}","templated":true}]}}