{"id":3301,"date":"2018-06-24T00:20:41","date_gmt":"2018-06-23T21:20:41","guid":{"rendered":"http:\/\/folegandros-villas.com\/fullscreen\/home\/?page_id=3301"},"modified":"2018-06-24T00:20:41","modified_gmt":"2018-06-23T21:20:41","slug":"visite-du-monastere-n-d-de-folegandros","status":"publish","type":"page","link":"https:\/\/folegandros-villas.com\/fullscreen\/home\/fr\/visite-du-monastere-n-d-de-folegandros\/","title":{"rendered":"VISITE DU MONASTERE N.D. DE FOLEGANDROS"},"content":{"rendered":"<p><strong>Visitez le monast\u00e8re de Notre Dame de Folegandros<\/strong><\/p>\n<p style=\"text-align: justify;\">De hautes falaises escarp\u00e9es plongeant dans la mer comme si elles la surveillaient dans son immensit\u00e9. Imposant, surplombant le chateau, le monast\u00e8re de Panagia de Folegandros est d\u00e9di\u00e9 \u00e0 l&#8217; Assomption de la Vierge. Construit au 18\u00e8me si\u00e8cle, dans le style d&#8217;architecture unique des Cyclades, \u00e0 c\u00f4t\u00e9 de l&#8217;acropole et du chateau anciens, il domine, du haut des rochers escarp\u00e9s, le paysage et il se dresse calme, majestueux, sans \u00e9gal, dans tout l&#8217;Archipel. L&#8217;ic\u00f4ne miraculeuse de Panagia de Folegandros ainsi que la vue splendide depuis le monast\u00e8re sont la meilleure compensation au chemin parcouru par le visiteur.<\/p>\n","protected":false},"excerpt":{"rendered":"<p>Visitez le monast\u00e8re de Notre Dame de Folegandros De hautes falaises escarp\u00e9es plongeant dans la mer comme si elles la surveillaient dans son immensit\u00e9. Imposant, surplombant le chateau, le monast\u00e8re de Panagia de Folegandros est d\u00e9di\u00e9 \u00e0 l&#8217; Assomption de la Vierge. Construit au 18\u00e8me si\u00e8cle, dans le style d&#8217;architecture unique des Cyclades, \u00e0 c\u00f4t\u00e9 de l&#8217;acropole et du chateau anciens, il domine, du haut des rochers escarp\u00e9s, le paysage et il se dresse calme, majestueux, sans \u00e9gal, dans tout [&hellip;]<\/p>\n","protected":false},"author":1,"featured_media":0,"parent":0,"menu_order":0,"comment_status":"open","ping_status":"open","template":"","meta":{"footnotes":""},"class_list":["post-3301","page","type-page","status-publish","hentry"],"yoast_head":"<!-- This site is optimized with the Yoast SEO plugin v27.4 - https:\/\/yoast.com\/product\/yoast-seo-wordpress\/ -->\n<title>VISITE DU MONASTERE N.D. DE FOLEGANDROS - Folegandros Villas - Cyclades Greece - Luxurious Beachfront Villas - Residences<\/title>\n<meta name=\"robots\" content=\"index, follow, max-snippet:-1, max-image-preview:large, max-video-preview:-1\" \/>\n<link rel=\"canonical\" href=\"https:\/\/folegandros-villas.com\/fullscreen\/home\/fr\/visite-du-monastere-n-d-de-folegandros\/\" \/>\n<meta property=\"og:locale\" content=\"en_US\" \/>\n<meta property=\"og:type\" content=\"article\" \/>\n<meta property=\"og:title\" content=\"VISITE DU MONASTERE N.D. DE FOLEGANDROS - Folegandros Villas - Cyclades Greece - Luxurious Beachfront Villas - Residences\" \/>\n<meta property=\"og:description\" content=\"Visitez le monast\u00e8re de Notre Dame de Folegandros De hautes falaises escarp\u00e9es plongeant dans la mer comme si elles la surveillaient dans son immensit\u00e9. Imposant, surplombant le chateau, le monast\u00e8re de Panagia de Folegandros est d\u00e9di\u00e9 \u00e0 l&#8217; Assomption de la Vierge. Construit au 18\u00e8me si\u00e8cle, dans le style d&#8217;architecture unique des Cyclades, \u00e0 c\u00f4t\u00e9 de l&#8217;acropole et du chateau anciens, il domine, du haut des rochers escarp\u00e9s, le paysage et il se dresse calme, majestueux, sans \u00e9gal, dans tout [&hellip;]\" \/>\n<meta property=\"og:url\" content=\"https:\/\/folegandros-villas.com\/fullscreen\/home\/fr\/visite-du-monastere-n-d-de-folegandros\/\" \/>\n<meta property=\"og:site_name\" content=\"Folegandros Villas - Cyclades Greece - Luxurious Beachfront Villas - Residences\" \/>\n<meta name=\"twitter:label1\" content=\"Est. reading time\" \/>\n\t<meta name=\"twitter:data1\" content=\"1 minute\" \/>\n<script type=\"application\/ld+json\" class=\"yoast-schema-graph\">{\"@context\":\"https:\\\/\\\/schema.org\",\"@graph\":[{\"@type\":\"WebPage\",\"@id\":\"https:\\\/\\\/folegandros-villas.com\\\/fullscreen\\\/home\\\/fr\\\/visite-du-monastere-n-d-de-folegandros\\\/\",\"url\":\"https:\\\/\\\/folegandros-villas.com\\\/fullscreen\\\/home\\\/fr\\\/visite-du-monastere-n-d-de-folegandros\\\/\",\"name\":\"VISITE DU MONASTERE N.D. DE FOLEGANDROS - Folegandros Villas - Cyclades Greece - Luxurious Beachfront Villas - Residences\",\"isPartOf\":{\"@id\":\"https:\\\/\\\/folegandros-villas.com\\\/fullscreen\\\/home\\\/#website\"},\"datePublished\":\"2018-06-23T21:20:41+00:00\",\"breadcrumb\":{\"@id\":\"https:\\\/\\\/folegandros-villas.com\\\/fullscreen\\\/home\\\/fr\\\/visite-du-monastere-n-d-de-folegandros\\\/#breadcrumb\"},\"inLanguage\":\"en-US\",\"potentialAction\":[{\"@type\":\"ReadAction\",\"target\":[\"https:\\\/\\\/folegandros-villas.com\\\/fullscreen\\\/home\\\/fr\\\/visite-du-monastere-n-d-de-folegandros\\\/\"]}]},{\"@type\":\"BreadcrumbList\",\"@id\":\"https:\\\/\\\/folegandros-villas.com\\\/fullscreen\\\/home\\\/fr\\\/visite-du-monastere-n-d-de-folegandros\\\/#breadcrumb\",\"itemListElement\":[{\"@type\":\"ListItem\",\"position\":1,\"name\":\"Home\",\"item\":\"https:\\\/\\\/folegandros-villas.com\\\/fullscreen\\\/home\\\/el\\\/homepage\\\/\"},{\"@type\":\"ListItem\",\"position\":2,\"name\":\"VISITE DU MONASTERE N.D. DE FOLEGANDROS\"}]},{\"@type\":\"WebSite\",\"@id\":\"https:\\\/\\\/folegandros-villas.com\\\/fullscreen\\\/home\\\/#website\",\"url\":\"https:\\\/\\\/folegandros-villas.com\\\/fullscreen\\\/home\\\/\",\"name\":\"Folegandros Villas - Cyclades Greece - Luxurious Beachfront Villas - Residences\",\"description\":\"Folegandros Villas - Cyclades Greece - Luxurious Beachfront Villas - Residences\",\"potentialAction\":[{\"@type\":\"SearchAction\",\"target\":{\"@type\":\"EntryPoint\",\"urlTemplate\":\"https:\\\/\\\/folegandros-villas.com\\\/fullscreen\\\/home\\\/?s={search_term_string}\"},\"query-input\":{\"@type\":\"PropertyValueSpecification\",\"valueRequired\":true,\"valueName\":\"search_term_string\"}}],\"inLanguage\":\"en-US\"}]}<\/script>\n<!-- \/ Yoast SEO plugin. -->","yoast_head_json":{"title":"VISITE DU MONASTERE N.D. DE FOLEGANDROS - Folegandros Villas - Cyclades Greece - Luxurious Beachfront Villas - Residences","robots":{"index":"index","follow":"follow","max-snippet":"max-snippet:-1","max-image-preview":"max-image-preview:large","max-video-preview":"max-video-preview:-1"},"canonical":"https:\/\/folegandros-villas.com\/fullscreen\/home\/fr\/visite-du-monastere-n-d-de-folegandros\/","og_locale":"en_US","og_type":"article","og_title":"VISITE DU MONASTERE N.D. DE FOLEGANDROS - Folegandros Villas - Cyclades Greece - Luxurious Beachfront Villas - Residences","og_description":"Visitez le monast\u00e8re de Notre Dame de Folegandros De hautes falaises escarp\u00e9es plongeant dans la mer comme si elles la surveillaient dans son immensit\u00e9. Imposant, surplombant le chateau, le monast\u00e8re de Panagia de Folegandros est d\u00e9di\u00e9 \u00e0 l&#8217; Assomption de la Vierge. Construit au 18\u00e8me si\u00e8cle, dans le style d&#8217;architecture unique des Cyclades, \u00e0 c\u00f4t\u00e9 de l&#8217;acropole et du chateau anciens, il domine, du haut des rochers escarp\u00e9s, le paysage et il se dresse calme, majestueux, sans \u00e9gal, dans tout [&hellip;]","og_url":"https:\/\/folegandros-villas.com\/fullscreen\/home\/fr\/visite-du-monastere-n-d-de-folegandros\/","og_site_name":"Folegandros Villas - Cyclades Greece - Luxurious Beachfront Villas - Residences","twitter_misc":{"Est. reading time":"1 minute"},"schema":{"@context":"https:\/\/schema.org","@graph":[{"@type":"WebPage","@id":"https:\/\/folegandros-villas.com\/fullscreen\/home\/fr\/visite-du-monastere-n-d-de-folegandros\/","url":"https:\/\/folegandros-villas.com\/fullscreen\/home\/fr\/visite-du-monastere-n-d-de-folegandros\/","name":"VISITE DU MONASTERE N.D. DE FOLEGANDROS - Folegandros Villas - Cyclades Greece - Luxurious Beachfront Villas - Residences","isPartOf":{"@id":"https:\/\/folegandros-villas.com\/fullscreen\/home\/#website"},"datePublished":"2018-06-23T21:20:41+00:00","breadcrumb":{"@id":"https:\/\/folegandros-villas.com\/fullscreen\/home\/fr\/visite-du-monastere-n-d-de-folegandros\/#breadcrumb"},"inLanguage":"en-US","potentialAction":[{"@type":"ReadAction","target":["https:\/\/folegandros-villas.com\/fullscreen\/home\/fr\/visite-du-monastere-n-d-de-folegandros\/"]}]},{"@type":"BreadcrumbList","@id":"https:\/\/folegandros-villas.com\/fullscreen\/home\/fr\/visite-du-monastere-n-d-de-folegandros\/#breadcrumb","itemListElement":[{"@type":"ListItem","position":1,"name":"Home","item":"https:\/\/folegandros-villas.com\/fullscreen\/home\/el\/homepage\/"},{"@type":"ListItem","position":2,"name":"VISITE DU MONASTERE N.D. DE FOLEGANDROS"}]},{"@type":"WebSite","@id":"https:\/\/folegandros-villas.com\/fullscreen\/home\/#website","url":"https:\/\/folegandros-villas.com\/fullscreen\/home\/","name":"Folegandros Villas - Cyclades Greece - Luxurious Beachfront Villas - Residences","description":"Folegandros Villas - Cyclades Greece - Luxurious Beachfront Villas - Residences","potentialAction":[{"@type":"SearchAction","target":{"@type":"EntryPoint","urlTemplate":"https:\/\/folegandros-villas.com\/fullscreen\/home\/?s={search_term_string}"},"query-input":{"@type":"PropertyValueSpecification","valueRequired":true,"valueName":"search_term_string"}}],"inLanguage":"en-US"}]}},"_links":{"self":[{"href":"https:\/\/folegandros-villas.com\/fullscreen\/home\/wp-json\/wp\/v2\/pages\/3301","targetHints":{"allow":["GET"]}}],"collection":[{"href":"https:\/\/folegandros-villas.com\/fullscreen\/home\/wp-json\/wp\/v2\/pages"}],"about":[{"href":"https:\/\/folegandros-villas.com\/fullscreen\/home\/wp-json\/wp\/v2\/types\/page"}],"author":[{"embeddable":true,"href":"https:\/\/folegandros-villas.com\/fullscreen\/home\/wp-json\/wp\/v2\/users\/1"}],"replies":[{"embeddable":true,"href":"https:\/\/folegandros-villas.com\/fullscreen\/home\/wp-json\/wp\/v2\/comments?post=3301"}],"version-history":[{"count":1,"href":"https:\/\/folegandros-villas.com\/fullscreen\/home\/wp-json\/wp\/v2\/pages\/3301\/revisions"}],"predecessor-version":[{"id":3302,"href":"https:\/\/folegandros-villas.com\/fullscreen\/home\/wp-json\/wp\/v2\/pages\/3301\/revisions\/3302"}],"wp:attachment":[{"href":"https:\/\/folegandros-villas.com\/fullscreen\/home\/wp-json\/wp\/v2\/media?parent=3301"}],"curies":[{"name":"wp","href":"https:\/\/api.w.org\/{rel}","templated":true}]}}