{"id":3306,"date":"2018-06-24T00:24:35","date_gmt":"2018-06-23T21:24:35","guid":{"rendered":"http:\/\/folegandros-villas.com\/fullscreen\/home\/?page_id=3306"},"modified":"2018-06-24T00:25:22","modified_gmt":"2018-06-23T21:25:22","slug":"observation-des-etoiles-et-de-la-mer","status":"publish","type":"page","link":"https:\/\/folegandros-villas.com\/fullscreen\/home\/fr\/observation-des-etoiles-et-de-la-mer\/","title":{"rendered":"OBSERVATION DES ETOILES ET DE LA MER"},"content":{"rendered":"<p><strong>Observation des \u00e9toiles et de la mer<\/strong><\/p>\n<p style=\"text-align: justify;\">Pendant la nuit, n&#8217;h\u00e9sitez pas \u00e0 contacter notre personnel aimable de la r\u00e9ception au sujet de l&#8217;usage du t\u00e9lescope grande puissance pour observer le ciel limpide et \u00e9toil\u00e9. Par ailleurs, vous pouvez l&#8217;utiliser pendant la journ\u00e9e aussi, pour suivre de pr\u00e8s les activit\u00e9s de p\u00eache des p\u00eacheurs professionnels ou pour regarder les voiliers qui passent, ou m\u00eame les \u00eeles et les plages aux alentours de Folegandros.<\/p>\n","protected":false},"excerpt":{"rendered":"<p>Observation des \u00e9toiles et de la mer Pendant la nuit, n&#8217;h\u00e9sitez pas \u00e0 contacter notre personnel aimable de la r\u00e9ception au sujet de l&#8217;usage du t\u00e9lescope grande puissance pour observer le ciel limpide et \u00e9toil\u00e9. Par ailleurs, vous pouvez l&#8217;utiliser pendant la journ\u00e9e aussi, pour suivre de pr\u00e8s les activit\u00e9s de p\u00eache des p\u00eacheurs professionnels ou pour regarder les voiliers qui passent, ou m\u00eame les \u00eeles et les plages aux alentours de Folegandros.<\/p>\n","protected":false},"author":1,"featured_media":0,"parent":0,"menu_order":0,"comment_status":"open","ping_status":"open","template":"","meta":{"footnotes":""},"class_list":["post-3306","page","type-page","status-publish","hentry"],"yoast_head":"<!-- This site is optimized with the Yoast SEO plugin v27.4 - https:\/\/yoast.com\/product\/yoast-seo-wordpress\/ -->\n<title>OBSERVATION DES ETOILES ET DE LA MER - Folegandros Villas - Cyclades Greece - Luxurious Beachfront Villas - Residences<\/title>\n<meta name=\"robots\" content=\"index, follow, max-snippet:-1, max-image-preview:large, max-video-preview:-1\" \/>\n<link rel=\"canonical\" href=\"https:\/\/folegandros-villas.com\/fullscreen\/home\/fr\/observation-des-etoiles-et-de-la-mer\/\" \/>\n<meta property=\"og:locale\" content=\"en_US\" \/>\n<meta property=\"og:type\" content=\"article\" \/>\n<meta property=\"og:title\" content=\"OBSERVATION DES ETOILES ET DE LA MER - Folegandros Villas - Cyclades Greece - Luxurious Beachfront Villas - Residences\" \/>\n<meta property=\"og:description\" content=\"Observation des \u00e9toiles et de la mer Pendant la nuit, n&#8217;h\u00e9sitez pas \u00e0 contacter notre personnel aimable de la r\u00e9ception au sujet de l&#8217;usage du t\u00e9lescope grande puissance pour observer le ciel limpide et \u00e9toil\u00e9. Par ailleurs, vous pouvez l&#8217;utiliser pendant la journ\u00e9e aussi, pour suivre de pr\u00e8s les activit\u00e9s de p\u00eache des p\u00eacheurs professionnels ou pour regarder les voiliers qui passent, ou m\u00eame les \u00eeles et les plages aux alentours de Folegandros.\" \/>\n<meta property=\"og:url\" content=\"https:\/\/folegandros-villas.com\/fullscreen\/home\/fr\/observation-des-etoiles-et-de-la-mer\/\" \/>\n<meta property=\"og:site_name\" content=\"Folegandros Villas - Cyclades Greece - Luxurious Beachfront Villas - Residences\" \/>\n<meta property=\"article:modified_time\" content=\"2018-06-23T21:25:22+00:00\" \/>\n<script type=\"application\/ld+json\" class=\"yoast-schema-graph\">{\"@context\":\"https:\\\/\\\/schema.org\",\"@graph\":[{\"@type\":\"WebPage\",\"@id\":\"https:\\\/\\\/folegandros-villas.com\\\/fullscreen\\\/home\\\/fr\\\/observation-des-etoiles-et-de-la-mer\\\/\",\"url\":\"https:\\\/\\\/folegandros-villas.com\\\/fullscreen\\\/home\\\/fr\\\/observation-des-etoiles-et-de-la-mer\\\/\",\"name\":\"OBSERVATION DES ETOILES ET DE LA MER - Folegandros Villas - Cyclades Greece - Luxurious Beachfront Villas - Residences\",\"isPartOf\":{\"@id\":\"https:\\\/\\\/folegandros-villas.com\\\/fullscreen\\\/home\\\/#website\"},\"datePublished\":\"2018-06-23T21:24:35+00:00\",\"dateModified\":\"2018-06-23T21:25:22+00:00\",\"breadcrumb\":{\"@id\":\"https:\\\/\\\/folegandros-villas.com\\\/fullscreen\\\/home\\\/fr\\\/observation-des-etoiles-et-de-la-mer\\\/#breadcrumb\"},\"inLanguage\":\"en-US\",\"potentialAction\":[{\"@type\":\"ReadAction\",\"target\":[\"https:\\\/\\\/folegandros-villas.com\\\/fullscreen\\\/home\\\/fr\\\/observation-des-etoiles-et-de-la-mer\\\/\"]}]},{\"@type\":\"BreadcrumbList\",\"@id\":\"https:\\\/\\\/folegandros-villas.com\\\/fullscreen\\\/home\\\/fr\\\/observation-des-etoiles-et-de-la-mer\\\/#breadcrumb\",\"itemListElement\":[{\"@type\":\"ListItem\",\"position\":1,\"name\":\"Home\",\"item\":\"https:\\\/\\\/folegandros-villas.com\\\/fullscreen\\\/home\\\/el\\\/homepage\\\/\"},{\"@type\":\"ListItem\",\"position\":2,\"name\":\"OBSERVATION DES ETOILES ET DE LA MER\"}]},{\"@type\":\"WebSite\",\"@id\":\"https:\\\/\\\/folegandros-villas.com\\\/fullscreen\\\/home\\\/#website\",\"url\":\"https:\\\/\\\/folegandros-villas.com\\\/fullscreen\\\/home\\\/\",\"name\":\"Folegandros Villas - Cyclades Greece - Luxurious Beachfront Villas - Residences\",\"description\":\"Folegandros Villas - Cyclades Greece - Luxurious Beachfront Villas - Residences\",\"potentialAction\":[{\"@type\":\"SearchAction\",\"target\":{\"@type\":\"EntryPoint\",\"urlTemplate\":\"https:\\\/\\\/folegandros-villas.com\\\/fullscreen\\\/home\\\/?s={search_term_string}\"},\"query-input\":{\"@type\":\"PropertyValueSpecification\",\"valueRequired\":true,\"valueName\":\"search_term_string\"}}],\"inLanguage\":\"en-US\"}]}<\/script>\n<!-- \/ Yoast SEO plugin. -->","yoast_head_json":{"title":"OBSERVATION DES ETOILES ET DE LA MER - Folegandros Villas - Cyclades Greece - Luxurious Beachfront Villas - Residences","robots":{"index":"index","follow":"follow","max-snippet":"max-snippet:-1","max-image-preview":"max-image-preview:large","max-video-preview":"max-video-preview:-1"},"canonical":"https:\/\/folegandros-villas.com\/fullscreen\/home\/fr\/observation-des-etoiles-et-de-la-mer\/","og_locale":"en_US","og_type":"article","og_title":"OBSERVATION DES ETOILES ET DE LA MER - Folegandros Villas - Cyclades Greece - Luxurious Beachfront Villas - Residences","og_description":"Observation des \u00e9toiles et de la mer Pendant la nuit, n&#8217;h\u00e9sitez pas \u00e0 contacter notre personnel aimable de la r\u00e9ception au sujet de l&#8217;usage du t\u00e9lescope grande puissance pour observer le ciel limpide et \u00e9toil\u00e9. Par ailleurs, vous pouvez l&#8217;utiliser pendant la journ\u00e9e aussi, pour suivre de pr\u00e8s les activit\u00e9s de p\u00eache des p\u00eacheurs professionnels ou pour regarder les voiliers qui passent, ou m\u00eame les \u00eeles et les plages aux alentours de Folegandros.","og_url":"https:\/\/folegandros-villas.com\/fullscreen\/home\/fr\/observation-des-etoiles-et-de-la-mer\/","og_site_name":"Folegandros Villas - Cyclades Greece - Luxurious Beachfront Villas - Residences","article_modified_time":"2018-06-23T21:25:22+00:00","schema":{"@context":"https:\/\/schema.org","@graph":[{"@type":"WebPage","@id":"https:\/\/folegandros-villas.com\/fullscreen\/home\/fr\/observation-des-etoiles-et-de-la-mer\/","url":"https:\/\/folegandros-villas.com\/fullscreen\/home\/fr\/observation-des-etoiles-et-de-la-mer\/","name":"OBSERVATION DES ETOILES ET DE LA MER - Folegandros Villas - Cyclades Greece - Luxurious Beachfront Villas - Residences","isPartOf":{"@id":"https:\/\/folegandros-villas.com\/fullscreen\/home\/#website"},"datePublished":"2018-06-23T21:24:35+00:00","dateModified":"2018-06-23T21:25:22+00:00","breadcrumb":{"@id":"https:\/\/folegandros-villas.com\/fullscreen\/home\/fr\/observation-des-etoiles-et-de-la-mer\/#breadcrumb"},"inLanguage":"en-US","potentialAction":[{"@type":"ReadAction","target":["https:\/\/folegandros-villas.com\/fullscreen\/home\/fr\/observation-des-etoiles-et-de-la-mer\/"]}]},{"@type":"BreadcrumbList","@id":"https:\/\/folegandros-villas.com\/fullscreen\/home\/fr\/observation-des-etoiles-et-de-la-mer\/#breadcrumb","itemListElement":[{"@type":"ListItem","position":1,"name":"Home","item":"https:\/\/folegandros-villas.com\/fullscreen\/home\/el\/homepage\/"},{"@type":"ListItem","position":2,"name":"OBSERVATION DES ETOILES ET DE LA MER"}]},{"@type":"WebSite","@id":"https:\/\/folegandros-villas.com\/fullscreen\/home\/#website","url":"https:\/\/folegandros-villas.com\/fullscreen\/home\/","name":"Folegandros Villas - Cyclades Greece - Luxurious Beachfront Villas - Residences","description":"Folegandros Villas - Cyclades Greece - Luxurious Beachfront Villas - Residences","potentialAction":[{"@type":"SearchAction","target":{"@type":"EntryPoint","urlTemplate":"https:\/\/folegandros-villas.com\/fullscreen\/home\/?s={search_term_string}"},"query-input":{"@type":"PropertyValueSpecification","valueRequired":true,"valueName":"search_term_string"}}],"inLanguage":"en-US"}]}},"_links":{"self":[{"href":"https:\/\/folegandros-villas.com\/fullscreen\/home\/wp-json\/wp\/v2\/pages\/3306","targetHints":{"allow":["GET"]}}],"collection":[{"href":"https:\/\/folegandros-villas.com\/fullscreen\/home\/wp-json\/wp\/v2\/pages"}],"about":[{"href":"https:\/\/folegandros-villas.com\/fullscreen\/home\/wp-json\/wp\/v2\/types\/page"}],"author":[{"embeddable":true,"href":"https:\/\/folegandros-villas.com\/fullscreen\/home\/wp-json\/wp\/v2\/users\/1"}],"replies":[{"embeddable":true,"href":"https:\/\/folegandros-villas.com\/fullscreen\/home\/wp-json\/wp\/v2\/comments?post=3306"}],"version-history":[{"count":2,"href":"https:\/\/folegandros-villas.com\/fullscreen\/home\/wp-json\/wp\/v2\/pages\/3306\/revisions"}],"predecessor-version":[{"id":3308,"href":"https:\/\/folegandros-villas.com\/fullscreen\/home\/wp-json\/wp\/v2\/pages\/3306\/revisions\/3308"}],"wp:attachment":[{"href":"https:\/\/folegandros-villas.com\/fullscreen\/home\/wp-json\/wp\/v2\/media?parent=3306"}],"curies":[{"name":"wp","href":"https:\/\/api.w.org\/{rel}","templated":true}]}}