{"id":876,"date":"2014-11-05T11:05:04","date_gmt":"2014-11-05T11:05:04","guid":{"rendered":"http:\/\/folegandros-villas.com\/?page_id=876"},"modified":"2016-12-17T22:09:25","modified_gmt":"2016-12-17T22:09:25","slug":"sul-la-proprieta","status":"publish","type":"page","link":"https:\/\/folegandros-villas.com\/fullscreen\/home\/it\/sul-la-proprieta\/","title":{"rendered":"SUL LA PROPRIETA"},"content":{"rendered":"<p>Le Ville, create nel rispetto del paesaggio e della vastit\u00e0 del mare, si trovano in una delle localit\u00e0 pi\u00f9 strategiche dell&#8217;isola. Costruite nel profondo rispetto del luogo, in conformit\u00e0 con la semplicit\u00e0 architettonica del paesaggio cicladico, offrono tutti i servizi di qualit\u00e0 di un residence bioclimatico moderno che rispetta l&#8217;ambiente e il visitatore.<\/p>\n<p>Le Ville accolgono i visitatori con il calore e l&#8217;ospitalit\u00e0 che nei secoli ha contraddistinto le isole Cicladi; esse sono costruite con i materiali utilizzati nelle tradizionali abitazioni cicladiche in cui pietre scolpite e legno castagno, unitamente a oggetti fatti a mano, rappresentano gli elementi costitutivi.<\/p>\n<p>La terra, che una volta ospitava una delle migliori vigne dell&#8217;isola grazie al microclima dovuto alla posizione, \u00e8 stata trattata con cura e, durante la costruzione delle abitazioni, \u00e8 stata prestata attenzione a non distruggere il semente e la particolare composizione del suolo. Le pietre delle vecchie terrazze naturali sono state intagliate una ad una come anticamente faceva l&#8217;intagliatore locale e in seguito riposizionate per costruire il residence. Ogni costruzione e oggetto aggiunto al sito \u00e8 in linea con l&#8217;antico modo di vivere del popolo cicladico eccezionale e generoso.<\/p>\n","protected":false},"excerpt":{"rendered":"<p>Le Ville, create nel rispetto del paesaggio e della vastit\u00e0 del mare, si trovano in una delle localit\u00e0 pi\u00f9 strategiche dell&#8217;isola. Costruite nel profondo rispetto del luogo, in conformit\u00e0 con la semplicit\u00e0 architettonica del paesaggio cicladico, offrono tutti i servizi di qualit\u00e0 di un residence bioclimatico moderno che rispetta l&#8217;ambiente e il visitatore. Le Ville accolgono i visitatori con il calore e l&#8217;ospitalit\u00e0 che nei secoli ha contraddistinto le isole Cicladi; esse sono costruite con i materiali utilizzati nelle tradizionali [&hellip;]<\/p>\n","protected":false},"author":1,"featured_media":2826,"parent":0,"menu_order":0,"comment_status":"open","ping_status":"open","template":"","meta":{"footnotes":""},"class_list":["post-876","page","type-page","status-publish","has-post-thumbnail","hentry"],"yoast_head":"<!-- This site is optimized with the Yoast SEO plugin v27.4 - https:\/\/yoast.com\/product\/yoast-seo-wordpress\/ -->\n<title>SUL LA PROPRIETA - Folegandros Villas - Cyclades Greece - Luxurious Beachfront Villas - Residences<\/title>\n<meta name=\"robots\" content=\"index, follow, max-snippet:-1, max-image-preview:large, max-video-preview:-1\" \/>\n<link rel=\"canonical\" href=\"https:\/\/folegandros-villas.com\/fullscreen\/home\/it\/sul-la-proprieta\/\" \/>\n<meta property=\"og:locale\" content=\"en_US\" \/>\n<meta property=\"og:type\" content=\"article\" \/>\n<meta property=\"og:title\" content=\"SUL LA PROPRIETA - Folegandros Villas - Cyclades Greece - Luxurious Beachfront Villas - Residences\" \/>\n<meta property=\"og:description\" content=\"Le Ville, create nel rispetto del paesaggio e della vastit\u00e0 del mare, si trovano in una delle localit\u00e0 pi\u00f9 strategiche dell&#8217;isola. Costruite nel profondo rispetto del luogo, in conformit\u00e0 con la semplicit\u00e0 architettonica del paesaggio cicladico, offrono tutti i servizi di qualit\u00e0 di un residence bioclimatico moderno che rispetta l&#8217;ambiente e il visitatore. Le Ville accolgono i visitatori con il calore e l&#8217;ospitalit\u00e0 che nei secoli ha contraddistinto le isole Cicladi; esse sono costruite con i materiali utilizzati nelle tradizionali [&hellip;]\" \/>\n<meta property=\"og:url\" content=\"https:\/\/folegandros-villas.com\/fullscreen\/home\/it\/sul-la-proprieta\/\" \/>\n<meta property=\"og:site_name\" content=\"Folegandros Villas - Cyclades Greece - Luxurious Beachfront Villas - Residences\" \/>\n<meta property=\"article:modified_time\" content=\"2016-12-17T22:09:25+00:00\" \/>\n<meta property=\"og:image\" content=\"https:\/\/folegandros-villas.com\/wp-content\/uploads\/2014\/11\/0-ABOUT-ESTATE-NEW-BACKGROUND-basicB-5LOWRES-1.jpg\" \/>\n\t<meta property=\"og:image:width\" content=\"1920\" \/>\n\t<meta property=\"og:image:height\" content=\"1080\" \/>\n\t<meta property=\"og:image:type\" content=\"image\/jpeg\" \/>\n<meta name=\"twitter:label1\" content=\"Est. reading time\" \/>\n\t<meta name=\"twitter:data1\" content=\"1 minute\" \/>\n<script type=\"application\/ld+json\" class=\"yoast-schema-graph\">{\"@context\":\"https:\\\/\\\/schema.org\",\"@graph\":[{\"@type\":\"WebPage\",\"@id\":\"https:\\\/\\\/folegandros-villas.com\\\/fullscreen\\\/home\\\/it\\\/sul-la-proprieta\\\/\",\"url\":\"https:\\\/\\\/folegandros-villas.com\\\/fullscreen\\\/home\\\/it\\\/sul-la-proprieta\\\/\",\"name\":\"SUL LA PROPRIETA - Folegandros Villas - Cyclades Greece - Luxurious Beachfront Villas - Residences\",\"isPartOf\":{\"@id\":\"https:\\\/\\\/folegandros-villas.com\\\/fullscreen\\\/home\\\/#website\"},\"primaryImageOfPage\":{\"@id\":\"https:\\\/\\\/folegandros-villas.com\\\/fullscreen\\\/home\\\/it\\\/sul-la-proprieta\\\/#primaryimage\"},\"image\":{\"@id\":\"https:\\\/\\\/folegandros-villas.com\\\/fullscreen\\\/home\\\/it\\\/sul-la-proprieta\\\/#primaryimage\"},\"thumbnailUrl\":\"https:\\\/\\\/folegandros-villas.com\\\/wp-content\\\/uploads\\\/2014\\\/11\\\/0-ABOUT-ESTATE-NEW-BACKGROUND-basicB-5LOWRES-1.jpg\",\"datePublished\":\"2014-11-05T11:05:04+00:00\",\"dateModified\":\"2016-12-17T22:09:25+00:00\",\"breadcrumb\":{\"@id\":\"https:\\\/\\\/folegandros-villas.com\\\/fullscreen\\\/home\\\/it\\\/sul-la-proprieta\\\/#breadcrumb\"},\"inLanguage\":\"en-US\",\"potentialAction\":[{\"@type\":\"ReadAction\",\"target\":[\"https:\\\/\\\/folegandros-villas.com\\\/fullscreen\\\/home\\\/it\\\/sul-la-proprieta\\\/\"]}]},{\"@type\":\"ImageObject\",\"inLanguage\":\"en-US\",\"@id\":\"https:\\\/\\\/folegandros-villas.com\\\/fullscreen\\\/home\\\/it\\\/sul-la-proprieta\\\/#primaryimage\",\"url\":\"https:\\\/\\\/folegandros-villas.com\\\/wp-content\\\/uploads\\\/2014\\\/11\\\/0-ABOUT-ESTATE-NEW-BACKGROUND-basicB-5LOWRES-1.jpg\",\"contentUrl\":\"https:\\\/\\\/folegandros-villas.com\\\/wp-content\\\/uploads\\\/2014\\\/11\\\/0-ABOUT-ESTATE-NEW-BACKGROUND-basicB-5LOWRES-1.jpg\",\"width\":1920,\"height\":1080},{\"@type\":\"BreadcrumbList\",\"@id\":\"https:\\\/\\\/folegandros-villas.com\\\/fullscreen\\\/home\\\/it\\\/sul-la-proprieta\\\/#breadcrumb\",\"itemListElement\":[{\"@type\":\"ListItem\",\"position\":1,\"name\":\"Home\",\"item\":\"https:\\\/\\\/folegandros-villas.com\\\/fullscreen\\\/home\\\/el\\\/homepage\\\/\"},{\"@type\":\"ListItem\",\"position\":2,\"name\":\"SUL LA PROPRIETA\"}]},{\"@type\":\"WebSite\",\"@id\":\"https:\\\/\\\/folegandros-villas.com\\\/fullscreen\\\/home\\\/#website\",\"url\":\"https:\\\/\\\/folegandros-villas.com\\\/fullscreen\\\/home\\\/\",\"name\":\"Folegandros Villas - Cyclades Greece - Luxurious Beachfront Villas - Residences\",\"description\":\"Folegandros Villas - Cyclades Greece - Luxurious Beachfront Villas - Residences\",\"potentialAction\":[{\"@type\":\"SearchAction\",\"target\":{\"@type\":\"EntryPoint\",\"urlTemplate\":\"https:\\\/\\\/folegandros-villas.com\\\/fullscreen\\\/home\\\/?s={search_term_string}\"},\"query-input\":{\"@type\":\"PropertyValueSpecification\",\"valueRequired\":true,\"valueName\":\"search_term_string\"}}],\"inLanguage\":\"en-US\"}]}<\/script>\n<!-- \/ Yoast SEO plugin. -->","yoast_head_json":{"title":"SUL LA PROPRIETA - Folegandros Villas - Cyclades Greece - Luxurious Beachfront Villas - Residences","robots":{"index":"index","follow":"follow","max-snippet":"max-snippet:-1","max-image-preview":"max-image-preview:large","max-video-preview":"max-video-preview:-1"},"canonical":"https:\/\/folegandros-villas.com\/fullscreen\/home\/it\/sul-la-proprieta\/","og_locale":"en_US","og_type":"article","og_title":"SUL LA PROPRIETA - Folegandros Villas - Cyclades Greece - Luxurious Beachfront Villas - Residences","og_description":"Le Ville, create nel rispetto del paesaggio e della vastit\u00e0 del mare, si trovano in una delle localit\u00e0 pi\u00f9 strategiche dell&#8217;isola. Costruite nel profondo rispetto del luogo, in conformit\u00e0 con la semplicit\u00e0 architettonica del paesaggio cicladico, offrono tutti i servizi di qualit\u00e0 di un residence bioclimatico moderno che rispetta l&#8217;ambiente e il visitatore. Le Ville accolgono i visitatori con il calore e l&#8217;ospitalit\u00e0 che nei secoli ha contraddistinto le isole Cicladi; esse sono costruite con i materiali utilizzati nelle tradizionali [&hellip;]","og_url":"https:\/\/folegandros-villas.com\/fullscreen\/home\/it\/sul-la-proprieta\/","og_site_name":"Folegandros Villas - Cyclades Greece - Luxurious Beachfront Villas - Residences","article_modified_time":"2016-12-17T22:09:25+00:00","og_image":[{"width":1920,"height":1080,"url":"https:\/\/folegandros-villas.com\/wp-content\/uploads\/2014\/11\/0-ABOUT-ESTATE-NEW-BACKGROUND-basicB-5LOWRES-1.jpg","type":"image\/jpeg"}],"twitter_misc":{"Est. reading time":"1 minute"},"schema":{"@context":"https:\/\/schema.org","@graph":[{"@type":"WebPage","@id":"https:\/\/folegandros-villas.com\/fullscreen\/home\/it\/sul-la-proprieta\/","url":"https:\/\/folegandros-villas.com\/fullscreen\/home\/it\/sul-la-proprieta\/","name":"SUL LA PROPRIETA - Folegandros Villas - Cyclades Greece - Luxurious Beachfront Villas - Residences","isPartOf":{"@id":"https:\/\/folegandros-villas.com\/fullscreen\/home\/#website"},"primaryImageOfPage":{"@id":"https:\/\/folegandros-villas.com\/fullscreen\/home\/it\/sul-la-proprieta\/#primaryimage"},"image":{"@id":"https:\/\/folegandros-villas.com\/fullscreen\/home\/it\/sul-la-proprieta\/#primaryimage"},"thumbnailUrl":"https:\/\/folegandros-villas.com\/wp-content\/uploads\/2014\/11\/0-ABOUT-ESTATE-NEW-BACKGROUND-basicB-5LOWRES-1.jpg","datePublished":"2014-11-05T11:05:04+00:00","dateModified":"2016-12-17T22:09:25+00:00","breadcrumb":{"@id":"https:\/\/folegandros-villas.com\/fullscreen\/home\/it\/sul-la-proprieta\/#breadcrumb"},"inLanguage":"en-US","potentialAction":[{"@type":"ReadAction","target":["https:\/\/folegandros-villas.com\/fullscreen\/home\/it\/sul-la-proprieta\/"]}]},{"@type":"ImageObject","inLanguage":"en-US","@id":"https:\/\/folegandros-villas.com\/fullscreen\/home\/it\/sul-la-proprieta\/#primaryimage","url":"https:\/\/folegandros-villas.com\/wp-content\/uploads\/2014\/11\/0-ABOUT-ESTATE-NEW-BACKGROUND-basicB-5LOWRES-1.jpg","contentUrl":"https:\/\/folegandros-villas.com\/wp-content\/uploads\/2014\/11\/0-ABOUT-ESTATE-NEW-BACKGROUND-basicB-5LOWRES-1.jpg","width":1920,"height":1080},{"@type":"BreadcrumbList","@id":"https:\/\/folegandros-villas.com\/fullscreen\/home\/it\/sul-la-proprieta\/#breadcrumb","itemListElement":[{"@type":"ListItem","position":1,"name":"Home","item":"https:\/\/folegandros-villas.com\/fullscreen\/home\/el\/homepage\/"},{"@type":"ListItem","position":2,"name":"SUL LA PROPRIETA"}]},{"@type":"WebSite","@id":"https:\/\/folegandros-villas.com\/fullscreen\/home\/#website","url":"https:\/\/folegandros-villas.com\/fullscreen\/home\/","name":"Folegandros Villas - Cyclades Greece - Luxurious Beachfront Villas - Residences","description":"Folegandros Villas - Cyclades Greece - Luxurious Beachfront Villas - Residences","potentialAction":[{"@type":"SearchAction","target":{"@type":"EntryPoint","urlTemplate":"https:\/\/folegandros-villas.com\/fullscreen\/home\/?s={search_term_string}"},"query-input":{"@type":"PropertyValueSpecification","valueRequired":true,"valueName":"search_term_string"}}],"inLanguage":"en-US"}]}},"_links":{"self":[{"href":"https:\/\/folegandros-villas.com\/fullscreen\/home\/wp-json\/wp\/v2\/pages\/876","targetHints":{"allow":["GET"]}}],"collection":[{"href":"https:\/\/folegandros-villas.com\/fullscreen\/home\/wp-json\/wp\/v2\/pages"}],"about":[{"href":"https:\/\/folegandros-villas.com\/fullscreen\/home\/wp-json\/wp\/v2\/types\/page"}],"author":[{"embeddable":true,"href":"https:\/\/folegandros-villas.com\/fullscreen\/home\/wp-json\/wp\/v2\/users\/1"}],"replies":[{"embeddable":true,"href":"https:\/\/folegandros-villas.com\/fullscreen\/home\/wp-json\/wp\/v2\/comments?post=876"}],"version-history":[{"count":2,"href":"https:\/\/folegandros-villas.com\/fullscreen\/home\/wp-json\/wp\/v2\/pages\/876\/revisions"}],"predecessor-version":[{"id":1345,"href":"https:\/\/folegandros-villas.com\/fullscreen\/home\/wp-json\/wp\/v2\/pages\/876\/revisions\/1345"}],"wp:featuredmedia":[{"embeddable":true,"href":"https:\/\/folegandros-villas.com\/fullscreen\/home\/wp-json\/wp\/v2\/media\/2826"}],"wp:attachment":[{"href":"https:\/\/folegandros-villas.com\/fullscreen\/home\/wp-json\/wp\/v2\/media?parent=876"}],"curies":[{"name":"wp","href":"https:\/\/api.w.org\/{rel}","templated":true}]}}