{"id":942,"date":"2014-11-05T14:30:06","date_gmt":"2014-11-05T14:30:06","guid":{"rendered":"http:\/\/folegandros-villas.com\/?page_id=942"},"modified":"2015-04-07T14:20:34","modified_gmt":"2015-04-07T14:20:34","slug":"free-diving-uw-photography-3","status":"publish","type":"page","link":"https:\/\/folegandros-villas.com\/fullscreen\/home\/it\/free-diving-uw-photography-3\/","title":{"rendered":"FREE DIVING &#038; U\/W  PHOTOGRAPHY"},"content":{"rendered":"<p>Un&#8217;esperienza che unisce l&#8217;esplorazione, il divertimento e l\u2019arte. Fidatevi di noi per esplorare il mondo sottomarino di Folegandros, Vi aiuteremo fotografare e portare a casa immagini magiche. In collaborazione con la societ\u00e0 di documentari subacquei UNDERWATERXPERTS, e con il diving center SEA U, visiteremo splendide zone costiere dell&#8217;isola, dove con l&#8217;attrezzatura adeguata (maschera, boccaglio, pinne e muta) e la fotocamera dedicata, si potr\u00e0 ammirare il fondale, far riprese e fotografare il mondo subacqueo, sempre sotto la supervisione dell\u2019istruttore \u00a0PADI.<\/p>\n<p>Prerequisiti: Per la partecipazione al programma non \u00e8 necessaria esperienza precedente. \u00c8 adatto a tutte le et\u00e0.<\/p>\n<p>Per informazioni e prenotazioni, si prega di contattarci al +30 694 2688311 o +30 0 41 598 2286 \u00a0alternativamente si prega di utilizzare il modulo di contatto<\/p>\n","protected":false},"excerpt":{"rendered":"<p>Un&#8217;esperienza che unisce l&#8217;esplorazione, il divertimento e l\u2019arte. Fidatevi di noi per esplorare il mondo sottomarino di Folegandros, Vi aiuteremo fotografare e portare a casa immagini magiche. In collaborazione con la societ\u00e0 di documentari subacquei UNDERWATERXPERTS, e con il diving center SEA U, visiteremo splendide zone costiere dell&#8217;isola, dove con l&#8217;attrezzatura adeguata (maschera, boccaglio, pinne e muta) e la fotocamera dedicata, si potr\u00e0 ammirare il fondale, far riprese e fotografare il mondo subacqueo, sempre sotto la supervisione dell\u2019istruttore \u00a0PADI. Prerequisiti: [&hellip;]<\/p>\n","protected":false},"author":1,"featured_media":0,"parent":0,"menu_order":0,"comment_status":"open","ping_status":"open","template":"","meta":{"footnotes":""},"class_list":["post-942","page","type-page","status-publish","hentry"],"yoast_head":"<!-- This site is optimized with the Yoast SEO plugin v27.4 - https:\/\/yoast.com\/product\/yoast-seo-wordpress\/ -->\n<title>FREE DIVING &amp; U\/W PHOTOGRAPHY - Folegandros Villas - Cyclades Greece - Luxurious Beachfront Villas - Residences<\/title>\n<meta name=\"robots\" content=\"index, follow, max-snippet:-1, max-image-preview:large, max-video-preview:-1\" \/>\n<link rel=\"canonical\" href=\"https:\/\/folegandros-villas.com\/fullscreen\/home\/it\/free-diving-uw-photography-3\/\" \/>\n<meta property=\"og:locale\" content=\"en_US\" \/>\n<meta property=\"og:type\" content=\"article\" \/>\n<meta property=\"og:title\" content=\"FREE DIVING &amp; U\/W PHOTOGRAPHY - Folegandros Villas - Cyclades Greece - Luxurious Beachfront Villas - Residences\" \/>\n<meta property=\"og:description\" content=\"Un&#8217;esperienza che unisce l&#8217;esplorazione, il divertimento e l\u2019arte. Fidatevi di noi per esplorare il mondo sottomarino di Folegandros, Vi aiuteremo fotografare e portare a casa immagini magiche. In collaborazione con la societ\u00e0 di documentari subacquei UNDERWATERXPERTS, e con il diving center SEA U, visiteremo splendide zone costiere dell&#8217;isola, dove con l&#8217;attrezzatura adeguata (maschera, boccaglio, pinne e muta) e la fotocamera dedicata, si potr\u00e0 ammirare il fondale, far riprese e fotografare il mondo subacqueo, sempre sotto la supervisione dell\u2019istruttore \u00a0PADI. Prerequisiti: [&hellip;]\" \/>\n<meta property=\"og:url\" content=\"https:\/\/folegandros-villas.com\/fullscreen\/home\/it\/free-diving-uw-photography-3\/\" \/>\n<meta property=\"og:site_name\" content=\"Folegandros Villas - Cyclades Greece - Luxurious Beachfront Villas - Residences\" \/>\n<meta property=\"article:modified_time\" content=\"2015-04-07T14:20:34+00:00\" \/>\n<meta name=\"twitter:label1\" content=\"Est. reading time\" \/>\n\t<meta name=\"twitter:data1\" content=\"1 minute\" \/>\n<script type=\"application\/ld+json\" class=\"yoast-schema-graph\">{\"@context\":\"https:\\\/\\\/schema.org\",\"@graph\":[{\"@type\":\"WebPage\",\"@id\":\"https:\\\/\\\/folegandros-villas.com\\\/fullscreen\\\/home\\\/it\\\/free-diving-uw-photography-3\\\/\",\"url\":\"https:\\\/\\\/folegandros-villas.com\\\/fullscreen\\\/home\\\/it\\\/free-diving-uw-photography-3\\\/\",\"name\":\"FREE DIVING & U\\\/W PHOTOGRAPHY - Folegandros Villas - Cyclades Greece - Luxurious Beachfront Villas - Residences\",\"isPartOf\":{\"@id\":\"https:\\\/\\\/folegandros-villas.com\\\/fullscreen\\\/home\\\/#website\"},\"datePublished\":\"2014-11-05T14:30:06+00:00\",\"dateModified\":\"2015-04-07T14:20:34+00:00\",\"breadcrumb\":{\"@id\":\"https:\\\/\\\/folegandros-villas.com\\\/fullscreen\\\/home\\\/it\\\/free-diving-uw-photography-3\\\/#breadcrumb\"},\"inLanguage\":\"en-US\",\"potentialAction\":[{\"@type\":\"ReadAction\",\"target\":[\"https:\\\/\\\/folegandros-villas.com\\\/fullscreen\\\/home\\\/it\\\/free-diving-uw-photography-3\\\/\"]}]},{\"@type\":\"BreadcrumbList\",\"@id\":\"https:\\\/\\\/folegandros-villas.com\\\/fullscreen\\\/home\\\/it\\\/free-diving-uw-photography-3\\\/#breadcrumb\",\"itemListElement\":[{\"@type\":\"ListItem\",\"position\":1,\"name\":\"Home\",\"item\":\"https:\\\/\\\/folegandros-villas.com\\\/fullscreen\\\/home\\\/el\\\/homepage\\\/\"},{\"@type\":\"ListItem\",\"position\":2,\"name\":\"FREE DIVING &#038; U\\\/W PHOTOGRAPHY\"}]},{\"@type\":\"WebSite\",\"@id\":\"https:\\\/\\\/folegandros-villas.com\\\/fullscreen\\\/home\\\/#website\",\"url\":\"https:\\\/\\\/folegandros-villas.com\\\/fullscreen\\\/home\\\/\",\"name\":\"Folegandros Villas - Cyclades Greece - Luxurious Beachfront Villas - Residences\",\"description\":\"Folegandros Villas - Cyclades Greece - Luxurious Beachfront Villas - Residences\",\"potentialAction\":[{\"@type\":\"SearchAction\",\"target\":{\"@type\":\"EntryPoint\",\"urlTemplate\":\"https:\\\/\\\/folegandros-villas.com\\\/fullscreen\\\/home\\\/?s={search_term_string}\"},\"query-input\":{\"@type\":\"PropertyValueSpecification\",\"valueRequired\":true,\"valueName\":\"search_term_string\"}}],\"inLanguage\":\"en-US\"}]}<\/script>\n<!-- \/ Yoast SEO plugin. -->","yoast_head_json":{"title":"FREE DIVING & U\/W PHOTOGRAPHY - Folegandros Villas - Cyclades Greece - Luxurious Beachfront Villas - Residences","robots":{"index":"index","follow":"follow","max-snippet":"max-snippet:-1","max-image-preview":"max-image-preview:large","max-video-preview":"max-video-preview:-1"},"canonical":"https:\/\/folegandros-villas.com\/fullscreen\/home\/it\/free-diving-uw-photography-3\/","og_locale":"en_US","og_type":"article","og_title":"FREE DIVING & U\/W PHOTOGRAPHY - Folegandros Villas - Cyclades Greece - Luxurious Beachfront Villas - Residences","og_description":"Un&#8217;esperienza che unisce l&#8217;esplorazione, il divertimento e l\u2019arte. Fidatevi di noi per esplorare il mondo sottomarino di Folegandros, Vi aiuteremo fotografare e portare a casa immagini magiche. In collaborazione con la societ\u00e0 di documentari subacquei UNDERWATERXPERTS, e con il diving center SEA U, visiteremo splendide zone costiere dell&#8217;isola, dove con l&#8217;attrezzatura adeguata (maschera, boccaglio, pinne e muta) e la fotocamera dedicata, si potr\u00e0 ammirare il fondale, far riprese e fotografare il mondo subacqueo, sempre sotto la supervisione dell\u2019istruttore \u00a0PADI. Prerequisiti: [&hellip;]","og_url":"https:\/\/folegandros-villas.com\/fullscreen\/home\/it\/free-diving-uw-photography-3\/","og_site_name":"Folegandros Villas - Cyclades Greece - Luxurious Beachfront Villas - Residences","article_modified_time":"2015-04-07T14:20:34+00:00","twitter_misc":{"Est. reading time":"1 minute"},"schema":{"@context":"https:\/\/schema.org","@graph":[{"@type":"WebPage","@id":"https:\/\/folegandros-villas.com\/fullscreen\/home\/it\/free-diving-uw-photography-3\/","url":"https:\/\/folegandros-villas.com\/fullscreen\/home\/it\/free-diving-uw-photography-3\/","name":"FREE DIVING & U\/W PHOTOGRAPHY - Folegandros Villas - Cyclades Greece - Luxurious Beachfront Villas - Residences","isPartOf":{"@id":"https:\/\/folegandros-villas.com\/fullscreen\/home\/#website"},"datePublished":"2014-11-05T14:30:06+00:00","dateModified":"2015-04-07T14:20:34+00:00","breadcrumb":{"@id":"https:\/\/folegandros-villas.com\/fullscreen\/home\/it\/free-diving-uw-photography-3\/#breadcrumb"},"inLanguage":"en-US","potentialAction":[{"@type":"ReadAction","target":["https:\/\/folegandros-villas.com\/fullscreen\/home\/it\/free-diving-uw-photography-3\/"]}]},{"@type":"BreadcrumbList","@id":"https:\/\/folegandros-villas.com\/fullscreen\/home\/it\/free-diving-uw-photography-3\/#breadcrumb","itemListElement":[{"@type":"ListItem","position":1,"name":"Home","item":"https:\/\/folegandros-villas.com\/fullscreen\/home\/el\/homepage\/"},{"@type":"ListItem","position":2,"name":"FREE DIVING &#038; U\/W PHOTOGRAPHY"}]},{"@type":"WebSite","@id":"https:\/\/folegandros-villas.com\/fullscreen\/home\/#website","url":"https:\/\/folegandros-villas.com\/fullscreen\/home\/","name":"Folegandros Villas - Cyclades Greece - Luxurious Beachfront Villas - Residences","description":"Folegandros Villas - Cyclades Greece - Luxurious Beachfront Villas - Residences","potentialAction":[{"@type":"SearchAction","target":{"@type":"EntryPoint","urlTemplate":"https:\/\/folegandros-villas.com\/fullscreen\/home\/?s={search_term_string}"},"query-input":{"@type":"PropertyValueSpecification","valueRequired":true,"valueName":"search_term_string"}}],"inLanguage":"en-US"}]}},"_links":{"self":[{"href":"https:\/\/folegandros-villas.com\/fullscreen\/home\/wp-json\/wp\/v2\/pages\/942","targetHints":{"allow":["GET"]}}],"collection":[{"href":"https:\/\/folegandros-villas.com\/fullscreen\/home\/wp-json\/wp\/v2\/pages"}],"about":[{"href":"https:\/\/folegandros-villas.com\/fullscreen\/home\/wp-json\/wp\/v2\/types\/page"}],"author":[{"embeddable":true,"href":"https:\/\/folegandros-villas.com\/fullscreen\/home\/wp-json\/wp\/v2\/users\/1"}],"replies":[{"embeddable":true,"href":"https:\/\/folegandros-villas.com\/fullscreen\/home\/wp-json\/wp\/v2\/comments?post=942"}],"version-history":[{"count":6,"href":"https:\/\/folegandros-villas.com\/fullscreen\/home\/wp-json\/wp\/v2\/pages\/942\/revisions"}],"predecessor-version":[{"id":1733,"href":"https:\/\/folegandros-villas.com\/fullscreen\/home\/wp-json\/wp\/v2\/pages\/942\/revisions\/1733"}],"wp:attachment":[{"href":"https:\/\/folegandros-villas.com\/fullscreen\/home\/wp-json\/wp\/v2\/media?parent=942"}],"curies":[{"name":"wp","href":"https:\/\/api.w.org\/{rel}","templated":true}]}}